{"id":77870,"date":"2020-02-26T10:56:36","date_gmt":"2020-02-26T10:56:36","guid":{"rendered":"https:\/\/sileu.com\/cambiar-talla-copa-sileu\/"},"modified":"2020-09-03T14:06:41","modified_gmt":"2020-09-03T14:06:41","slug":"changer-la-taille-du-bonnet-sileu","status":"publish","type":"page","link":"https:\/\/sileu.com\/fr\/changer-la-taille-du-bonnet-sileu\/","title":{"rendered":"Je souhaite modifier la taille de ma coupe menstruelle Sileu"},"content":{"rendered":"\t\t<div data-elementor-type=\"wp-page\" data-elementor-id=\"77870\" class=\"elementor elementor-77870 elementor-18682\" data-elementor-post-type=\"page\">\n\t\t\t\t\t\t<section class=\"elementor-section elementor-top-section elementor-element elementor-element-7a1a27c elementor-section-boxed elementor-section-height-default elementor-section-height-default\" data-id=\"7a1a27c\" data-element_type=\"section\" data-settings=\"{&quot;background_background&quot;:&quot;classic&quot;}\">\n\t\t\t\t\t\t<div class=\"elementor-container elementor-column-gap-default\">\n\t\t\t\t\t<div class=\"elementor-column elementor-col-100 elementor-top-column elementor-element elementor-element-c7e5354\" data-id=\"c7e5354\" data-element_type=\"column\">\n\t\t\t<div class=\"elementor-widget-wrap elementor-element-populated\">\n\t\t\t\t\t\t<div class=\"elementor-element elementor-element-981e5a2 elementor-widget elementor-widget-heading\" data-id=\"981e5a2\" data-element_type=\"widget\" data-widget_type=\"heading.default\">\n\t\t\t\t<div class=\"elementor-widget-container\">\n\t\t\t\t\t<h2 class=\"elementor-heading-title elementor-size-default\">Je souhaite modifier la taille de ma coupe menstruelle Sileu<\/h2>\t\t\t\t<\/div>\n\t\t\t\t<\/div>\n\t\t\t\t\t<\/div>\n\t\t<\/div>\n\t\t\t\t\t<\/div>\n\t\t<\/section>\n\t\t\t\t<section class=\"elementor-section elementor-top-section elementor-element elementor-element-e038538 elementor-section-boxed elementor-section-height-default elementor-section-height-default\" data-id=\"e038538\" data-element_type=\"section\">\n\t\t\t\t\t\t<div class=\"elementor-container elementor-column-gap-default\">\n\t\t\t\t\t<div class=\"elementor-column elementor-col-100 elementor-top-column elementor-element elementor-element-30fe0c9\" data-id=\"30fe0c9\" data-element_type=\"column\">\n\t\t\t<div class=\"elementor-widget-wrap elementor-element-populated\">\n\t\t\t\t\t\t<div class=\"elementor-element elementor-element-840a08a elementor-widget elementor-widget-text-editor\" data-id=\"840a08a\" data-element_type=\"widget\" data-widget_type=\"text-editor.default\">\n\t\t\t\t<div class=\"elementor-widget-container\">\n\t\t\t\t\t\t\t\t\t<p>Si vous avez achet\u00e9 votre coupe menstruelle Sileu via notre site Web, sur <strong>Amazon, sur eBay, Carrefour ou des magasins physiques tels que les pharmacies ou les centres El Corte Ingl\u00e9s<\/strong>, vous l&#8217;avez utilis\u00e9e pendant au moins 3 ou 4 cycles menstruels et rencontrez les probl\u00e8mes suivants:<\/p><ul><li>Fuites ou taches<\/li><li>La coupe menstruelle bouge, tourne ou sort<\/li><li>\u00c7a fait mal quand on le met, l&#8217;enl\u00e8ve ou le porte<\/li><li>Lorsque vous faites du sport, vous ressentez de l&#8217;inconfort ou des fuites<\/li><\/ul><p>\u00a0<\/p><p>Il se peut que la taille choisie ne vous convienne pas le mieux. Pour cette raison, chez Sileu nous vous offrons la possibilit\u00e9 de changer votre taille de coupe menstruelle sans frais suppl\u00e9mentaires, vous n&#8217;avez qu&#8217;\u00e0 supporter les frais d&#8217;exp\u00e9dition de votre coupe menstruelle \u00e0 notre adresse.<\/p>\t\t\t\t\t\t\t\t<\/div>\n\t\t\t\t<\/div>\n\t\t\t\t<div class=\"elementor-element elementor-element-08ab017 elementor-widget elementor-widget-accordion\" data-id=\"08ab017\" data-element_type=\"widget\" data-widget_type=\"accordion.default\">\n\t\t\t\t<div class=\"elementor-widget-container\">\n\t\t\t\t\t\t\t<div class=\"elementor-accordion\">\n\t\t\t\t\t\t\t<div class=\"elementor-accordion-item\">\n\t\t\t\t\t<div id=\"elementor-tab-title-9081\" class=\"elementor-tab-title\" data-tab=\"1\" role=\"button\" aria-controls=\"elementor-tab-content-9081\" aria-expanded=\"false\">\n\t\t\t\t\t\t\t\t\t\t\t\t\t<span class=\"elementor-accordion-icon elementor-accordion-icon-right\" aria-hidden=\"true\">\n\t\t\t\t\t\t\t\t\t\t\t\t\t\t\t<span class=\"elementor-accordion-icon-closed\"><i class=\"fas fa-plus\"><\/i><\/span>\n\t\t\t\t\t\t\t\t<span class=\"elementor-accordion-icon-opened\"><i class=\"fas fa-minus\"><\/i><\/span>\n\t\t\t\t\t\t\t\t\t\t\t\t\t\t<\/span>\n\t\t\t\t\t\t\t\t\t\t\t\t<a class=\"elementor-accordion-title\" tabindex=\"0\">Combien de temps dois-je porter la coupe menstruelle avant de pouvoir demander un changement de taille?<\/a>\n\t\t\t\t\t<\/div>\n\t\t\t\t\t<div id=\"elementor-tab-content-9081\" class=\"elementor-tab-content elementor-clearfix\" data-tab=\"1\" role=\"region\" aria-labelledby=\"elementor-tab-title-9081\"><p>Nous vous recommandons de l&#8217;utiliser au moins <strong>3-4 cycles menstruels<\/strong>, car ils ont une petite courbe d&#8217;apprentissage lors de la mise en place et du retrait correctement qui doit \u00eatre surmont\u00e9e correctement pour \u00eatre s\u00fbr qu&#8217;il s&#8217;agit vraiment d&#8217;un probl\u00e8me en raison de la taille du tasse et non li\u00e9e \u00e0 un placement incorrect de la tasse.<\/p><\/div>\n\t\t\t\t<\/div>\n\t\t\t\t\t\t\t<div class=\"elementor-accordion-item\">\n\t\t\t\t\t<div id=\"elementor-tab-title-9082\" class=\"elementor-tab-title\" data-tab=\"2\" role=\"button\" aria-controls=\"elementor-tab-content-9082\" aria-expanded=\"false\">\n\t\t\t\t\t\t\t\t\t\t\t\t\t<span class=\"elementor-accordion-icon elementor-accordion-icon-right\" aria-hidden=\"true\">\n\t\t\t\t\t\t\t\t\t\t\t\t\t\t\t<span class=\"elementor-accordion-icon-closed\"><i class=\"fas fa-plus\"><\/i><\/span>\n\t\t\t\t\t\t\t\t<span class=\"elementor-accordion-icon-opened\"><i class=\"fas fa-minus\"><\/i><\/span>\n\t\t\t\t\t\t\t\t\t\t\t\t\t\t<\/span>\n\t\t\t\t\t\t\t\t\t\t\t\t<a class=\"elementor-accordion-title\" tabindex=\"0\">Quel est le temps maximum dont je dispose pour demander un changement de taille?<\/a>\n\t\t\t\t\t<\/div>\n\t\t\t\t\t<div id=\"elementor-tab-content-9082\" class=\"elementor-tab-content elementor-clearfix\" data-tab=\"2\" role=\"region\" aria-labelledby=\"elementor-tab-title-9082\"><p>Vous pouvez demander un changement de taille jusqu&#8217;\u00e0 un <strong>maximum de 6 mois<\/strong> apr\u00e8s la date d&#8217;achat. Apr\u00e8s <strong>6 mois,<\/strong> il ne sera plus possible d&#8217;opter pour un changement de taille.<\/p><\/div>\n\t\t\t\t<\/div>\n\t\t\t\t\t\t\t<div class=\"elementor-accordion-item\">\n\t\t\t\t\t<div id=\"elementor-tab-title-9083\" class=\"elementor-tab-title\" data-tab=\"3\" role=\"button\" aria-controls=\"elementor-tab-content-9083\" aria-expanded=\"false\">\n\t\t\t\t\t\t\t\t\t\t\t\t\t<span class=\"elementor-accordion-icon elementor-accordion-icon-right\" aria-hidden=\"true\">\n\t\t\t\t\t\t\t\t\t\t\t\t\t\t\t<span class=\"elementor-accordion-icon-closed\"><i class=\"fas fa-plus\"><\/i><\/span>\n\t\t\t\t\t\t\t\t<span class=\"elementor-accordion-icon-opened\"><i class=\"fas fa-minus\"><\/i><\/span>\n\t\t\t\t\t\t\t\t\t\t\t\t\t\t<\/span>\n\t\t\t\t\t\t\t\t\t\t\t\t<a class=\"elementor-accordion-title\" tabindex=\"0\">Quel est le programme de changement de taille de Sileu?<\/a>\n\t\t\t\t\t<\/div>\n\t\t\t\t\t<div id=\"elementor-tab-content-9083\" class=\"elementor-tab-content elementor-clearfix\" data-tab=\"3\" role=\"region\" aria-labelledby=\"elementor-tab-title-9083\"><p>Une fois que vous \u00eates s\u00fbr que vous avez vraiment besoin de changer la taille de votre verre, il vous suffit de remplir le formulaire que nous vous pr\u00e9sentons ci-dessous sur cette page. Vous recevrez un email de confirmation automatique. Si vous avez achet\u00e9 votre verre dans un magasin physique, vous devez joindre votre re\u00e7u ou facture num\u00e9ris\u00e9 et lisible en r\u00e9ponse \u00e0 l&#8217;e-mail.<\/p><p>Lorsque nous v\u00e9rifierons les informations, nous vous contacterons par e-mail pour vous indiquer o\u00f9 retourner votre ancien verre, gardez \u00e0 l&#8217;esprit que les frais de port pour ce retour sont \u00e0 votre charge. Si vous n&#8217;avez pas re\u00e7u d&#8217;e-mail de notre part, veuillez v\u00e9rifier le r\u00e9pertoire de spam ou de courrier ind\u00e9sirable de votre e-mail, car vous pouvez y recevoir notre message. Nous r\u00e9pondons \u00e0 toutes les demandes dans les <strong>24 \u00e0 48 heures ouvrables,<\/strong> samedi, dimanche et jours f\u00e9ri\u00e9s exclus.<\/p><p>Une fois que nous aurons re\u00e7u votre coupe menstruelle retourn\u00e9e \u00e0 notre bureau, nous vous enverrons la nouvelle coupe \u00e0 l&#8217;adresse que vous avez fournie. Cet envoi prend normalement environ <strong>15 jours ouvrables<\/strong> pour \u00eatre livr\u00e9 une fois exp\u00e9di\u00e9.<\/p><\/div>\n\t\t\t\t<\/div>\n\t\t\t\t\t\t\t<div class=\"elementor-accordion-item\">\n\t\t\t\t\t<div id=\"elementor-tab-title-9084\" class=\"elementor-tab-title\" data-tab=\"4\" role=\"button\" aria-controls=\"elementor-tab-content-9084\" aria-expanded=\"false\">\n\t\t\t\t\t\t\t\t\t\t\t\t\t<span class=\"elementor-accordion-icon elementor-accordion-icon-right\" aria-hidden=\"true\">\n\t\t\t\t\t\t\t\t\t\t\t\t\t\t\t<span class=\"elementor-accordion-icon-closed\"><i class=\"fas fa-plus\"><\/i><\/span>\n\t\t\t\t\t\t\t\t<span class=\"elementor-accordion-icon-opened\"><i class=\"fas fa-minus\"><\/i><\/span>\n\t\t\t\t\t\t\t\t\t\t\t\t\t\t<\/span>\n\t\t\t\t\t\t\t\t\t\t\t\t<a class=\"elementor-accordion-title\" tabindex=\"0\">Lorsque je retourne la coupe menstruelle, si je l'ai achet\u00e9e dans un pack avec plus d'accessoires, dois-je retourner tout ou juste la coupe menstruelle?<\/a>\n\t\t\t\t\t<\/div>\n\t\t\t\t\t<div id=\"elementor-tab-content-9084\" class=\"elementor-tab-content elementor-clearfix\" data-tab=\"4\" role=\"region\" aria-labelledby=\"elementor-tab-title-9084\"><p>Vous devez retourner uniquement et exclusivement la coupe menstruelle, rien de plus, bien emball\u00e9e dans son sac en <strong>PLA biod\u00e9gradable<\/strong> o\u00f9 vous l&#8217;avez re\u00e7ue ou dans tout autre emballage qui vous convient. Pour des raisons d&#8217;hygi\u00e8ne, n&#8217;envoyez pas la coupe menstruelle non emball\u00e9e, car votre changement de taille ne sera pas trait\u00e9.<\/p><\/div>\n\t\t\t\t<\/div>\n\t\t\t\t\t\t\t<div class=\"elementor-accordion-item\">\n\t\t\t\t\t<div id=\"elementor-tab-title-9085\" class=\"elementor-tab-title\" data-tab=\"5\" role=\"button\" aria-controls=\"elementor-tab-content-9085\" aria-expanded=\"false\">\n\t\t\t\t\t\t\t\t\t\t\t\t\t<span class=\"elementor-accordion-icon elementor-accordion-icon-right\" aria-hidden=\"true\">\n\t\t\t\t\t\t\t\t\t\t\t\t\t\t\t<span class=\"elementor-accordion-icon-closed\"><i class=\"fas fa-plus\"><\/i><\/span>\n\t\t\t\t\t\t\t\t<span class=\"elementor-accordion-icon-opened\"><i class=\"fas fa-minus\"><\/i><\/span>\n\t\t\t\t\t\t\t\t\t\t\t\t\t\t<\/span>\n\t\t\t\t\t\t\t\t\t\t\t\t<a class=\"elementor-accordion-title\" tabindex=\"0\">Si j'ai d\u00e9j\u00e0 chang\u00e9 la taille de la coupe menstruelle et que je le regrette car je pense que la taille pr\u00e9c\u00e9dente \u00e9tait meilleure pour moi, ou si je veux r\u00e9cup\u00e9rer mon ancienne coupe, est-il possible de changer \u00e0 nouveau la nouvelle coupe?<\/a>\n\t\t\t\t\t<\/div>\n\t\t\t\t\t<div id=\"elementor-tab-content-9085\" class=\"elementor-tab-content elementor-clearfix\" data-tab=\"5\" role=\"region\" aria-labelledby=\"elementor-tab-title-9085\"><p>Non, une fois que le changement de taille a \u00e9t\u00e9 demand\u00e9, il est impossible de faire un nouveau changement de taille ou de r\u00e9cup\u00e9rer l&#8217;ancienne tasse, alors s&#8217;il vous pla\u00eet, nous vous demandons d&#8217;\u00eatre s\u00fbr que vous voulez vraiment changer la taille de la tasse.<\/p><\/div>\n\t\t\t\t<\/div>\n\t\t\t\t\t\t\t<div class=\"elementor-accordion-item\">\n\t\t\t\t\t<div id=\"elementor-tab-title-9086\" class=\"elementor-tab-title\" data-tab=\"6\" role=\"button\" aria-controls=\"elementor-tab-content-9086\" aria-expanded=\"false\">\n\t\t\t\t\t\t\t\t\t\t\t\t\t<span class=\"elementor-accordion-icon elementor-accordion-icon-right\" aria-hidden=\"true\">\n\t\t\t\t\t\t\t\t\t\t\t\t\t\t\t<span class=\"elementor-accordion-icon-closed\"><i class=\"fas fa-plus\"><\/i><\/span>\n\t\t\t\t\t\t\t\t<span class=\"elementor-accordion-icon-opened\"><i class=\"fas fa-minus\"><\/i><\/span>\n\t\t\t\t\t\t\t\t\t\t\t\t\t\t<\/span>\n\t\t\t\t\t\t\t\t\t\t\t\t<a class=\"elementor-accordion-title\" tabindex=\"0\">Si ma coupe menstruelle s'est cass\u00e9e \u00e0 la base ou si la tige s'est cass\u00e9e, puis-je recevoir une coupe menstruelle de remplacement?<\/a>\n\t\t\t\t\t<\/div>\n\t\t\t\t\t<div id=\"elementor-tab-content-9086\" class=\"elementor-tab-content elementor-clearfix\" data-tab=\"6\" role=\"region\" aria-labelledby=\"elementor-tab-title-9086\"><p>Non, car les cassures \u00e0 la base de la cupule ou de la tige sont exclusivement dues \u00e0 une mauvaise manipulation de la cupule lors de sa mise en place ou de son retrait, par exemple en la pin\u00e7ant avec vos ongles plut\u00f4t qu&#8217;avec le bout des doigts.<\/p><\/div>\n\t\t\t\t<\/div>\n\t\t\t\t\t\t\t<div class=\"elementor-accordion-item\">\n\t\t\t\t\t<div id=\"elementor-tab-title-9087\" class=\"elementor-tab-title\" data-tab=\"7\" role=\"button\" aria-controls=\"elementor-tab-content-9087\" aria-expanded=\"false\">\n\t\t\t\t\t\t\t\t\t\t\t\t\t<span class=\"elementor-accordion-icon elementor-accordion-icon-right\" aria-hidden=\"true\">\n\t\t\t\t\t\t\t\t\t\t\t\t\t\t\t<span class=\"elementor-accordion-icon-closed\"><i class=\"fas fa-plus\"><\/i><\/span>\n\t\t\t\t\t\t\t\t<span class=\"elementor-accordion-icon-opened\"><i class=\"fas fa-minus\"><\/i><\/span>\n\t\t\t\t\t\t\t\t\t\t\t\t\t\t<\/span>\n\t\t\t\t\t\t\t\t\t\t\t\t<a class=\"elementor-accordion-title\" tabindex=\"0\">Pour quels pays ce service de changement de taille est-il disponible?<\/a>\n\t\t\t\t\t<\/div>\n\t\t\t\t\t<div id=\"elementor-tab-content-9087\" class=\"elementor-tab-content elementor-clearfix\" data-tab=\"7\" role=\"region\" aria-labelledby=\"elementor-tab-title-9087\"><p>Ce service est disponible uniquement et exclusivement pour l&#8217;Espagne p\u00e9ninsulaire et les \u00eeles Bal\u00e9ares. Si vous \u00eates aux \u00eeles Canaries, Ceuta, Melilla ou dans un autre pays et que vous souhaitez modifier la taille, vous devez prendre en charge les frais d&#8217;exp\u00e9dition pour le retour de votre ancien verre et les frais d&#8217;exp\u00e9dition du nouveau verre \u00e0 votre emplacement.<\/p><\/div>\n\t\t\t\t<\/div>\n\t\t\t\t\t\t\t<div class=\"elementor-accordion-item\">\n\t\t\t\t\t<div id=\"elementor-tab-title-9088\" class=\"elementor-tab-title\" data-tab=\"8\" role=\"button\" aria-controls=\"elementor-tab-content-9088\" aria-expanded=\"false\">\n\t\t\t\t\t\t\t\t\t\t\t\t\t<span class=\"elementor-accordion-icon elementor-accordion-icon-right\" aria-hidden=\"true\">\n\t\t\t\t\t\t\t\t\t\t\t\t\t\t\t<span class=\"elementor-accordion-icon-closed\"><i class=\"fas fa-plus\"><\/i><\/span>\n\t\t\t\t\t\t\t\t<span class=\"elementor-accordion-icon-opened\"><i class=\"fas fa-minus\"><\/i><\/span>\n\t\t\t\t\t\t\t\t\t\t\t\t\t\t<\/span>\n\t\t\t\t\t\t\t\t\t\t\t\t<a class=\"elementor-accordion-title\" tabindex=\"0\">J'ai encore des doutes, comment puis-je vous contacter?<\/a>\n\t\t\t\t\t<\/div>\n\t\t\t\t\t<div id=\"elementor-tab-content-9088\" class=\"elementor-tab-content elementor-clearfix\" data-tab=\"8\" role=\"region\" aria-labelledby=\"elementor-tab-title-9088\"><ul><li style=\"text-align: left\">Via WhatsApp sur le num\u00e9ro espagnol <strong>693 80 22 40<\/strong> (uniquement via des messages \u00e9crits, les appels vocaux ou les notes vocales ne sont pas autoris\u00e9s).<\/li><li style=\"text-align: left\">Par t\u00e9l\u00e9phone au num\u00e9ro de t\u00e9l\u00e9phone espagnol <strong>931 444 665.<\/strong><\/li><li style=\"text-align: left\">Par e-mail \u00e0 <a href=\"mailto:sales@sileu.com\">sales@sileu.com.<\/a><\/li><li style=\"text-align: left\">Gr\u00e2ce \u00e0 notre chat sur le site Web.<\/li><li style=\"text-align: left\">Sur <a href=\"https:\/\/www.facebook.com\/sileucom\/\" rel=\"nofollow noopener\" target=\"_blank\">Facebook<\/a> ou sur <a href=\"https:\/\/www.instagram.com\/sileucup\/?hl=es\" rel=\"nofollow noopener\" target=\"_blank\">Instagram.<\/a><\/li><\/ul><\/div>\n\t\t\t\t<\/div>\n\t\t\t\t\t\t\t\t<\/div>\n\t\t\t\t\t\t<\/div>\n\t\t\t\t<\/div>\n\t\t\t\t\t<\/div>\n\t\t<\/div>\n\t\t\t\t\t<\/div>\n\t\t<\/section>\n\t\t\t\t<\/div>\n\t\t","protected":false},"excerpt":{"rendered":"<p>Je souhaite modifier la taille de ma coupe menstruelle Sileu Si vous avez achet\u00e9 votre coupe menstruelle Sileu via notre site Web, sur Amazon, sur eBay, Carrefour ou des magasins physiques tels que les pharmacies ou les centres El Corte Ingl\u00e9s, vous l&#8217;avez utilis\u00e9e pendant au moins 3 ou 4 cycles menstruels et rencontrez les [&hellip;]<\/p>\n","protected":false},"author":4815,"featured_media":0,"parent":0,"menu_order":0,"comment_status":"closed","ping_status":"closed","template":"elementor_header_footer","meta":{"footnotes":""},"class_list":["post-77870","page","type-page","status-publish","hentry"],"_links":{"self":[{"href":"https:\/\/sileu.com\/fr\/wp-json\/wp\/v2\/pages\/77870","targetHints":{"allow":["GET"]}}],"collection":[{"href":"https:\/\/sileu.com\/fr\/wp-json\/wp\/v2\/pages"}],"about":[{"href":"https:\/\/sileu.com\/fr\/wp-json\/wp\/v2\/types\/page"}],"author":[{"embeddable":true,"href":"https:\/\/sileu.com\/fr\/wp-json\/wp\/v2\/users\/4815"}],"replies":[{"embeddable":true,"href":"https:\/\/sileu.com\/fr\/wp-json\/wp\/v2\/comments?post=77870"}],"version-history":[{"count":6,"href":"https:\/\/sileu.com\/fr\/wp-json\/wp\/v2\/pages\/77870\/revisions"}],"predecessor-version":[{"id":77877,"href":"https:\/\/sileu.com\/fr\/wp-json\/wp\/v2\/pages\/77870\/revisions\/77877"}],"wp:attachment":[{"href":"https:\/\/sileu.com\/fr\/wp-json\/wp\/v2\/media?parent=77870"}],"curies":[{"name":"wp","href":"https:\/\/api.w.org\/{rel}","templated":true}]}}