{"id":3589,"date":"2016-07-05T16:27:13","date_gmt":"2016-07-05T16:27:13","guid":{"rendered":"http:\/\/sileu.com\/es\/product\/sterilisateur-pliable-avec-couvercle-sileu-pour-coupe-menstruelle-fabriquee-en-silicone-de-qualite-medicale-reutilisable-couleur-rose-complement-ideal-pour-la-coupe-menstruelle\/"},"modified":"2024-10-19T17:18:03","modified_gmt":"2024-10-19T17:18:03","slug":"sterilisateur-pliable-avec-couvercle-sileu-pour-coupe-menstruelle-fabriquee-en-silicone-de-qualite-medicale-reutilisable-couleur-rose-complement-ideal-pour-la-coupe-menstruelle","status":"publish","type":"product","link":"https:\/\/sileu.com\/fr\/produit\/sterilisateur-pliable-avec-couvercle-sileu-pour-coupe-menstruelle-fabriquee-en-silicone-de-qualite-medicale-reutilisable-couleur-rose-complement-ideal-pour-la-coupe-menstruelle\/","title":{"rendered":"St\u00e9rilisateur Pliable avec Couvercle Sileu pour Coupe Menstruelle"},"content":{"rendered":"<p>Avec le st\u00e9rilisateur pliable avec couvercle pour coupes menstruelles vous pourrez faire bouillir facilement votre coupe menstruelle aux micro-ondes sans avoir besoin d&#8217;utiliser de r\u00e9cipients de cuisine ni de pastilles st\u00e9rilisantes. Il est fabriqu\u00e9 en silicone de qualit\u00e9 m\u00e9dicale, 100% sans aucun type de produits chimiques et nocifs pour la sant\u00e9. Gr\u00e2ce \u00e0 son design pliable, il n&#8217;occupe peu de place ce qui est tr\u00e8s pratique : vous pourrez porter discr\u00e8tement votre st\u00e9rilisateur \u00e0 n&#8217;importe quel endroit de votre sac, trousse de toilette ou sac \u00e0 dos. Aussi, vous pouvez l&#8217;utiliser pour garder votre coupe menstruelle quand vous n&#8217;\u00eates pas en train de l&#8217;utiliser ou tout simplement pour la stocker. Pour st\u00e9riliser votre coupe, vous devez seulement l&#8217;extraire avec prudence, la vider et la nettoyer. Puis introduisez la coupe dans le st\u00e9rilisateur et remplissez-le avec de l&#8217;eau. Mettez-le ensuite au micro-onde (sans le couvercle) et programmez la temp\u00e9rature pour que l&#8217;eau soit port\u00e9 \u00e0 \u00e9bullition durant 2-3 minutes. Gr\u00e2ce \u00e0 ce simple processus, votre coupe restera impeccable de mani\u00e8re rapide et efficace sans avoir besoin d&#8217;utiliser de r\u00e9cipients de cuisines ni de pastilles st\u00e9rilisantes.<\/p>\n<p>Caract\u00e9ristiques:<\/p>\n<p>Pliable, occupe peu de place, fabriqu\u00e9 en silicone de qualit\u00e9 m\u00e9dical avec 100% sans aucun produits chimiques et nocifs pour la sant\u00e9.<\/p>\n<p>R\u00e9utilisable: Vous pourrez l&#8217;utiliser sur plusieurs utilisation et ainsi \u00e9conomiser de l&#8217;argent. Son design avec le couvercle permet qu&#8217;il soit utilisable aussi pour garder la coupe menstruelle dans vous n&#8217;\u00eates pas en train de l&#8217;utiliser.<\/p>\n","protected":false},"excerpt":{"rendered":"<p>Avec le st\u00e9rilisateur pliable avec couvercle pour coupes menstruelles vous pourrez faire bouillir facilement votre coupe menstruelle aux micro-ondes sans avoir besoin d&#8217;utiliser de r\u00e9cipients de cuisine ni de pastilles st\u00e9rilisantes. Il est fabriqu\u00e9 en silicone de qualit\u00e9 m\u00e9dicale, 100% sans aucun type de produits chimiques et nocifs pour la sant\u00e9. Gr\u00e2ce \u00e0 son design [&hellip;]<\/p>\n","protected":false},"featured_media":78210,"comment_status":"open","ping_status":"closed","template":"","meta":[],"product_brand":[],"product_cat":[50966,50965,50969,50964,50968,50967,60],"product_tag":[],"class_list":{"0":"post-3589","1":"product","2":"type-product","3":"status-publish","4":"has-post-thumbnail","6":"product_cat-sileu-clean","14":"first","15":"instock","16":"sale","17":"taxable","18":"shipping-taxable","19":"purchasable","20":"product-type-variable"},"supplier_id":null,"supplier_sku":"","barcode":null,"atum_controlled":true,"out_stock_date":null,"out_stock_threshold":null,"inheritable":false,"inbound_stock":null,"stock_on_hold":12,"sold_today":0,"sales_last_days":0,"reserved_stock":null,"customer_returns":null,"warehouse_damage":null,"lost_in_post":null,"other_logs":null,"out_stock_days":null,"lost_sales":0,"has_location":null,"update_date":"2026-02-19T11:09:33","atum_locations":[],"atum_stock_status":"instock","restock_status":false,"low_stock_amount":"","sales_update_date":null,"calc_backorders":null,"_links":{"self":[{"href":"https:\/\/sileu.com\/fr\/wp-json\/wp\/v2\/product\/3589","targetHints":{"allow":["GET"]}}],"collection":[{"href":"https:\/\/sileu.com\/fr\/wp-json\/wp\/v2\/product"}],"about":[{"href":"https:\/\/sileu.com\/fr\/wp-json\/wp\/v2\/types\/product"}],"replies":[{"embeddable":true,"href":"https:\/\/sileu.com\/fr\/wp-json\/wp\/v2\/comments?post=3589"}],"wp:featuredmedia":[{"embeddable":true,"href":"https:\/\/sileu.com\/fr\/wp-json\/wp\/v2\/media\/78210"}],"wp:attachment":[{"href":"https:\/\/sileu.com\/fr\/wp-json\/wp\/v2\/media?parent=3589"}],"wp:term":[{"taxonomy":"product_brand","embeddable":true,"href":"https:\/\/sileu.com\/fr\/wp-json\/wp\/v2\/product_brand?post=3589"},{"taxonomy":"product_cat","embeddable":true,"href":"https:\/\/sileu.com\/fr\/wp-json\/wp\/v2\/product_cat?post=3589"},{"taxonomy":"product_tag","embeddable":true,"href":"https:\/\/sileu.com\/fr\/wp-json\/wp\/v2\/product_tag?post=3589"}],"curies":[{"name":"wp","href":"https:\/\/api.w.org\/{rel}","templated":true}]}}