{"id":3610,"date":"2016-11-08T17:46:05","date_gmt":"2016-11-08T17:46:06","guid":{"rendered":"http:\/\/sileu.com\/fr\/produit\/coupe-menstruelle-sileu-fabrique-a-partir-de-silicone-de-qualite-medicale-reutilisable-couleur-violette-modele-classic-pour-volume-menstruel-faible-a-abondant-alternative-naturel-a-lutilisation-de\/"},"modified":"2020-04-02T14:16:01","modified_gmt":"2020-04-02T14:16:01","slug":"coupe-menstruelle-sileu-fabrique-a-partir-de-silicone-de-qualite-medicale-reutilisable-couleur-violette-modele-classic-pour-volume-menstruel-faible-a-abondant-alternative-naturel-a-lutilisation-de","status":"publish","type":"product","link":"https:\/\/sileu.com\/fr\/produit\/coupe-menstruelle-sileu-fabrique-a-partir-de-silicone-de-qualite-medicale-reutilisable-couleur-violette-modele-classic-pour-volume-menstruel-faible-a-abondant-alternative-naturel-a-lutilisation-de\/","title":{"rendered":"Coupe menstruelle Mod\u00e8le Tulip"},"content":{"rendered":"<p>La coupe menstruel est un r\u00e9cipient de silicone m\u00e9dical qui s&#8217;introduit dans l&#8217;int\u00e9rieur du vagin (de m\u00eame qu&#8217;un tampon) durant la menstruation, s&#8217;adaptant aux parois vaginales de chaque femme en tout moment, sans qu&#8217;on ai \u00e0 se pr\u00e9occuper qu&#8217;il se d\u00e9place. Recueillez le flux qu&#8217;il y a \u00e0 l&#8217;int\u00e9rieur de la coupe, on peut la porter pendant 12h \u00e0 l&#8217;int\u00e9rieur sans avoir \u00e0 s&#8217;en pr\u00e9occuper.<\/p>\n<p>Il a une utilisation ilimit\u00e9, puisse que vous pouvez la mettre et l&#8217;enlever plusieurs fois comme vous le souhaitez, r\u00e9duisant ainsi \u00e0 z\u00e9ro l&#8217;utilisation de serviettes et de tampons durant 10 ans, \u00e7a rend la vie plus facile d&#8217;utiliser la coupe avec son maintien ad\u00e9quate. Quand se termine le cycle, il n&#8217;y a plus qu&#8217;\u00e0 la st\u00e9riliser avec de l&#8217;eau en la faisant chauffer et en incluant les pilulles st\u00e9rilis\u00e9es de biberons et t\u00e9tines de b\u00e9b\u00e9 et la garder dans son sac jusqu&#8217;\u00e0 la prochaine menstruation.<\/p>\n<p>Nos coupes menstruels sont faites de silicone de qualit\u00e9 m\u00e9dicale (TPE), en pensant que toutes les femmes puissent les utiliser, y compris celles qui ont n&#8217;importe quel type d&#8217;alergie, puisse que nos coupes sont hypoallerg\u00e9niques \u00e0 100%. Lors de sa fabrication on n&#8217;utilise aucun additif chimique qui peut affecter l&#8217;organisme de la femme. Aucune bact\u00e9rie peut rester dans sa superficie totalement lisse et qui n&#8217;absorbe aucun liquide, de sorte qu&#8217;il ne produise aucune alt\u00e9rations dans l&#8217;environnement vaginal naturel. \u00c9tant de silicone m\u00e9dical, il ne s\u00e8che pas les parois vaginales et ne laisse pas non plus de restes de fibres (\u00e0 la diff\u00e9rence des tampons et des serviettes).<\/p>\n<p>Avec son utilisation, vous \u00e9vitez d&#8217;avoir \u00e0 utiliser les serviettes et les tampons, tr\u00e8s polluante pour l&#8217;environnement, puisque dans la fabrication de ces produits s&#8217;utilisent divers produits chimiques comme le blanchiment industriel, et de plus, prennent \u00e9norm\u00e9ment de temps \u00e0 se d\u00e9grader.<\/p>\n<p>CARACT\u00c9RISTIQUES<\/p>\n<p>Il peut s&#8217;utiliser durant tout le cycle.<br \/>\nNe s\u00e8che pas les parties intimes, il ne laisse pas non plus des restes de fibres (comme le font les serviettes et les tampons). C&#8217;est hypoallerg\u00e9nique, compl\u00e8tement libre d&#8217;additifs chimiques et de produits nocifs qui peuvent affecter l&#8217;organisme, n&#8217;importe qu&#8217;elle femme peut l&#8217;utiliser sans probl\u00e8me.<br \/>\nIl offre une \u00e9conomie importante puisse que la coupe avec un entretien ad\u00e9quate, durera 10 ans et vous n&#8217;aurez pas \u00e0 acheter plus de serviettes ni de tampons. Quand se termine la menstruation, il n&#8217;y a plus qu&#8217;\u00e0 la st\u00e9riliser en la faisant boullir ou en utilisant des pastilles st\u00e9rilisantes pour biberons et t\u00e9tines de beb\u00e9.<br \/>\nLa coupe est une alternative plus \u00e9cologique: il ne produit pas de r\u00e9sidus ni ne contamine l&#8217;environnement comme peut le faire l&#8217;utilisation de tampons et de serviettes.<br \/>\nIl s&#8217;adapte \u00e0 la perfection \u00e0 l&#8217;anatomie de chaque femme et assure 12 heures de protection sans devoir la nettoyer constamment.<\/p>\n","protected":false},"excerpt":{"rendered":"<p>La coupe menstruel est un r\u00e9cipient de silicone m\u00e9dical qui s&#8217;introduit dans l&#8217;int\u00e9rieur du vagin (de m\u00eame qu&#8217;un tampon) durant la menstruation, s&#8217;adaptant aux parois vaginales de chaque femme en tout moment, sans qu&#8217;on ai \u00e0 se pr\u00e9occuper qu&#8217;il se d\u00e9place. Recueillez le flux qu&#8217;il y a \u00e0 l&#8217;int\u00e9rieur de la coupe, on peut la [&hellip;]<\/p>\n","protected":false},"featured_media":81264,"comment_status":"open","ping_status":"closed","template":"","meta":[],"product_brand":[],"product_cat":[50951],"product_tag":[],"class_list":{"0":"post-3610","1":"product","2":"type-product","3":"status-publish","4":"has-post-thumbnail","6":"product_cat-sileu-cup","8":"first","9":"instock","10":"sale","11":"taxable","12":"shipping-taxable","13":"purchasable","14":"product-type-variable"},"supplier_id":null,"supplier_sku":"","barcode":null,"atum_controlled":true,"out_stock_date":null,"out_stock_threshold":null,"inheritable":false,"inbound_stock":0,"stock_on_hold":17,"sold_today":0,"sales_last_days":0,"reserved_stock":0,"customer_returns":0,"warehouse_damage":0,"lost_in_post":0,"other_logs":0,"out_stock_days":null,"lost_sales":0,"has_location":false,"update_date":"2026-03-05T11:46:09","atum_locations":[],"atum_stock_status":"instock","restock_status":false,"low_stock_amount":"","sales_update_date":"2025-06-10T19:39:32","calc_backorders":null,"_links":{"self":[{"href":"https:\/\/sileu.com\/fr\/wp-json\/wp\/v2\/product\/3610","targetHints":{"allow":["GET"]}}],"collection":[{"href":"https:\/\/sileu.com\/fr\/wp-json\/wp\/v2\/product"}],"about":[{"href":"https:\/\/sileu.com\/fr\/wp-json\/wp\/v2\/types\/product"}],"replies":[{"embeddable":true,"href":"https:\/\/sileu.com\/fr\/wp-json\/wp\/v2\/comments?post=3610"}],"wp:featuredmedia":[{"embeddable":true,"href":"https:\/\/sileu.com\/fr\/wp-json\/wp\/v2\/media\/81264"}],"wp:attachment":[{"href":"https:\/\/sileu.com\/fr\/wp-json\/wp\/v2\/media?parent=3610"}],"wp:term":[{"taxonomy":"product_brand","embeddable":true,"href":"https:\/\/sileu.com\/fr\/wp-json\/wp\/v2\/product_brand?post=3610"},{"taxonomy":"product_cat","embeddable":true,"href":"https:\/\/sileu.com\/fr\/wp-json\/wp\/v2\/product_cat?post=3610"},{"taxonomy":"product_tag","embeddable":true,"href":"https:\/\/sileu.com\/fr\/wp-json\/wp\/v2\/product_tag?post=3610"}],"curies":[{"name":"wp","href":"https:\/\/api.w.org\/{rel}","templated":true}]}}