{"id":4828,"date":"2016-11-22T18:34:05","date_gmt":"2016-11-22T18:34:05","guid":{"rendered":"http:\/\/sileu.com\/cup\/comprimes-sterilisateurs-mini-milton-50-unites-comprimes-pour-steriliser-et-desinfecter-la-coupe-menstruelle-sileu-ideal-pour-une-utilisation-avec-le-sterilisateur-pliage-sileu\/"},"modified":"2021-06-26T13:00:50","modified_gmt":"2021-06-26T13:00:50","slug":"comprimes-sterilisateurs-mini-milton-50-unites-comprimes-pour-steriliser-et-desinfecter-la-coupe-menstruelle-sileu-ideal-pour-une-utilisation-avec-le-sterilisateur-pliage-sileu","status":"publish","type":"product","link":"https:\/\/sileu.com\/fr\/produit\/comprimes-sterilisateurs-mini-milton-50-unites-comprimes-pour-steriliser-et-desinfecter-la-coupe-menstruelle-sileu-ideal-pour-une-utilisation-avec-le-sterilisateur-pliage-sileu\/","title":{"rendered":"Comprim\u00e9s st\u00e9rilisateurs pour d\u00e9sinfecter la Coupe menstruelle Sileu"},"content":{"rendered":"<p>Milton est une pilule de st\u00e9rilisation qui vous permet de st\u00e9riliser votre coupe menstruelle Sileu avec de l&#8217;eau froide en seulement 15 minutes, produisant le m\u00eame effet que la faire bouiller. Pas besoin de rincer la coupe apr\u00e8s st\u00e9rilisation. Milton est con\u00e7u pour \u00e9liminer 99,9% des germes (bact\u00e9ries, champignons et virus) et sa solution reste st\u00e9rile pendant 24 heures, de sorte qu&#8217;il peut \u00eatre r\u00e9utilis\u00e9 pendant cette p\u00e9riode. Convient pour d\u00e9sinfecter des articles pour b\u00e9b\u00e9s tels que les biberons, t\u00e9tines, sucettes et votre coupe menstruelle.<\/p>\n<p><b>Comment utiliser Milton avec la coupe menstruelle?<\/b><br \/>\nNettoyez la coupe comme habituellement. Dissout une pilule Milton dans environ 100 ml d&#8217;eau froide, pour cela utilisez nos st\u00e9rilisateurs silicone pliable, car ils sont id\u00e9als pour cet usage. Immerg\u00e9 compl\u00e8tement la coupe menstruelle au sein de la solution de st\u00e9rilisation, \u00e9viter de laisser des espaces a l&#8217;air. Au bout de 15 minutes, lavez-vous les mains et enlever la coupe menstruelle de la solution. Laisser s\u00e9cher et elle est pr\u00eat \u00e0 l&#8217;emploi.<\/p>\n<p><b>Avantages de st\u00e9rilisation de la coupe menstruelle Sileu avec Milton:<\/b><br \/>\nVous \u00e9vitez le risque de br\u00fbler votre coupe menstruelle en la faisant bouillir, par mauvais calcul du temps, etc.<br \/>\nLa coupe r\u00e9cup\u00e9rera une grande partie de sa couleur d&#8217;origine, car ils acqui\u00e8rent souvent une teinte rouge\u00e2tre pour son utilisation.<br \/>\nElle est id\u00e9ale lorsque vous \u00eates en voyage ou en camping ou juste loin de la maison ou au travail, car il vous donne plus de flexibilit\u00e9 et la possibilit\u00e9 de st\u00e9riliser votre coupe chaque fois que vous voulez.<br \/>\nVous pouvez laisser la coupe dans la mise en solution \u00e0 24 heures et restent parfaitement st\u00e9rilis\u00e9s pendant cette p\u00e9riode.<\/p>\n<p><b>Temp d&#8217;\u00e9limination de pathog\u00e8nes:<\/b><br \/>\n1 minute : bact\u00e9ricide EN 104, listeria, salmonelle, campylobacter.<br \/>\n5 minutes: EN1276 bactericida.<br \/>\n15 minutes: virucide NFT72-180.<\/p>\n","protected":false},"excerpt":{"rendered":"<p>Milton est une pilule de st\u00e9rilisation qui vous permet de st\u00e9riliser votre coupe menstruelle Sileu avec de l&#8217;eau froide en seulement 15 minutes, produisant le m\u00eame effet que la faire bouiller. Pas besoin de rincer la coupe apr\u00e8s st\u00e9rilisation. Milton est con\u00e7u pour \u00e9liminer 99,9% des germes (bact\u00e9ries, champignons et virus) et sa solution reste [&hellip;]<\/p>\n","protected":false},"featured_media":11369,"comment_status":"open","ping_status":"closed","template":"","meta":[],"product_brand":[],"product_cat":[50965],"product_tag":[],"class_list":{"0":"post-4828","1":"product","2":"type-product","3":"status-publish","4":"has-post-thumbnail","6":"product_cat-sileu-clean","8":"first","9":"instock","10":"sale","11":"taxable","12":"shipping-taxable","13":"purchasable","14":"product-type-variable"},"supplier_id":null,"supplier_sku":"","barcode":null,"atum_controlled":true,"out_stock_date":null,"out_stock_threshold":null,"inheritable":true,"inbound_stock":0,"stock_on_hold":2,"sold_today":0,"sales_last_days":0,"reserved_stock":0,"customer_returns":0,"warehouse_damage":0,"lost_in_post":0,"other_logs":0,"out_stock_days":null,"lost_sales":0,"has_location":false,"update_date":"2026-04-13T07:36:41","atum_locations":[],"atum_stock_status":"instock","restock_status":false,"low_stock_amount":"","sales_update_date":"2025-06-10T19:39:31","calc_backorders":null,"_links":{"self":[{"href":"https:\/\/sileu.com\/fr\/wp-json\/wp\/v2\/product\/4828","targetHints":{"allow":["GET"]}}],"collection":[{"href":"https:\/\/sileu.com\/fr\/wp-json\/wp\/v2\/product"}],"about":[{"href":"https:\/\/sileu.com\/fr\/wp-json\/wp\/v2\/types\/product"}],"replies":[{"embeddable":true,"href":"https:\/\/sileu.com\/fr\/wp-json\/wp\/v2\/comments?post=4828"}],"wp:featuredmedia":[{"embeddable":true,"href":"https:\/\/sileu.com\/fr\/wp-json\/wp\/v2\/media\/11369"}],"wp:attachment":[{"href":"https:\/\/sileu.com\/fr\/wp-json\/wp\/v2\/media?parent=4828"}],"wp:term":[{"taxonomy":"product_brand","embeddable":true,"href":"https:\/\/sileu.com\/fr\/wp-json\/wp\/v2\/product_brand?post=4828"},{"taxonomy":"product_cat","embeddable":true,"href":"https:\/\/sileu.com\/fr\/wp-json\/wp\/v2\/product_cat?post=4828"},{"taxonomy":"product_tag","embeddable":true,"href":"https:\/\/sileu.com\/fr\/wp-json\/wp\/v2\/product_tag?post=4828"}],"curies":[{"name":"wp","href":"https:\/\/api.w.org\/{rel}","templated":true}]}}