{"id":77027,"date":"2017-12-12T17:43:29","date_gmt":"2017-12-12T17:43:29","guid":{"rendered":"https:\/\/sileu.com\/cup\/copa-menstrual-sileucup-rose\/"},"modified":"2020-08-27T17:14:30","modified_gmt":"2020-08-27T17:14:30","slug":"copa-menstrual-sileucup-rose","status":"publish","type":"product","link":"https:\/\/sileu.com\/fr\/produit\/copa-menstrual-sileucup-rose\/","title":{"rendered":"Coupe menstruelle Sileu Rose"},"content":{"rendered":"<h3>QUELLE TAILLE CHOISIR?<\/h3>\n<p>Taille S: femmes n&#8217;ayant pas accouch\u00e9 par accouchement naturel.<br \/>\nTaille L: Femmes qui ont accouch\u00e9 par accouchement naturel.<\/p>\n<h3>QUELLE FLEXIBILIT\u00c9 CHOISIR?<\/h3>\n<p>La coupe menstruelle Sileu Rose Sport a une flexibilit\u00e9 de 2. Elle est moins flexible que les autres mod\u00e8les, afin de s&#8217;adapter parfaitement aux parois vaginales et d&#8217;\u00e9viter les fuites, en particulier chez les femmes qui font de l&#8217;exercice fr\u00e9quemment et pratiquent des sports comme le Pilates , yoga, danse, \u00e9quitation, etc. Il est \u00e9galement recommand\u00e9 aux femmes avec un plancher pelvien fort et exerc\u00e9 (par exemple, qui pratiquent les exercices de Kegel) et aux athl\u00e8tes et athl\u00e8tes de comp\u00e9tition.<br \/>\nLa coupe menstruelle Sileu Rose Standard a une flexibilit\u00e9 de 5. Cela la rend id\u00e9ale comme mod\u00e8le de d\u00e9part ou si vous n&#8217;\u00eates pas s\u00fbr de la flexibilit\u00e9 \u00e0 choisir au d\u00e9but \u00e0 essayer. C&#8217;est notre mod\u00e8le star le plus populaire et le choix le plus fr\u00e9quent parmi les femmes qui utilisent nos coupes menstruelles car, gr\u00e2ce \u00e0 sa conception, il est tr\u00e8s facile \u00e0 mettre et \u00e0 ouvrir correctement.<br \/>\nLa coupe menstruelle Sileu Rose Soft a une flexibilit\u00e9 de 9. C&#8217;est notre coupe menstruelle la plus douce et la plus flexible et elle est recommand\u00e9e pour les femmes avec un plancher pelvien faible, mal exerc\u00e9 et sensible, comme les femmes qui ont r\u00e9cemment accouch\u00e9 et de nouveau ils commencent \u00e0 avoir des r\u00e8gles ou des femmes qui souffrent souvent d&#8217;infections vaginales et \/ ou urinaires telles que la cystite.<\/p>\n<p>Si vous avez des questions sur la taille et la flexibilit\u00e9 qui vous conviendraient le mieux, contactez-nous, nous sommes l\u00e0 pour vous aider.<\/p>\n<h3>\u00c0 PROPOS DE LA COUPE MENSTRUELLE SILEU ROSE<\/h3>\n<p>Notre mod\u00e8le Rose est sp\u00e9cialement con\u00e7u et test\u00e9 par nous-m\u00eames, l&#8217;\u00e9quipe SileuCup, pour garantir le plus grand confort et praticit\u00e9 au quotidien. Il a un design totalement unique et inimitable fabriqu\u00e9 en Espagne, ressemblant \u00e0 une belle rose mate rouge ou transparente selon votre choix.<\/p>\n<p>Cette belle coupe menstruelle a le toucher d&#8217;un p\u00e9tale de fleur, \u00e9tant tr\u00e8s douce tout en \u00e9tant ferme, pour s&#8217;assurer qu&#8217;elle s&#8217;ouvre sans aucun probl\u00e8me une fois ins\u00e9r\u00e9e et qu&#8217;elle est douce et d\u00e9licate avec la zone intime, car elle ne gratte pas, s\u00e8che, il ne laisse aucun r\u00e9sidu non plus. Vous n&#8217;aurez jamais go\u00fbt\u00e9 \u00e0 un verre plus doux ou plus facile \u00e0 placer!<\/p>\n<p>Toutes nos coupes menstruelles sont fabriqu\u00e9es avec du silicone allemand de qualit\u00e9 m\u00e9dicale certifi\u00e9 ISO 10993, ainsi que notre colorant rouge, qui est biologique et \u00e9galement certifi\u00e9 ISO 10993. La couleur transparente de nos coupes ne contient aucun pigment.<\/p>\n<p>Chaque coupe menstruelle est livr\u00e9e dans un sachet scell\u00e9 pour garantir son hygi\u00e8ne totale. Ce sac est fait de PLA, un mat\u00e9riau non plastique et biod\u00e9gradable qui contribue \u00e0 l&#8217;environnement en \u00e9tant #z\u00e9ro plastique et #z\u00e9ro d\u00e9chet.<\/p>\n<p>Nous incluons un sac en coton biologique certifi\u00e9 GOTS comme cadeau dans toutes nos lunettes afin que vous puissiez le ranger lorsque vous ne l&#8217;utilisez pas.<\/p>\n<p>Nous avons fait le corps de la tasse avec une plus grande capacit\u00e9 sans perdre de confort en le rendant plus allong\u00e9. Nous pouvons l&#8217;emmener \u00e0 l&#8217;int\u00e9rieur jusqu&#8217;\u00e0 12 heures sans souci, ayant une capacit\u00e9 suffisante pour durer tout ce temps sans se remplir compl\u00e8tement, m\u00eame en cas de d\u00e9bit plus important.<\/p>\n<p>La tige peut \u00eatre facilement raccourcie \u00e0 la hauteur souhait\u00e9e et peut m\u00eame \u00eatre enti\u00e8rement retir\u00e9e.<\/p>\n<p>Avec un bon entretien, la tasse Sileu Rose peut durer jusqu&#8217;\u00e0 10 ans sans probl\u00e8mes, avec les \u00e9conomies \u00e9conomiques cons\u00e9quentes de ne pas d\u00e9penser d&#8217;argent sur d&#8217;autres m\u00e9thodes pour la r\u00e8gle et de r\u00e9duire consid\u00e9rablement notre impact environnemental personnel.<\/p>\n<p>Les serviettes et tampons sont fabriqu\u00e9s avec des fibres trait\u00e9es avec des produits chimiques tels que les agents de blanchiment, qui sont non seulement nocifs pour nous, mais \u00e9galement tr\u00e8s polluants. En utilisant une coupe menstruelle, nous faisons notre part pour pr\u00e9server les \u00e9cosyst\u00e8mes et plus nous sommes nombreux, plus nous obtiendrons de meilleurs r\u00e9sultats!<\/p>\n<p>Il n&#8217;y a aucun probl\u00e8me \u00e0 utiliser Sileu Rose si nous utilisons des contraceptifs tels que le DIU ou l&#8217;anneau contraceptif.<\/p>\n<h3>QUE JE VAIS RECEVOIR?<\/h3>\n<p>Le pack comprend la coupe menstruelle de la taille et de la couleur choisies scell\u00e9e dans un sac en PLA biod\u00e9gradable, un sac en coton biologique certifi\u00e9 GOTS pour le stockage, un manuel d&#8217;instructions multilingue (espagnol, anglais, fran\u00e7ais, allemand, italien, russe et portugais ) qui comprend des photos utiles et des conseils pour le mettre et l&#8217;enlever ainsi qu&#8217;une bo\u00eete en carton.<\/p>\n","protected":false},"excerpt":{"rendered":"<p>QUELLE TAILLE CHOISIR? Taille S: femmes n&#8217;ayant pas accouch\u00e9 par accouchement naturel. Taille L: Femmes qui ont accouch\u00e9 par accouchement naturel. QUELLE FLEXIBILIT\u00c9 CHOISIR? La coupe menstruelle Sileu Rose Sport a une flexibilit\u00e9 de 2. Elle est moins flexible que les autres mod\u00e8les, afin de s&#8217;adapter parfaitement aux parois vaginales et d&#8217;\u00e9viter les fuites, en [&hellip;]<\/p>\n","protected":false},"featured_media":81073,"comment_status":"open","ping_status":"closed","template":"","meta":[],"product_brand":[],"product_cat":[50951],"product_tag":[],"class_list":{"0":"post-77027","1":"product","2":"type-product","3":"status-publish","4":"has-post-thumbnail","6":"product_cat-sileu-cup","8":"first","9":"instock","10":"sale","11":"featured","12":"taxable","13":"shipping-taxable","14":"product-type-variable"},"supplier_id":null,"supplier_sku":"","barcode":null,"atum_controlled":true,"out_stock_date":null,"out_stock_threshold":null,"inheritable":false,"inbound_stock":0,"stock_on_hold":14,"sold_today":0,"sales_last_days":0,"reserved_stock":0,"customer_returns":0,"warehouse_damage":0,"lost_in_post":0,"other_logs":0,"out_stock_days":null,"lost_sales":0,"has_location":false,"update_date":"2026-04-16T09:02:42","atum_locations":[],"atum_stock_status":"instock","restock_status":false,"low_stock_amount":"","sales_update_date":"2025-06-10T19:39:25","calc_backorders":null,"_links":{"self":[{"href":"https:\/\/sileu.com\/fr\/wp-json\/wp\/v2\/product\/77027","targetHints":{"allow":["GET"]}}],"collection":[{"href":"https:\/\/sileu.com\/fr\/wp-json\/wp\/v2\/product"}],"about":[{"href":"https:\/\/sileu.com\/fr\/wp-json\/wp\/v2\/types\/product"}],"replies":[{"embeddable":true,"href":"https:\/\/sileu.com\/fr\/wp-json\/wp\/v2\/comments?post=77027"}],"wp:featuredmedia":[{"embeddable":true,"href":"https:\/\/sileu.com\/fr\/wp-json\/wp\/v2\/media\/81073"}],"wp:attachment":[{"href":"https:\/\/sileu.com\/fr\/wp-json\/wp\/v2\/media?parent=77027"}],"wp:term":[{"taxonomy":"product_brand","embeddable":true,"href":"https:\/\/sileu.com\/fr\/wp-json\/wp\/v2\/product_brand?post=77027"},{"taxonomy":"product_cat","embeddable":true,"href":"https:\/\/sileu.com\/fr\/wp-json\/wp\/v2\/product_cat?post=77027"},{"taxonomy":"product_tag","embeddable":true,"href":"https:\/\/sileu.com\/fr\/wp-json\/wp\/v2\/product_tag?post=77027"}],"curies":[{"name":"wp","href":"https:\/\/api.w.org\/{rel}","templated":true}]}}