{"id":77054,"date":"2016-08-04T18:00:14","date_gmt":"2016-08-04T18:00:14","guid":{"rendered":"https:\/\/sileu.com\/cup\/copa-menstrual-sileucup-bell\/"},"modified":"2025-10-10T09:04:58","modified_gmt":"2025-10-10T09:04:58","slug":"copa-menstrual-sileucup-bell","status":"publish","type":"product","link":"https:\/\/sileu.com\/fr\/produit\/copa-menstrual-sileucup-bell\/","title":{"rendered":"Coupe Menstruelle Sileu Bell"},"content":{"rendered":"<p><strong>QUELLE TAILLE CHOISIR?<\/strong><\/p>\n<p>Taille S: femmes n&#8217;ayant pas accouch\u00e9 par accouchement naturel.<br \/>\nTaille L: Femmes qui ont accouch\u00e9 par accouchement naturel.<\/p>\n<p><strong>QU&#8217;EST-CE QUE LA COUPE MENSTRUELLE?<\/strong><\/p>\n<p>La coupe menstruelle est un r\u00e9cipient en silicone chirurgical qui est ins\u00e9r\u00e9 \u00e0 l&#8217;int\u00e9rieur du vagin (comme un tampon) pendant les menstruations, s&#8217;adaptant \u00e0 tout moment aux parois vaginales de chaque femme, sans avoir \u00e0 s&#8217;en soucier bouge toi.<\/p>\n<p>La coupe recueille le flux menstruel \u00e0 l&#8217;int\u00e9rieur, pouvant transporter jusqu&#8217;\u00e0 12 heures \u00e0 l&#8217;int\u00e9rieur sans avoir \u00e0 s&#8217;inqui\u00e9ter. Il est moins cher \u00e0 utiliser que les autres produits jetables, car avec un bon entretien, il peut durer jusqu&#8217;\u00e0 10 ans et son co\u00fbt est amorti en deux mois.<\/p>\n<p>Lorsque le cycle se termine, il vous suffit de le st\u00e9riliser \u00e0 l&#8217;eau bouillante dans un st\u00e9rilisateur de coupes menstruelles ou une casserole et de le conserver dans votre sac jusqu&#8217;\u00e0 la prochaine menstruation.<\/p>\n<p>Toutes nos coupes menstruelles sont fabriqu\u00e9es avec du silicone allemand de qualit\u00e9 m\u00e9dicale certifi\u00e9 ISO 10993, ainsi que notre colorant rouge, qui est biologique et \u00e9galement certifi\u00e9 ISO 10993. La couleur transparente de nos coupes ne contient aucun pigment.<\/p>\n<p>Chaque coupe menstruelle est livr\u00e9e dans un sachet scell\u00e9 pour garantir son hygi\u00e8ne totale. Ce sac est fait de PLA, un mat\u00e9riau non plastique et biod\u00e9gradable qui contribue \u00e0 l&#8217;environnement en \u00e9tant #z\u00e9ro plastique et #z\u00e9ro d\u00e9chet.<\/p>\n<p>Nous incluons un sac en coton biologique certifi\u00e9 GOTS comme cadeau dans toutes nos lunettes afin que vous puissiez le ranger lorsque vous ne l&#8217;utilisez pas.<\/p>\n<p>Aucune bact\u00e9rie ne peut rester sur sa surface compl\u00e8tement lisse et elle n&#8217;absorbe aucun liquide, il n&#8217;y a donc aucune alt\u00e9ration de l&#8217;environnement vaginal naturel. Comme il est fait de silicone m\u00e9dical, il ne raye ni ne s\u00e8che les parois vaginales et ne laisse pas de fibres (contrairement aux tampons et serviettes suppl\u00e9mentaires).<\/p>\n<p>Il est compatible avec l&#8217;utilisation du DIU et de l&#8217;anneau contraceptif. L&#8217;utilisation de la coupe menstruelle n&#8217;est associ\u00e9e \u00e0 aucun cas connu de syndrome de choc toxique (SCT). Notre silicone est \u00e9cologique. Avec son utilisation, vous \u00e9vitez d&#8217;avoir \u00e0 utiliser des tampons et des tampons, qui sont tr\u00e8s polluants pour l&#8217;environnement, car divers produits chimiques tels que les agents de blanchiment industriels sont utilis\u00e9s dans la fabrication de ces produits, et de plus, ils mettent de nombreuses ann\u00e9es \u00e0 se d\u00e9grader.<\/p>\n","protected":false},"excerpt":{"rendered":"<p>QUELLE TAILLE CHOISIR? Taille S: femmes n&#8217;ayant pas accouch\u00e9 par accouchement naturel. Taille L: Femmes qui ont accouch\u00e9 par accouchement naturel. QU&#8217;EST-CE QUE LA COUPE MENSTRUELLE? La coupe menstruelle est un r\u00e9cipient en silicone chirurgical qui est ins\u00e9r\u00e9 \u00e0 l&#8217;int\u00e9rieur du vagin (comme un tampon) pendant les menstruations, s&#8217;adaptant \u00e0 tout moment aux parois vaginales [&hellip;]<\/p>\n","protected":false},"featured_media":81363,"comment_status":"open","ping_status":"closed","template":"","meta":[],"product_brand":[],"product_cat":[50951],"product_tag":[],"class_list":{"0":"post-77054","1":"product","2":"type-product","3":"status-publish","4":"has-post-thumbnail","6":"product_cat-sileu-cup","8":"first","9":"outofstock","10":"sale","11":"taxable","12":"shipping-taxable","13":"purchasable","14":"product-type-variable"},"supplier_id":null,"supplier_sku":"","barcode":null,"atum_controlled":true,"out_stock_date":null,"out_stock_threshold":null,"inheritable":true,"inbound_stock":0,"stock_on_hold":43,"sold_today":0,"sales_last_days":0,"reserved_stock":0,"customer_returns":0,"warehouse_damage":0,"lost_in_post":0,"other_logs":0,"out_stock_days":null,"lost_sales":0,"has_location":false,"update_date":"2025-10-10T09:13:35","atum_locations":[],"atum_stock_status":"outofstock","restock_status":false,"low_stock_amount":"","sales_update_date":"2025-06-10T19:39:33","calc_backorders":null,"_links":{"self":[{"href":"https:\/\/sileu.com\/fr\/wp-json\/wp\/v2\/product\/77054","targetHints":{"allow":["GET"]}}],"collection":[{"href":"https:\/\/sileu.com\/fr\/wp-json\/wp\/v2\/product"}],"about":[{"href":"https:\/\/sileu.com\/fr\/wp-json\/wp\/v2\/types\/product"}],"replies":[{"embeddable":true,"href":"https:\/\/sileu.com\/fr\/wp-json\/wp\/v2\/comments?post=77054"}],"wp:featuredmedia":[{"embeddable":true,"href":"https:\/\/sileu.com\/fr\/wp-json\/wp\/v2\/media\/81363"}],"wp:attachment":[{"href":"https:\/\/sileu.com\/fr\/wp-json\/wp\/v2\/media?parent=77054"}],"wp:term":[{"taxonomy":"product_brand","embeddable":true,"href":"https:\/\/sileu.com\/fr\/wp-json\/wp\/v2\/product_brand?post=77054"},{"taxonomy":"product_cat","embeddable":true,"href":"https:\/\/sileu.com\/fr\/wp-json\/wp\/v2\/product_cat?post=77054"},{"taxonomy":"product_tag","embeddable":true,"href":"https:\/\/sileu.com\/fr\/wp-json\/wp\/v2\/product_tag?post=77054"}],"curies":[{"name":"wp","href":"https:\/\/api.w.org\/{rel}","templated":true}]}}