{"id":77068,"date":"2019-08-08T11:14:27","date_gmt":"2019-08-08T11:14:27","guid":{"rendered":"https:\/\/sileu.com\/cup\/pack-de-inicio-copa-menstrual-sileu-talla-s-l-modelo-y-color-a-elegir\/"},"modified":"2021-12-13T15:09:55","modified_gmt":"2021-12-13T15:09:55","slug":"pack-de-inicio-copa-menstrual-sileu-talla-s-l-modelo-y-color-a-elegir","status":"publish","type":"product","link":"https:\/\/sileu.com\/fr\/produit\/pack-de-inicio-copa-menstrual-sileu-talla-s-l-modelo-y-color-a-elegir\/","title":{"rendered":"Pack de d\u00e9marrage Sileu Starter: Coupe Menstruelle Sileu, taille S + L, mod\u00e8le et couleur au choix"},"content":{"rendered":"<p>Gr\u00e2ce \u00e0 ce pack de d\u00e9marrage, vous pouvez acheter le mod\u00e8le SileuCup qui correspond le mieux \u00e0 vous et \u00e0 vos besoins.<\/p>\n<p>Ce pack comprend une coupe menstruelle Sileu en taille S et une autre en taille L (deux coupes menstruelles au total) au cas o\u00f9 vous ne seriez pas s\u00fbr de la taille \u00e0 choisir, vous avez les deux options \u00e0 essayer. Il est \u00e9galement utile de pouvoir utiliser la taille L les jours o\u00f9 le d\u00e9bit est le plus \u00e9lev\u00e9 et donc de devoir changer moins fr\u00e9quemment.<\/p>\n<p>Chez Sileu, nous mesurons la flexibilit\u00e9 des cupules sur une \u00e9chelle de 1 \u00e0 10, o\u00f9 une valeur de 1 correspond \u00e0 la cupule la moins flexible (la plus rigide) et une valeur de 10 \u00e0 la cupule la plus flexible (la plus souple).<\/p>\n<p><strong>MOD\u00c8LES DISPONIBLES SILEUCUP:<\/strong><\/p>\n<p><strong>Mod\u00e8le Sileu Sport:<\/strong> La flexibilit\u00e9 de cette coupe est de 1, c&#8217;est-\u00e0-dire qu&#8217;il s&#8217;agit d&#8217;un mod\u00e8le rigide. Cela ne veut pas dire que cette coupe menstruelle est inconfortable ou dure, mais que cette flexibilit\u00e9 lui permet de s&#8217;adapter parfaitement aux parois vaginales pour les femmes qui pratiquent des sports au quotidien, en particulier les sports li\u00e9s au renforcement du plancher pelvien, comme le Pilates. , yoga, danse ou \u00e9quitation. De cette mani\u00e8re, les pertes ou fuites \u00e9ventuelles sont \u00e9vit\u00e9es en faisant du sport. Il est \u00e9galement recommand\u00e9 aux athl\u00e8tes f\u00e9minines.<\/p>\n<p><strong>Mod\u00e8le Sileu Bell:<\/strong> La flexibilit\u00e9 de cette coupe est de 2, c&#8217;est-\u00e0-dire qu&#8217;il s&#8217;agit d&#8217;un mod\u00e8le rigide mais un peu moins que la coupe Sport. La coupe Bell Cup est id\u00e9alement form\u00e9e pour s&#8217;adapter aux femmes qui ont un col bas et \/ ou une longueur vaginale courte (par exemple, si vous souffrez de prolapsus vaginal). Il est \u00e9galement recommand\u00e9 pour les adolescents et les femmes vierges.<\/p>\n<p><strong>Mod\u00e8le Sileu Rose:<\/strong> La flexibilit\u00e9 de ce joli verre en forme de rose est de 5 (mod\u00e8le Sileu Rose Standard), ce qui en fait notre verre &#8220; polyvalent &#8221; et il fonctionne g\u00e9n\u00e9ralement bien pour toutes les femmes qui l&#8217;essaient. Il est tr\u00e8s confortable et doux, avec un toucher velout\u00e9 qui imite les p\u00e9tales de roses. De plus, c&#8217;est le mod\u00e8le le plus facile \u00e0 mettre en place et \u00e0 enlever, car il s&#8217;ouvre tr\u00e8s facilement lors de sa mise en place, ce qui rend difficile la pr\u00e9sence de fuites ou de fuites.<\/p>\n<p><strong>Mod\u00e8les Sileu Classic et Sileu Tulip:<\/strong> Les deux mod\u00e8les ont une flexibilit\u00e9 standard de 5, ce qui en fait un bon choix en tant que mod\u00e8le standard pour commencer. Ils ne diff\u00e8rent entre eux que par la forme de la tige, la tige de la cupule Classic est large et plate et celle de la cup Tulip est cylindrique.<\/p>\n<p><strong>Mod\u00e8les Sileu Soft et Sileu Divine:<\/strong> Les deux mod\u00e8les ont une flexibilit\u00e9 de 8, ce qui en fait les bonnets les plus flexibles (souples) disponibles chez Sileu. Ces cupules sont particuli\u00e8rement recommand\u00e9es si vous avez un plancher pelvien faible et \/ ou sensible, ainsi que si vous souffrez souvent d&#8217;infections vaginales et \/ ou urinaires. Gardez \u00e0 l&#8217;esprit que, comme ce sont des bonnets plus souples, ils sont un peu plus difficiles \u00e0 placer, car vous devez vous assurer qu&#8217;ils se sont compl\u00e8tement ouverts une fois plac\u00e9s, ils ne sont donc pas recommand\u00e9s si votre plancher pelvien a un ton bon ou normal ( par exemple, dans le cas de jeunes femmes en bonne sant\u00e9). Les deux mod\u00e8les diff\u00e8rent simplement par la tige, la tige du Soft est courte et cylindrique, la tige du Divine est une boule solide.<\/p>\n<p><strong>\u00c0 PROPOS DE NOS BOISSONS MENSTRUELLES SILEU<\/strong><\/p>\n<p>Toutes nos coupes menstruelles sont fabriqu\u00e9es avec du silicone allemand de qualit\u00e9 m\u00e9dicale certifi\u00e9 ISO 10993, ainsi que notre colorant rouge, qui est biologique et \u00e9galement certifi\u00e9 ISO 10993. La couleur transparente de nos coupes ne contient aucun pigment.<\/p>\n<p>Chaque coupe menstruelle est livr\u00e9e dans un sachet scell\u00e9 pour garantir son hygi\u00e8ne totale. Ce sac est fait de PLA, un mat\u00e9riau non plastique et biod\u00e9gradable qui contribue \u00e0 l&#8217;environnement en \u00e9tant #z\u00e9ro plastique et #z\u00e9ro d\u00e9chet.<\/p>\n<p>Nous incluons un sac en coton biologique certifi\u00e9 GOTS comme cadeau dans toutes nos lunettes afin que vous puissiez le ranger lorsque vous ne l&#8217;utilisez pas.<\/p>\n<p><strong>QUE JE VAIS RECEVOIR?<\/strong><\/p>\n<p>Le pack comprend deux coupes menstruelles, une en taille S et une en taille L, dans la couleur choisie et toutes deux scell\u00e9es individuellement dans un sac en PLA biod\u00e9gradable, un sac en coton biologique certifi\u00e9 GOTS pour le stockage, un manuel d&#8217;instructions multilingue (Espagnol, anglais, fran\u00e7ais, allemand, italien, russe et portugais) qui comprend des photos utiles et des conseils pour le mettre et l&#8217;enlever et une bo\u00eete en carton.<\/p>\n","protected":false},"excerpt":{"rendered":"<p>Gr\u00e2ce \u00e0 ce pack de d\u00e9marrage, vous pouvez acheter le mod\u00e8le SileuCup qui correspond le mieux \u00e0 vous et \u00e0 vos besoins. Ce pack comprend une coupe menstruelle Sileu en taille S et une autre en taille L (deux coupes menstruelles au total) au cas o\u00f9 vous ne seriez pas s\u00fbr de la taille \u00e0 [&hellip;]<\/p>\n","protected":false},"featured_media":81504,"comment_status":"open","ping_status":"closed","template":"","meta":[],"product_brand":[],"product_cat":[2502],"product_tag":[],"class_list":{"0":"post-77068","1":"product","2":"type-product","3":"status-publish","4":"has-post-thumbnail","6":"product_cat-packs-sileu-fr","8":"first","9":"instock","10":"sale","11":"taxable","12":"shipping-taxable","13":"purchasable","14":"product-type-variable"},"supplier_id":null,"supplier_sku":"","barcode":null,"atum_controlled":true,"out_stock_date":null,"out_stock_threshold":null,"inheritable":true,"inbound_stock":0,"stock_on_hold":42,"sold_today":0,"sales_last_days":0,"reserved_stock":0,"customer_returns":0,"warehouse_damage":0,"lost_in_post":0,"other_logs":0,"out_stock_days":null,"lost_sales":0,"has_location":false,"update_date":"2025-10-20T08:59:00","atum_locations":[],"atum_stock_status":"instock","restock_status":false,"low_stock_amount":"","sales_update_date":"2025-06-10T19:38:59","calc_backorders":null,"_links":{"self":[{"href":"https:\/\/sileu.com\/fr\/wp-json\/wp\/v2\/product\/77068","targetHints":{"allow":["GET"]}}],"collection":[{"href":"https:\/\/sileu.com\/fr\/wp-json\/wp\/v2\/product"}],"about":[{"href":"https:\/\/sileu.com\/fr\/wp-json\/wp\/v2\/types\/product"}],"replies":[{"embeddable":true,"href":"https:\/\/sileu.com\/fr\/wp-json\/wp\/v2\/comments?post=77068"}],"wp:featuredmedia":[{"embeddable":true,"href":"https:\/\/sileu.com\/fr\/wp-json\/wp\/v2\/media\/81504"}],"wp:attachment":[{"href":"https:\/\/sileu.com\/fr\/wp-json\/wp\/v2\/media?parent=77068"}],"wp:term":[{"taxonomy":"product_brand","embeddable":true,"href":"https:\/\/sileu.com\/fr\/wp-json\/wp\/v2\/product_brand?post=77068"},{"taxonomy":"product_cat","embeddable":true,"href":"https:\/\/sileu.com\/fr\/wp-json\/wp\/v2\/product_cat?post=77068"},{"taxonomy":"product_tag","embeddable":true,"href":"https:\/\/sileu.com\/fr\/wp-json\/wp\/v2\/product_tag?post=77068"}],"curies":[{"name":"wp","href":"https:\/\/api.w.org\/{rel}","templated":true}]}}