{"id":77118,"date":"2019-03-21T09:31:50","date_gmt":"2019-03-21T09:31:50","guid":{"rendered":"https:\/\/sileu.com\/cup\/pack-diario-sileu-passion-sweet-copa-menstrual-rose-modelo-iniciacion-para-principiantes-y-adolescentes-alternativa-ecologica-natural-a-tampones-y-compresas-estuche-en-forma-de-flor\/"},"modified":"2025-05-04T18:11:51","modified_gmt":"2025-05-04T18:11:51","slug":"pack-diario-sileu-passion-sweet-copa-menstrual-rose-modelo-iniciacion-para-principiantes-y-adolescentes-alternativa-ecologica-natural-a-tampones-y-compresas-estuche-en-forma-de-flor","status":"publish","type":"product","link":"https:\/\/sileu.com\/fr\/produit\/pack-diario-sileu-passion-sweet-copa-menstrual-rose-modelo-iniciacion-para-principiantes-y-adolescentes-alternativa-ecologica-natural-a-tampones-y-compresas-estuche-en-forma-de-flor\/","title":{"rendered":"Sileu Go: coupe menstruelle Sileu Rose + \u00e9tui fleur 8 cm"},"content":{"rendered":"<h3 style=\"text-align: center\"><strong>QUELLE TAILLE CHOISIR?<\/strong><\/h3>\n<ul>\n<li><strong>Taille S:<\/strong> femmes n&#8217;ayant pas accouch\u00e9 par accouchement naturel.<\/li>\n<li><strong>Taille L:<\/strong> Femmes qui ont accouch\u00e9 par accouchement naturel.<\/li>\n<\/ul>\n<h3 style=\"text-align: center\"><strong>QUELLE FLEXIBILIT\u00c9 CHOISIR?<\/strong><\/h3>\n<ul>\n<li><em><strong>La coupe menstruelle Sileu Rose Sport a une flexibilit\u00e9 de 2.<\/strong> <\/em>Elle est moins flexible que les autres mod\u00e8les, afin de s&#8217;adapter parfaitement aux parois vaginales et d&#8217;\u00e9viter les fuites, en particulier chez les femmes qui font de l&#8217;exercice fr\u00e9quemment et pratiquent des sports comme le Pilates , yoga, danse, \u00e9quitation, etc. Il est \u00e9galement recommand\u00e9 aux femmes avec un plancher pelvien fort et exerc\u00e9 (par exemple, qui pratiquent les exercices de Kegel) et aux athl\u00e8tes et athl\u00e8tes de comp\u00e9tition.<\/li>\n<\/ul>\n<ul>\n<li><em><strong>La coupe menstruelle Sileu Rose Standard a une flexibilit\u00e9 de 5.<\/strong><\/em> Cela la rend id\u00e9ale comme mod\u00e8le de d\u00e9part ou si vous n&#8217;\u00eates pas s\u00fbr de la flexibilit\u00e9 \u00e0 choisir au d\u00e9but \u00e0 essayer. C&#8217;est notre mod\u00e8le star le plus populaire et le choix le plus fr\u00e9quent parmi les femmes qui utilisent nos coupes menstruelles car, gr\u00e2ce \u00e0 sa conception, il est tr\u00e8s facile \u00e0 mettre et \u00e0 ouvrir correctement.<\/li>\n<li><em><strong>La coupe menstruelle Sileu Rose Soft a une flexibilit\u00e9 de 9<\/strong><\/em>. C&#8217;est notre coupe menstruelle la plus douce et la plus flexible et elle est recommand\u00e9e pour les femmes avec un plancher pelvien faible, mal exerc\u00e9 et sensible, comme les femmes qui ont r\u00e9cemment accouch\u00e9 et de nouveau ils commencent \u00e0 avoir des r\u00e8gles ou des femmes qui souffrent souvent d&#8217;infections vaginales et \/ ou urinaires telles que la cystite.<\/li>\n<\/ul>\n<p>&nbsp;<\/p>\n<p style=\"text-align: center\"><em><strong>Si vous avez des questions sur la taille et la flexibilit\u00e9 qui vous conviendraient le mieux, contactez-nous, nous sommes l\u00e0 pour vous aider.<\/strong><\/em><\/p>\n<p>&nbsp;<\/p>\n<h3 style=\"text-align: center\"><strong>\u00c0 PROPOS DE SILEU GO<\/strong><\/h3>\n<p>Avec le pack ce pack agenda Sileu Go, vous pouvez transporter votre coupe menstruelle Sileu Rose et votre st\u00e9rilisateur de mani\u00e8re confortable, discr\u00e8te et \u00e9l\u00e9gante dans votre sac, sac \u00e0 dos, valise en voyage, dans la bo\u00eete \u00e0 gants de votre voiture ou o\u00f9 que vous alliez. tu pr\u00e9f\u00e8res. Si vos r\u00e8gles diminuent lorsque vous n&#8217;\u00eates pas chez vous, vous pouvez aller discr\u00e8tement \u00e0 la salle de bain avec l&#8217;\u00e9tui Sileu \u00e0 la main ou dans votre sac en toute intimit\u00e9 et sans que personne ne voie ce que vous portez.<\/p>\n<p>Toutes nos coupes menstruelles sont fabriqu\u00e9es avec du silicone allemand de qualit\u00e9 m\u00e9dicale certifi\u00e9 ISO 10993, ainsi que notre colorant rouge, qui est biologique et \u00e9galement certifi\u00e9 ISO 10993. La couleur transparente de nos coupes ne contient aucun pigment.<\/p>\n<p>Chaque coupe menstruelle est livr\u00e9e dans un sachet scell\u00e9 pour garantir son hygi\u00e8ne totale. Ce sac est fait de PLA, un mat\u00e9riau non plastique et biod\u00e9gradable qui contribue \u00e0 l&#8217;environnement en \u00e9tant #z\u00e9ro plastique et #z\u00e9ro d\u00e9chet.<\/p>\n<p>Nous incluons un sac en coton biologique certifi\u00e9 GOTS comme cadeau dans toutes nos lunettes afin que vous puissiez le ranger lorsque vous ne l&#8217;utilisez pas.<\/p>\n<p>L&#8217;\u00e9tui mesure 8 cm de diam\u00e8tre et est sp\u00e9cialement con\u00e7u pour ranger la coupe menstruelle, de cette fa\u00e7on, il sera prot\u00e9g\u00e9 de la poussi\u00e8re, des peluches et de la salet\u00e9, ainsi que d&#8217;\u00eatre ray\u00e9 ou endommag\u00e9 par d&#8217;autres objets que nous transportons, il sera toujours pr\u00eat \u00e0 \u00eatre utilis\u00e9 lorsque est n\u00e9cessaire. Il est fait de mousse rigide et r\u00e9sistante. De plus, il int\u00e8gre \u00e0 l&#8217;int\u00e9rieur un filet pour accrocher le verre et l&#8217;emp\u00eacher de bouger ou de tomber lors de l&#8217;ouverture du bo\u00eetier.<\/p>\n<p>Avec ce pack pratique, plus de tracas lorsque vos r\u00e8gles chutent soudainement, vous aurez toujours votre coupe menstruelle Sileu pr\u00eate \u00e0 l&#8217;emploi \u00e0 tout moment, n&#8217;importe o\u00f9!<\/p>\n<h3 style=\"text-align: center\"><strong>QUE JE VAIS RECEVOIR?<\/strong><\/h3>\n<p>Le pack comprend la coupe menstruelle de la taille et de la couleur choisies scell\u00e9e dans un sac en PLA biod\u00e9gradable, un sac en coton biologique certifi\u00e9 GOTS pour le stockage, un manuel d&#8217;instructions multilingue (espagnol, anglais, fran\u00e7ais, allemand, italien, russe et portugais ) qui comprend des images utiles et des astuces pour le mettre et le retirer, un \u00e9tui en forme de fleur de 8 cm de diam\u00e8tre dans la couleur choisie et une bo\u00eete en carton.<\/p>\n","protected":false},"excerpt":{"rendered":"<p>QUELLE TAILLE CHOISIR? Taille S: femmes n&#8217;ayant pas accouch\u00e9 par accouchement naturel. Taille L: Femmes qui ont accouch\u00e9 par accouchement naturel. QUELLE FLEXIBILIT\u00c9 CHOISIR? La coupe menstruelle Sileu Rose Sport a une flexibilit\u00e9 de 2. Elle est moins flexible que les autres mod\u00e8les, afin de s&#8217;adapter parfaitement aux parois vaginales et d&#8217;\u00e9viter les fuites, en [&hellip;]<\/p>\n","protected":false},"featured_media":81696,"comment_status":"open","ping_status":"closed","template":"","meta":[],"product_brand":[],"product_cat":[2502],"product_tag":[],"class_list":{"0":"post-77118","1":"product","2":"type-product","3":"status-publish","4":"has-post-thumbnail","6":"product_cat-packs-sileu-fr","8":"first","9":"instock","10":"featured","11":"taxable","12":"shipping-taxable","13":"purchasable","14":"product-type-variable"},"supplier_id":null,"supplier_sku":"","barcode":null,"atum_controlled":true,"out_stock_date":null,"out_stock_threshold":null,"inheritable":false,"inbound_stock":0,"stock_on_hold":2,"sold_today":0,"sales_last_days":0,"reserved_stock":0,"customer_returns":0,"warehouse_damage":0,"lost_in_post":0,"other_logs":0,"out_stock_days":null,"lost_sales":0,"has_location":false,"update_date":"2026-03-31T13:40:00","atum_locations":[],"atum_stock_status":"instock","restock_status":false,"low_stock_amount":"","sales_update_date":"2025-06-10T19:39:13","calc_backorders":null,"_links":{"self":[{"href":"https:\/\/sileu.com\/fr\/wp-json\/wp\/v2\/product\/77118","targetHints":{"allow":["GET"]}}],"collection":[{"href":"https:\/\/sileu.com\/fr\/wp-json\/wp\/v2\/product"}],"about":[{"href":"https:\/\/sileu.com\/fr\/wp-json\/wp\/v2\/types\/product"}],"replies":[{"embeddable":true,"href":"https:\/\/sileu.com\/fr\/wp-json\/wp\/v2\/comments?post=77118"}],"wp:featuredmedia":[{"embeddable":true,"href":"https:\/\/sileu.com\/fr\/wp-json\/wp\/v2\/media\/81696"}],"wp:attachment":[{"href":"https:\/\/sileu.com\/fr\/wp-json\/wp\/v2\/media?parent=77118"}],"wp:term":[{"taxonomy":"product_brand","embeddable":true,"href":"https:\/\/sileu.com\/fr\/wp-json\/wp\/v2\/product_brand?post=77118"},{"taxonomy":"product_cat","embeddable":true,"href":"https:\/\/sileu.com\/fr\/wp-json\/wp\/v2\/product_cat?post=77118"},{"taxonomy":"product_tag","embeddable":true,"href":"https:\/\/sileu.com\/fr\/wp-json\/wp\/v2\/product_tag?post=77118"}],"curies":[{"name":"wp","href":"https:\/\/api.w.org\/{rel}","templated":true}]}}