{"id":77895,"date":"2018-10-16T18:18:01","date_gmt":"2018-10-16T18:18:01","guid":{"rendered":"https:\/\/sileu.com\/cup\/estuche-sileucase-copas-menstruales-ideal-llevar-tampon-copa-menstrual-forma-elegante-discreta-bolso-viajes\/"},"modified":"2026-04-15T17:18:36","modified_gmt":"2026-04-15T17:18:36","slug":"sileucase-case-tasses-menstruelles-ideal-pour-porter-tampon-coupe-menstruelle-forme-elegante-discret-sac-de-voyage","status":"publish","type":"product","link":"https:\/\/sileu.com\/fr\/produit\/sileucase-case-tasses-menstruelles-ideal-pour-porter-tampon-coupe-menstruelle-forme-elegante-discret-sac-de-voyage\/","title":{"rendered":"\u00c9tui SileuCase pour coupes menstruelles &#8211; Id\u00e9al pour transporter votre tampon ou coupe menstruelle avec \u00e9l\u00e9gance et discr\u00e9tion dans votre sac ou en voyage"},"content":{"rendered":"<p>Avec cet \u00e9tui pratique et magnifique en forme de rose, vous pouvez transporter votre coupe menstruelle de mani\u00e8re confortable, discr\u00e8te et \u00e9l\u00e9gante dans votre sac, sac \u00e0 dos, valise en voyage, dans la bo\u00eete \u00e0 gants de votre voiture ou o\u00f9 vous pr\u00e9f\u00e9rez.<\/p>\n<p>Si vous perdez vos r\u00e8gles pendant que vous \u00eates au travail, en r\u00e9union, dans la rue, dans la salle de sport, etc., vous pouvez aller discr\u00e8tement \u00e0 la salle de bain avec l&#8217;\u00e9tui Sileu \u00e0 la main ou dans votre sac en toute intimit\u00e9 et sans personne. voyez ce que vous portez.<\/p>\n<p>Cet \u00e9tui est sp\u00e9cialement con\u00e7u pour ranger la coupe menstruelle, de cette mani\u00e8re, il sera prot\u00e9g\u00e9 de la poussi\u00e8re, des peluches et de la salet\u00e9, ainsi que des rayures ou des dommages caus\u00e9s par d&#8217;autres objets que nous transportons, il sera toujours pr\u00eat \u00e0 \u00eatre utilis\u00e9 en cas de besoin.<\/p>\n<p>Il est r\u00e9alis\u00e9 en mousse rigide, ind\u00e9formable et r\u00e9sistante. De plus, il int\u00e8gre \u00e0 l&#8217;int\u00e9rieur un filet pour accrocher le verre et l&#8217;emp\u00eacher de bouger ou de tomber brusquement lors de l&#8217;ouverture du bo\u00eetier.<\/p>\n<p>L&#8217;\u00e9tui est disponible en deux couleurs, rose pastel et rouge, et en deux tailles:<\/p>\n<ul>\n<li>La petite taille (8 cm de diam\u00e8tre): Il est id\u00e9al pour transporter une seule coupe menstruelle en toute discr\u00e9tion \u00e0 utiliser \u00e0 tout moment et \u00e9viter qu&#8217;elle ne se perde dans le fond du sac \u00e0 main, sac \u00e0 dos, valise, sac, etc.<\/li>\n<li>Le grand format (10 cm de diam\u00e8tre): Il est id\u00e9al comme sac de voyage, car sa taille permet de ranger une coupe menstruelle, le st\u00e9rilisateur de coupes menstruelles Sileu Clean et m\u00eame quelques mini comprim\u00e9s st\u00e9rilisants pour nettoyer la tasse lorsque nous sommes loin de chez nous . Il peut \u00e9galement \u00eatre utilis\u00e9 pour stocker deux coupes menstruelles et les garder propres et pr\u00eates jusqu&#8217;\u00e0 leur utilisation.<\/li>\n<\/ul>\n<p>Avec cet \u00e9tui pratique, plus de tracas lorsque vos r\u00e8gles chutent soudainement, vous aurez toujours votre coupe menstruelle Sileu pr\u00eate \u00e0 l&#8217;emploi \u00e0 tout moment, n&#8217;importe o\u00f9!<\/p>\n<p><em><strong>** En achetant ce produit, vous recevrez un \u00e9tui Sileu de la couleur et de la taille choisies. Coupe et accessoires non inclus.<\/strong><\/em><\/p>\n","protected":false},"excerpt":{"rendered":"<p>Avec cet \u00e9tui pratique et magnifique en forme de rose, vous pouvez transporter votre coupe menstruelle de mani\u00e8re confortable, discr\u00e8te et \u00e9l\u00e9gante dans votre sac, sac \u00e0 dos, valise en voyage, dans la bo\u00eete \u00e0 gants de votre voiture ou o\u00f9 vous pr\u00e9f\u00e9rez. Si vous perdez vos r\u00e8gles pendant que vous \u00eates au travail, en [&hellip;]<\/p>\n","protected":false},"featured_media":81066,"comment_status":"open","ping_status":"closed","template":"","meta":[],"product_brand":[],"product_cat":[50769],"product_tag":[],"class_list":{"0":"post-77895","1":"product","2":"type-product","3":"status-publish","4":"has-post-thumbnail","6":"product_cat-trousse","8":"first","9":"instock","10":"sale","11":"featured","12":"taxable","13":"shipping-taxable","14":"purchasable","15":"product-type-variable"},"supplier_id":null,"supplier_sku":"","barcode":null,"atum_controlled":true,"out_stock_date":null,"out_stock_threshold":null,"inheritable":false,"inbound_stock":0,"stock_on_hold":6,"sold_today":0,"sales_last_days":0,"reserved_stock":0,"customer_returns":0,"warehouse_damage":0,"lost_in_post":0,"other_logs":0,"out_stock_days":null,"lost_sales":0,"has_location":false,"update_date":"2026-04-15T17:18:38","atum_locations":[],"atum_stock_status":"instock","restock_status":false,"low_stock_amount":"","sales_update_date":"2025-06-10T19:39:19","calc_backorders":null,"_links":{"self":[{"href":"https:\/\/sileu.com\/fr\/wp-json\/wp\/v2\/product\/77895","targetHints":{"allow":["GET"]}}],"collection":[{"href":"https:\/\/sileu.com\/fr\/wp-json\/wp\/v2\/product"}],"about":[{"href":"https:\/\/sileu.com\/fr\/wp-json\/wp\/v2\/types\/product"}],"replies":[{"embeddable":true,"href":"https:\/\/sileu.com\/fr\/wp-json\/wp\/v2\/comments?post=77895"}],"wp:featuredmedia":[{"embeddable":true,"href":"https:\/\/sileu.com\/fr\/wp-json\/wp\/v2\/media\/81066"}],"wp:attachment":[{"href":"https:\/\/sileu.com\/fr\/wp-json\/wp\/v2\/media?parent=77895"}],"wp:term":[{"taxonomy":"product_brand","embeddable":true,"href":"https:\/\/sileu.com\/fr\/wp-json\/wp\/v2\/product_brand?post=77895"},{"taxonomy":"product_cat","embeddable":true,"href":"https:\/\/sileu.com\/fr\/wp-json\/wp\/v2\/product_cat?post=77895"},{"taxonomy":"product_tag","embeddable":true,"href":"https:\/\/sileu.com\/fr\/wp-json\/wp\/v2\/product_tag?post=77895"}],"curies":[{"name":"wp","href":"https:\/\/api.w.org\/{rel}","templated":true}]}}