{"id":5279,"date":"2017-09-04T17:14:30","date_gmt":"2017-09-04T17:14:30","guid":{"rendered":"http:\/\/sileu.com\/?page_id=5279\/"},"modified":"2020-08-31T18:09:16","modified_gmt":"2020-08-31T18:09:16","slug":"voglio-sapere-di-piu-sulla-sileucup","status":"publish","type":"page","link":"https:\/\/sileu.com\/it\/voglio-sapere-di-piu-sulla-sileucup\/","title":{"rendered":"Voglio sapere di piu\u0300 sulla SileuCup!"},"content":{"rendered":"\t\t<div data-elementor-type=\"wp-page\" data-elementor-id=\"5279\" class=\"elementor elementor-5279 elementor-3640\" data-elementor-post-type=\"page\">\n\t\t\t\t\t\t<section class=\"elementor-section elementor-top-section elementor-element elementor-element-56eb15a elementor-section-boxed elementor-section-height-default elementor-section-height-default\" data-id=\"56eb15a\" data-element_type=\"section\" data-settings=\"{&quot;background_background&quot;:&quot;classic&quot;}\">\n\t\t\t\t\t\t<div class=\"elementor-container elementor-column-gap-default\">\n\t\t\t\t\t<div class=\"elementor-column elementor-col-100 elementor-top-column elementor-element elementor-element-f51082e\" data-id=\"f51082e\" data-element_type=\"column\">\n\t\t\t<div class=\"elementor-widget-wrap elementor-element-populated\">\n\t\t\t\t\t\t\t<\/div>\n\t\t<\/div>\n\t\t\t\t\t<\/div>\n\t\t<\/section>\n\t\t\t\t<section class=\"elementor-section elementor-top-section elementor-element elementor-element-035e8fb elementor-section-boxed elementor-section-height-default elementor-section-height-default\" data-id=\"035e8fb\" data-element_type=\"section\">\n\t\t\t\t\t\t<div class=\"elementor-container elementor-column-gap-default\">\n\t\t\t\t\t<div class=\"elementor-column elementor-col-100 elementor-top-column elementor-element elementor-element-31b5ae8\" data-id=\"31b5ae8\" data-element_type=\"column\">\n\t\t\t<div class=\"elementor-widget-wrap elementor-element-populated\">\n\t\t\t\t\t\t<div class=\"elementor-element elementor-element-09792a7 elementor-widget elementor-widget-accordion\" data-id=\"09792a7\" data-element_type=\"widget\" data-widget_type=\"accordion.default\">\n\t\t\t\t<div class=\"elementor-widget-container\">\n\t\t\t\t\t\t\t<div class=\"elementor-accordion\">\n\t\t\t\t\t\t\t<div class=\"elementor-accordion-item\">\n\t\t\t\t\t<div id=\"elementor-tab-title-9931\" class=\"elementor-tab-title\" data-tab=\"1\" role=\"button\" aria-controls=\"elementor-tab-content-9931\" aria-expanded=\"false\">\n\t\t\t\t\t\t\t\t\t\t\t\t\t<span class=\"elementor-accordion-icon elementor-accordion-icon-right\" aria-hidden=\"true\">\n\t\t\t\t\t\t\t\t\t\t\t\t\t\t\t<span class=\"elementor-accordion-icon-closed\"><i class=\"fas fa-plus\"><\/i><\/span>\n\t\t\t\t\t\t\t\t<span class=\"elementor-accordion-icon-opened\"><i class=\"fas fa-minus\"><\/i><\/span>\n\t\t\t\t\t\t\t\t\t\t\t\t\t\t<\/span>\n\t\t\t\t\t\t\t\t\t\t\t\t<a class=\"elementor-accordion-title\" tabindex=\"0\">Che cos\u2019\u00e8 la coppetta mestruale<\/a>\n\t\t\t\t\t<\/div>\n\t\t\t\t\t<div id=\"elementor-tab-content-9931\" class=\"elementor-tab-content elementor-clearfix\" data-tab=\"1\" role=\"region\" aria-labelledby=\"elementor-tab-title-9931\"><p>La coppetta mestruale Sileu \u00e8 il futuro nell\u2019igiene intima femminile, una rivoluzione nel modo in cui le donne concepiscono le proprie mestruazioni, qualcosa di pulito e naturale. \u00c8 un\u2019alternativa facile da usare, sicura, riutilizzabile e amica dell\u2019ambiente.<\/p><p>L\u2019uso della coppetta Sileu \u00e8 semplice: basta piegarla, inserirla come un assorbente interno e dimenticare per 12 ore che la si sta indossando. Raccoglie i fluidi al suo interno anzich\u00e9 assorbirli, mantenendo il proprio interno naturalmente lubrificato e sicuro per la salute, senza causare secchezza vaginale o lasciare tracce di fibre tessili. Anzich\u00e9 continuamente cambiarla, come prevedono i metodi tradizionali, \u00e8 sufficiente lavarla per poi riutilizzarla. Non ti succeder\u00e0 pi\u00f9 di finire gli assorbenti interni, perch\u00e9 non ne avrai pi\u00f9 bisogno. Comprende un sacchettino di cotone semplice e funzionale per riporla e portarla con te, cos\u00ec da averla sempre a portata di mano se necessaria. Con la coppetta mestruale Sileu, puoi semplicemente rilassarti e continuare la tua routine giornaliera senza alcun problema.<\/p><\/div>\n\t\t\t\t<\/div>\n\t\t\t\t\t\t\t<div class=\"elementor-accordion-item\">\n\t\t\t\t\t<div id=\"elementor-tab-title-9932\" class=\"elementor-tab-title\" data-tab=\"2\" role=\"button\" aria-controls=\"elementor-tab-content-9932\" aria-expanded=\"false\">\n\t\t\t\t\t\t\t\t\t\t\t\t\t<span class=\"elementor-accordion-icon elementor-accordion-icon-right\" aria-hidden=\"true\">\n\t\t\t\t\t\t\t\t\t\t\t\t\t\t\t<span class=\"elementor-accordion-icon-closed\"><i class=\"fas fa-plus\"><\/i><\/span>\n\t\t\t\t\t\t\t\t<span class=\"elementor-accordion-icon-opened\"><i class=\"fas fa-minus\"><\/i><\/span>\n\t\t\t\t\t\t\t\t\t\t\t\t\t\t<\/span>\n\t\t\t\t\t\t\t\t\t\t\t\t<a class=\"elementor-accordion-title\" tabindex=\"0\">Goditi gli infiniti benefici<\/a>\n\t\t\t\t\t<\/div>\n\t\t\t\t\t<div id=\"elementor-tab-content-9932\" class=\"elementor-tab-content elementor-clearfix\" data-tab=\"2\" role=\"region\" aria-labelledby=\"elementor-tab-title-9932\"><ul><li>Pu\u00f2 essere lasciata in posizione per 12 ore senza preoccupazioni. Per svuotarla si estrae comodamente e in sicurezza, non macchia e non entra in contatto con il flusso, si svuota, si lava ed \u00e8 pronta per essere rimessa in posizione.<\/li><li>Il costo della coppetta mestruale Sileu \u00e8 ammortizzato nel giro di un paio di mesi. Con una manutenzione adeguata pu\u00f2 durare fino a 10 anni, permettendo cos\u00ec di risparmiare denaro in assorbenti ed assorbenti interni.<\/li><li>Pu\u00f2 essere lavata facilmente con acqua e un sapone non aggressivo. Quando il ciclo finisce, la si sterilizza facendola bollire oppure utilizzando una pastiglia sterilizzante. Nella nostra sezione Accessori troverai tutto il necessario per facilitare una pulizia e una manutenzione adeguate.<\/li><li>Tutte le nostre coppette sono fatte di silicone di grado medico di alta qualit\u00e0, dello stesso tipo utilizzato nelle sale operatorie. Sono 100% ipoallergeniche, perci\u00f2 ogni donna pu\u00f2 usarle senza il rischio di allergie.<\/li><li>Non altera, secca n\u00e9 graffia il naturale ambiente vaginale, e nessun battere pu\u00f2 generarsi sulla superficie della coppetta se questa \u00e8 propriamente sterilizzata, evitando cos\u00ec resti di fibre tessili, infezioni vaginali, la Sindrome da Shock Tossico e malattie come la candida e la cistite.<\/li><li>\u00c8 compatibile con l\u2019uso della spirale contraccettiva e dell\u2019anello vaginale.<\/li><li>Il nostro silicone \u00e8 ecologico: con l\u2019uso della coppetta mestruale si risparmia una grande quantit\u00e0 di rifiuti nella forma di assorbenti ed assorbenti interni, contenenti prodotti chimici altamente inquinanti e dannosi come la clorina, aiutando cos\u00ec a preservare l\u2019ambiente.<\/li><\/ul><\/div>\n\t\t\t\t<\/div>\n\t\t\t\t\t\t\t<div class=\"elementor-accordion-item\">\n\t\t\t\t\t<div id=\"elementor-tab-title-9933\" class=\"elementor-tab-title\" data-tab=\"3\" role=\"button\" aria-controls=\"elementor-tab-content-9933\" aria-expanded=\"false\">\n\t\t\t\t\t\t\t\t\t\t\t\t\t<span class=\"elementor-accordion-icon elementor-accordion-icon-right\" aria-hidden=\"true\">\n\t\t\t\t\t\t\t\t\t\t\t\t\t\t\t<span class=\"elementor-accordion-icon-closed\"><i class=\"fas fa-plus\"><\/i><\/span>\n\t\t\t\t\t\t\t\t<span class=\"elementor-accordion-icon-opened\"><i class=\"fas fa-minus\"><\/i><\/span>\n\t\t\t\t\t\t\t\t\t\t\t\t\t\t<\/span>\n\t\t\t\t\t\t\t\t\t\t\t\t<a class=\"elementor-accordion-title\" tabindex=\"0\">Standard di Qualit\u00e0 della Coppetta Sileu<\/a>\n\t\t\t\t\t<\/div>\n\t\t\t\t\t<div id=\"elementor-tab-content-9933\" class=\"elementor-tab-content elementor-clearfix\" data-tab=\"3\" role=\"region\" aria-labelledby=\"elementor-tab-title-9933\"><p><img decoding=\"async\" class=\"irc_mi iG_UN1fWpPWg-pQOPx8XEepE alignleft\" src=\"http:\/\/www.sgs.com\/images\/SGS_Logo_500px_RGB.jpg\" alt=\"Resultado de imagen de sgs\" width=\"144\" height=\"144\" title=\"\">La coppetta mestruale Sileucup segue i pi\u00f9 severi protocolli di controllo e qualit\u00e0 nella produzione. Il silicone \u00e8 controllato dal fornitore fino al prodotto finito, con un monitoraggio altamente dettagliato in ogni processo per assicurare la massima sicurezza ed igiene. Quando la coppetta \u00e8 finita, viene chiusa in un sacchetto di platica sigillato, inserita nella propria borsetta di cotone e riposta insieme al manuale di istruzioni nella propria scatola, cos\u00ec che non possa pi\u00f9 essere manipolata fino a quando raggiunge le mani del consumatore.<\/p><p>La coppetta mestruale SileuCup \u00e8 stata testata da Intertek per assicurare che sia priva di sostanze tossiche o dannose; sia il silicone usato per la produzione che il prodotto finale hanno superato il test SVHC (REACH). Questa doppia analisi garantisce la massima qualit\u00e0 e la sicurezza nell\u2019uso delle nostre coppette mestruali, totalmente prive di qualsiasi tipo di sostanza dannosa per il corpo umano.<\/p><\/div>\n\t\t\t\t<\/div>\n\t\t\t\t\t\t\t\t<\/div>\n\t\t\t\t\t\t<\/div>\n\t\t\t\t<\/div>\n\t\t\t\t<div class=\"elementor-element elementor-element-71242d2 elementor-widget elementor-widget-spacer\" data-id=\"71242d2\" data-element_type=\"widget\" data-widget_type=\"spacer.default\">\n\t\t\t\t<div class=\"elementor-widget-container\">\n\t\t\t\t\t\t\t<div class=\"elementor-spacer\">\n\t\t\t<div class=\"elementor-spacer-inner\"><\/div>\n\t\t<\/div>\n\t\t\t\t\t\t<\/div>\n\t\t\t\t<\/div>\n\t\t\t\t\t<\/div>\n\t\t<\/div>\n\t\t\t\t\t<\/div>\n\t\t<\/section>\n\t\t\t\t<\/div>\n\t\t","protected":false},"excerpt":{"rendered":"<p>Che cos\u2019\u00e8 la coppetta mestruale La coppetta mestruale Sileu \u00e8 il futuro nell\u2019igiene intima femminile, una rivoluzione nel modo in cui le donne concepiscono le proprie mestruazioni, qualcosa di pulito e naturale. \u00c8 un\u2019alternativa facile da usare, sicura, riutilizzabile e amica dell\u2019ambiente. L\u2019uso della coppetta Sileu \u00e8 semplice: basta piegarla, inserirla come un assorbente interno [&hellip;]<\/p>\n","protected":false},"author":4815,"featured_media":0,"parent":0,"menu_order":0,"comment_status":"closed","ping_status":"closed","template":"elementor_header_footer","meta":{"footnotes":""},"class_list":["post-5279","page","type-page","status-publish","hentry"],"_links":{"self":[{"href":"https:\/\/sileu.com\/it\/wp-json\/wp\/v2\/pages\/5279","targetHints":{"allow":["GET"]}}],"collection":[{"href":"https:\/\/sileu.com\/it\/wp-json\/wp\/v2\/pages"}],"about":[{"href":"https:\/\/sileu.com\/it\/wp-json\/wp\/v2\/types\/page"}],"author":[{"embeddable":true,"href":"https:\/\/sileu.com\/it\/wp-json\/wp\/v2\/users\/4815"}],"replies":[{"embeddable":true,"href":"https:\/\/sileu.com\/it\/wp-json\/wp\/v2\/comments?post=5279"}],"version-history":[{"count":3,"href":"https:\/\/sileu.com\/it\/wp-json\/wp\/v2\/pages\/5279\/revisions"}],"predecessor-version":[{"id":77388,"href":"https:\/\/sileu.com\/it\/wp-json\/wp\/v2\/pages\/5279\/revisions\/77388"}],"wp:attachment":[{"href":"https:\/\/sileu.com\/it\/wp-json\/wp\/v2\/media?parent=5279"}],"curies":[{"name":"wp","href":"https:\/\/api.w.org\/{rel}","templated":true}]}}