{"id":5281,"date":"2017-09-04T17:16:25","date_gmt":"2017-09-04T17:16:25","guid":{"rendered":"http:\/\/sileu.com\/?page_id=5281\/"},"modified":"2018-10-25T09:42:22","modified_gmt":"2018-10-25T09:42:22","slug":"avvertimento-legale","status":"publish","type":"page","link":"https:\/\/sileu.com\/it\/avvertimento-legale\/","title":{"rendered":"Avvertimento Legale"},"content":{"rendered":"<ol>\n<li>Informazioni sull\u2019azienda: nel rispetto dell\u2019articolo 10 della Legge 34\/2002, dell\u201911 luglio, riguardo i Servizi della Societ\u00e0 dell\u2019Informazione e Commercio Elettronico, i seguenti sono i dati identificativi dell\u2019azienda. Nome dell\u2019azienda: Fulfillment Warehouse Spain S.L., con sede a Calle Buend\u00eda 11, 19005, Guadalajara, Spagna, B19316165.<\/li>\n<li>Propriet\u00e0 intellettuale: codice sorgente, design di grafica, immagini, fotografie, suoni, animazioni, software, testi, informazioni e contenuti inclusi in questo sito web sono protetti dalla legislazione spagnola sui diritti di propriet\u00e0 intellettuale ed industriale in favore dell\u2019azienda Fulfillment Warehouse Spain SL, e la totale o parziale riproduzione e\/o pubblicazione del sito web, la sua elaborazione a computer, distribuzione, diffusione od alterazione, trasformazione o decompilazione, o qualsiasi altro diritto riconosciuto legalmente, senza il possesso di permesso scritto da parte della Fulfillment Warehouse Spain SL, sar\u00e0 punito a norma di legge. L\u2019utente pu\u00f2 soltanto usare il materiale che appare su questo sito web ad uso personale e privato, essendo proibito il suo uso a fini commerciali o per incorrere in attivit\u00e0 illecite. Tutti i diritti derivanti dalla propriet\u00e0 intellettuale sono espressamente riservati alla Fulfillment Warehouse Spain SL, che assicurer\u00e0 il rispetto delle condizioni sopracitate, cos\u00ec come l\u2019uso proprio dei contenuti presenti in queste pagine web, esercitando tutte le azioni civili e le sanzioni che si applicano in caso di infrazione o violazione di questi diritti da parte dell\u2019utente.<\/li>\n<li>La protezione dei dati personali nel contesto del rispetto dell\u2019attuale legislazione, come stabilito nella Legge Organica 15\/1999 del 13 dicembre sulla Protezione dei Dati Personali (LOPD), il cui scopo \u00e8 garantire e proteggere, per quanto riguarda il trattamento dei dati personali, le libert\u00e0 fondamentali e i diritti dei soggetti naturali, e in particolare il loro onore e la privacy personale. La Fulfillment Warehouse Spain SL informa gli utenti che in questo sito web non sono richiesti o registrati dati personali.<\/li>\n<li>Varie<\/li>\n<\/ol>\n<p>A.- La \u200b\u200bFulfillment Warehouse Spain SL, non usa i cookies conservati nel computer. I cookies sono piccoli file che il nostro computer manda al vostro computer, ma non possono rivelarci alcuna informazione riguardo il vostro nome o qualsiasi altro dato personale. Quando l\u2019utente naviga nelle pagine web di Fulfillment Warehouse Spain SL, il server che le ospita riconosce automaticamente l\u2019indirizzo IP del vostro computer, il giorno e l\u2019ora in cui inizia la visita, quando la visita termina e informazioni riguardo le diverse sezioni consultate. \u00c8 necessario che il server conosca queste informazioni per essere in grado di comunicare e mandare la richiesta effettuata, e attraverso il browser, mostrarla sullo schermo.<\/p>\n<p>B.- La \u200b\u200bFulfillment Warehouse Spain SL pu\u00f2 modificare, senza alcun avviso, le informazioni contenute nel proprio sito web, cos\u00ec come la sua configurazione e presentazione.<\/p>\n<p>C.- La Fulfillment Warehouse Spain SL, con la presente si impegna a NON UTILIZZARE PUBBLICITA\u2019 INGANNEVOLE. Per tale ragione, gli errori formali o numerici che possono essere trovati all\u2019interno del contenuto delle diverse sezioni del sito web di Fulfillment Warehouse Spain SL \u00e8 prodotto come risultato di manutenzione e\/o aggiornamento incompleto o informazioni difettose contenute in queste sezioni. La Fulfillment Warehouse Spain SL, come conseguenza delle disposizioni espresse in questa sezione, si impegna a correggerli non appena le sar\u00e0 noto di tali errori.<\/p>\n<p>D.- La Fulfillment Warehouse Spain SL si impegna a NON INVIARE ACCORDI PUBBLICITARI SENZA AVERLA IDENTIFICATA COME TALE, nel rispetto delle disposizioni della Legge 34\/2002 riguardo i Servizi della Societ\u00e0 dell\u2019Informazione e Commercio Elettronico. Per tali motivi, ogni informazione inviata AI CLIENTI della Fulfillment Warehouse Spain SL avr\u00e0 lo scopo di mantenere l\u2019esistente relazione contrattuale tra il consumatore e la Fulfillment Warehouse Spain SL, o di fornire le prestazioni dell\u2019informazione, l\u2019esercizio e altre attivit\u00e0 del servizio che il cliente ha contratto con l\u2019azienda.<\/p>\n<p>E.- La Fulfillment Warehouse Spain SL non \u00e8 responsabile per alcuna violazione delle norme applicabili in cui l\u2019utente potrebbe incorrere accedendo al sito web e\/o utilizzando le informazioni ivi contenute.<\/p>\n<p>F.- La Fulfillment Warehouse Spain SL non \u00e8 responsabile per danni e perdite causate o che possano accadere, di qualsiasi natura, che derivino dall\u2019uso delle informazioni, dei materiali contenuti in questo sito web e dei programmi che comprende. I collegamenti e l\u2019ipertesto che consentono all\u2019utente di accedere ai servizi offerti da terze parti tramite questo sito web non appartengono e non sono sotto il controllo della Fulfillment Warehouse Spain SL. La suddetta non \u00e8 dunque responsabile per le informazioni ivi contenute o per qualsiasi effetto possa derivare da tali informazioni.<\/p>\n<p>G.- La Fulfillment Warehouse Spain S.L. non \u00e8 responsabile per l\u2019uso che terze parti potrebbero fare dei marchi, dei nomi dei prodotti che, seppur non di propriet\u00e0 di tale soggetto, appaiono su questo sito web. N\u00e9 \u00e8 responsabile per l\u2019integrit\u00e0, la veridicit\u00e0 e la legalit\u00e0 del contenuto dei collegamenti ai siti che possono essere raggiunti tramite questo sito web.<\/p>\n<p>H.- In breve, l\u2019utente \u00e8 il solo responsabile dell\u2019uso fatto dei servizi, contenuti, collegamenti ed ipertesti inclusi in questo sito web.<\/p>\n<p>&nbsp;<\/p>\n","protected":false},"excerpt":{"rendered":"<p>Informazioni sull\u2019azienda: nel rispetto dell\u2019articolo 10 della Legge 34\/2002, dell\u201911 luglio, riguardo i Servizi della Societ\u00e0 dell\u2019Informazione e Commercio Elettronico, i seguenti sono i dati identificativi dell\u2019azienda. Nome dell\u2019azienda: Fulfillment Warehouse Spain S.L., con sede a Calle Buend\u00eda 11, 19005, Guadalajara, Spagna, B19316165. Propriet\u00e0 intellettuale: codice sorgente, design di grafica, immagini, fotografie, suoni, animazioni, software, [&hellip;]<\/p>\n","protected":false},"author":4815,"featured_media":0,"parent":0,"menu_order":0,"comment_status":"closed","ping_status":"closed","template":"","meta":{"footnotes":""},"class_list":["post-5281","page","type-page","status-publish","hentry"],"_links":{"self":[{"href":"https:\/\/sileu.com\/it\/wp-json\/wp\/v2\/pages\/5281","targetHints":{"allow":["GET"]}}],"collection":[{"href":"https:\/\/sileu.com\/it\/wp-json\/wp\/v2\/pages"}],"about":[{"href":"https:\/\/sileu.com\/it\/wp-json\/wp\/v2\/types\/page"}],"author":[{"embeddable":true,"href":"https:\/\/sileu.com\/it\/wp-json\/wp\/v2\/users\/4815"}],"replies":[{"embeddable":true,"href":"https:\/\/sileu.com\/it\/wp-json\/wp\/v2\/comments?post=5281"}],"version-history":[{"count":3,"href":"https:\/\/sileu.com\/it\/wp-json\/wp\/v2\/pages\/5281\/revisions"}],"predecessor-version":[{"id":7328,"href":"https:\/\/sileu.com\/it\/wp-json\/wp\/v2\/pages\/5281\/revisions\/7328"}],"wp:attachment":[{"href":"https:\/\/sileu.com\/it\/wp-json\/wp\/v2\/media?parent=5281"}],"curies":[{"name":"wp","href":"https:\/\/api.w.org\/{rel}","templated":true}]}}