{"id":5284,"date":"2017-09-04T17:17:44","date_gmt":"2017-09-04T17:17:44","guid":{"rendered":"http:\/\/sileu.com\/?page_id=5284\/"},"modified":"2020-08-31T18:12:54","modified_gmt":"2020-08-31T18:12:54","slug":"standard-di-qualita-della-sileucup","status":"publish","type":"page","link":"https:\/\/sileu.com\/it\/standard-di-qualita-della-sileucup\/","title":{"rendered":"Standard di Qualita\u0300 della SileuCup"},"content":{"rendered":"\t\t<div data-elementor-type=\"wp-page\" data-elementor-id=\"5284\" class=\"elementor elementor-5284 elementor-4143\" data-elementor-post-type=\"page\">\n\t\t\t\t\t\t<section class=\"elementor-section elementor-top-section elementor-element elementor-element-9c85509 elementor-section-boxed elementor-section-height-default elementor-section-height-default\" data-id=\"9c85509\" data-element_type=\"section\" data-settings=\"{&quot;background_background&quot;:&quot;classic&quot;}\">\n\t\t\t\t\t\t<div class=\"elementor-container elementor-column-gap-default\">\n\t\t\t\t\t<div class=\"elementor-column elementor-col-100 elementor-top-column elementor-element elementor-element-09bf656\" data-id=\"09bf656\" data-element_type=\"column\">\n\t\t\t<div class=\"elementor-widget-wrap elementor-element-populated\">\n\t\t\t\t\t\t\t<\/div>\n\t\t<\/div>\n\t\t\t\t\t<\/div>\n\t\t<\/section>\n\t\t\t\t<section class=\"elementor-section elementor-top-section elementor-element elementor-element-4be68953 elementor-section-boxed elementor-section-height-default elementor-section-height-default\" data-id=\"4be68953\" data-element_type=\"section\">\n\t\t\t\t\t\t<div class=\"elementor-container elementor-column-gap-default\">\n\t\t\t\t\t<div class=\"elementor-column elementor-col-100 elementor-top-column elementor-element elementor-element-6839a8d9\" data-id=\"6839a8d9\" data-element_type=\"column\">\n\t\t\t<div class=\"elementor-widget-wrap elementor-element-populated\">\n\t\t\t\t\t\t<div class=\"elementor-element elementor-element-179e155a elementor-widget elementor-widget-text-editor\" data-id=\"179e155a\" data-element_type=\"widget\" data-widget_type=\"text-editor.default\">\n\t\t\t\t<div class=\"elementor-widget-container\">\n\t\t\t\t\t\t\t\t\t<p>Le nostre coppette mestruali sono prodotte con silicone di grado chirurgico di altissima qualit\u00e0, lo stesso che viene utilizzato, ad esempio, per creare strumenti chirurgici, tettarelle per i ciucci dei bambini e i biberon o protesi mammarie.<\/p><p>Tutte le nostre coppette mestruali sono state testate dalla Intertek nel loro laboratorio indipendente in Germania, attraverso un\u2019analisi che cerca sostanze chimiche chiamate <em><strong>SVHC (sostanze ad alto rischio).<\/strong><\/em> Tali sostanze sono catalogate nella regolamentazione <strong><em>REACH<\/em><\/strong> nel seguente:<\/p><ul><li>Sostanze cancerogene<\/li><li>Sostanze mutageniche<\/li><li>Sostanze tossiche nella riproduzione<\/li><li>Sostanze tossiche, persistenti e bioaccumulabili<\/li><li>Sostanze per cui sia presente \u201cevidenza scientifica di seri effetti sulla salute umana o sull\u2019ambiente, che danno origine a un livello di preoccupazione equivalente\u201d<\/li><\/ul><p>\u00a0<\/p><p>Nessuna traccia di alcuna sostanza SVHC \u00e8 stata trovata nelle coppette mestruali SileuCup; di conseguenza, le nostre coppette godono dei sigilli di qualit\u00e0: \u201ctestato per PAH\u201d (no idrocarburi aromatici policiclici), \u201csenza piombo\u201d, \u201csenza cadmio\u201d e \u201ctestato per composti organici di stagno\u201d.<\/p><p>Intertek \u00e8 un leader internazionale nella certificazione dei prodotti con pi\u00f9 di 36.000 dipendenti e 1.000 sedi in pi\u00f9 di 100 paesi in tutto il mondo. Assicurano attraverso le analisi di laboratorio che i prodotti testati soddisfino i pi\u00f9 alti standard di qualit\u00e0, sanit\u00e0, sicurezza, ambiente e responsabilit\u00e0 sociale su ogni mercato del mondo.<\/p><p>Per tali motivi, le nostre coppette mestruali sono le uniche che possono garantire al 100% la pi\u00f9 alta qualit\u00e0 e sicurezza, che si traduce in tranquillit\u00e0 mentale quando la si indossa. Sono molto resistenti e facili da sterilizzare; con una manutenzione adeguata possono durare fino a 10 anni.<\/p><p>Alla SileuCup crediamo fermamente nell\u2019eliminazione dei tab\u00f9 che riguardano le mestruazioni, cos\u00ec che tutti noi possiamo goderci l\u2019esperienza del ciclo come qualcosa di bello e naturale. Vogliamo offrirvi un punto di vista totalmente diverso rispetto alle vecchie mentalit\u00e0, che vedono le mestruazioni come qualcosa di negativo e che difendono l\u2019uso di prodotti tradizionali e monouso, pieni di sostanze chimiche dannose per la nostra salute e altamente inquinanti.<\/p><p>Noi crediamo che tutte le donne abbiano il diritto di vivere il proprio ciclo mestruale in maniera felice e salutare. Per questo facciamo ogni sforzo per assicurare che tutti i nostri prodotti siano certificati, registrati e prodotti con la nostra salute e tranquillit\u00e0 mentale.<\/p><h4 style=\"text-align: center\"><em>Alla SileuCup, siamo un team di donne che lavorano per le donne, per la loro emancipazione ed autorit\u00e0 e per un mondo migliore.<\/em><\/h4>\t\t\t\t\t\t\t\t<\/div>\n\t\t\t\t<\/div>\n\t\t\t\t\t<\/div>\n\t\t<\/div>\n\t\t\t\t\t<\/div>\n\t\t<\/section>\n\t\t\t\t<\/div>\n\t\t","protected":false},"excerpt":{"rendered":"<p>Le nostre coppette mestruali sono prodotte con silicone di grado chirurgico di altissima qualit\u00e0, lo stesso che viene utilizzato, ad esempio, per creare strumenti chirurgici, tettarelle per i ciucci dei bambini e i biberon o protesi mammarie. Tutte le nostre coppette mestruali sono state testate dalla Intertek nel loro laboratorio indipendente in Germania, attraverso un\u2019analisi [&hellip;]<\/p>\n","protected":false},"author":4815,"featured_media":0,"parent":0,"menu_order":0,"comment_status":"closed","ping_status":"closed","template":"elementor_header_footer","meta":{"footnotes":""},"class_list":["post-5284","page","type-page","status-publish","hentry"],"_links":{"self":[{"href":"https:\/\/sileu.com\/it\/wp-json\/wp\/v2\/pages\/5284","targetHints":{"allow":["GET"]}}],"collection":[{"href":"https:\/\/sileu.com\/it\/wp-json\/wp\/v2\/pages"}],"about":[{"href":"https:\/\/sileu.com\/it\/wp-json\/wp\/v2\/types\/page"}],"author":[{"embeddable":true,"href":"https:\/\/sileu.com\/it\/wp-json\/wp\/v2\/users\/4815"}],"replies":[{"embeddable":true,"href":"https:\/\/sileu.com\/it\/wp-json\/wp\/v2\/comments?post=5284"}],"version-history":[{"count":3,"href":"https:\/\/sileu.com\/it\/wp-json\/wp\/v2\/pages\/5284\/revisions"}],"predecessor-version":[{"id":77390,"href":"https:\/\/sileu.com\/it\/wp-json\/wp\/v2\/pages\/5284\/revisions\/77390"}],"wp:attachment":[{"href":"https:\/\/sileu.com\/it\/wp-json\/wp\/v2\/media?parent=5284"}],"curies":[{"name":"wp","href":"https:\/\/api.w.org\/{rel}","templated":true}]}}