{"id":5286,"date":"2017-09-04T17:23:02","date_gmt":"2017-09-04T17:23:02","guid":{"rendered":"http:\/\/sileu.com\/?page_id=5286\/"},"modified":"2020-08-31T18:23:30","modified_gmt":"2020-08-31T18:23:30","slug":"come-scegliere-la-coppetta-ideale","status":"publish","type":"page","link":"https:\/\/sileu.com\/it\/come-scegliere-la-coppetta-ideale\/","title":{"rendered":"Come scegliere la coppetta ideale"},"content":{"rendered":"\t\t<div data-elementor-type=\"wp-page\" data-elementor-id=\"5286\" class=\"elementor elementor-5286 elementor-4343\" data-elementor-post-type=\"page\">\n\t\t\t\t\t\t<section class=\"elementor-section elementor-top-section elementor-element elementor-element-f534b8d elementor-section-boxed elementor-section-height-default elementor-section-height-default\" data-id=\"f534b8d\" data-element_type=\"section\" data-settings=\"{&quot;background_background&quot;:&quot;classic&quot;}\">\n\t\t\t\t\t\t<div class=\"elementor-container elementor-column-gap-default\">\n\t\t\t\t\t<div class=\"elementor-column elementor-col-100 elementor-top-column elementor-element elementor-element-d8cae70\" data-id=\"d8cae70\" data-element_type=\"column\">\n\t\t\t<div class=\"elementor-widget-wrap elementor-element-populated\">\n\t\t\t\t\t\t\t<\/div>\n\t\t<\/div>\n\t\t\t\t\t<\/div>\n\t\t<\/section>\n\t\t\t\t<section class=\"elementor-section elementor-top-section elementor-element elementor-element-859774d elementor-section-boxed elementor-section-height-default elementor-section-height-default\" data-id=\"859774d\" data-element_type=\"section\">\n\t\t\t\t\t\t<div class=\"elementor-container elementor-column-gap-default\">\n\t\t\t\t\t<div class=\"elementor-column elementor-col-100 elementor-top-column elementor-element elementor-element-931bb8b\" data-id=\"931bb8b\" data-element_type=\"column\">\n\t\t\t<div class=\"elementor-widget-wrap elementor-element-populated\">\n\t\t\t\t\t\t<div class=\"elementor-element elementor-element-1e3d5470 elementor-widget elementor-widget-text-editor\" data-id=\"1e3d5470\" data-element_type=\"widget\" data-widget_type=\"text-editor.default\">\n\t\t\t\t<div class=\"elementor-widget-container\">\n\t\t\t\t\t\t\t\t\t<p>Sul nostro sito web puoi trovare diversi modelli di coppetta mestruale, e ci\u00f2 potrebbe portarti a chiedere: quale sar\u00e0 la migliore? Quale modello sar\u00e0 l\u2019ideale per me? Quale dovrei scegliere?<\/p><p>Senza dubbio, il corpo di ogni donna \u00e8 come un mondo, ed \u00e8 difficile stabilire regole o linee guida che possano soddisfare tutte le donne allo stesso modo, ma \u00e8 anche vero che esistono linee generali che offrono un risultato piuttosto accurato per scegliere la coppetta mestruale SileuCup ideale per te.<\/p><p>Si tenga a mente che ci sono diversi parametri che differenziano le coppette mestruali SileuCup tra loro, come la misura, la capacit\u00e0, il colore, la struttura, la forma del gambo, i fori di svuotamento ecc. Ad ogni modo, tutti questi fattori diventano secondari quando si parla di aderenza ottimale della coppetta al proprio corpo.<\/p><p>Raccomandiamo di tenere sempre in considerazione il parametro che, secondo la nostra esperienza, risulta il pi\u00f9 fondamentale di tutti: la flessibilit\u00e0 della coppetta mestruale, che \u00e8 strettamente collegato alla resistenza del pavimento pelvico di ogni singola donna. La flessibilit\u00e0 varia su una scala da 1 a 10, dove 1 corrisponde alla coppetta meno flessibile e 10 alla pi\u00f9 flessibile.<\/p><p><img fetchpriority=\"high\" decoding=\"async\" class=\"aligncenter wp-image-76448 size-full\" src=\"https:\/\/sileu.com\/wp-content\/uploads\/2020\/08\/COPAS-ROJAS-JUNTAS.png\" alt=\"\" width=\"600\" height=\"220\" title=\"\" srcset=\"https:\/\/sileu.com\/wp-content\/uploads\/2020\/08\/COPAS-ROJAS-JUNTAS.png 600w, https:\/\/sileu.com\/wp-content\/uploads\/2020\/08\/COPAS-ROJAS-JUNTAS-510x187.png 510w\" sizes=\"(max-width: 600px) 100vw, 600px\" \/><\/p><h4 style=\"text-align: center\"><span style=\"color: #808080\"><em>Ecco una descrizione dettagliata di ogni modello. Trova la tua SileuCup!<\/em><\/span><\/h4><ul><li><em><strong>Il modello Sport ha una flessibilit\u00e0 pari a 1<\/strong><\/em> ed \u00e8 specialmente adatta alle donne con un pavimento pelvico ben allenato (per esempio, per donne che praticano regolarmente esercizi come pilates, danza, bicicletta ecc.). La coppetta Sport, essendo meno flessibile, esercita pi\u00f9 pressione sulla parete vaginale, per impedire cos\u00ec eventuali perdite e aderire perfettamente. Ha solo due fori di svuotamento, per essere pi\u00f9 sigillata e sicura. \u00c8 di colore rosa, e al tocco \u00e8 resistente e liscia. Lo stelo \u00e8 piatto, e nel caso dovesse risultare fastidioso pu\u00f2 essere accorciato in parte o rimosso del tutto.<\/li><\/ul><p>\u00a0<\/p><ul><li><em><strong>Il modello Soft ha una flessibilit\u00e0 pari a 8<\/strong><\/em>, \u00e8 il modello pi\u00f9 morbido disponibile al momento. \u00c8 leggermente pi\u00f9 difficile da dispiegare una volta inserito, ma esercita meno pressione sulle pareti vaginali. Ha quattro fori di svuotamento, perci\u00f2 \u00e8 pi\u00f9 facile aprire il sigillo durante la rimozione. Questo modello \u00e8 stato progettato in particolare per le donne che hanno un pavimento pelvico debole o sensibile, per esempio per le donne che hanno recentemente partorito, che hanno tendenza a soffrire di malattie vaginali o che non praticano sport che allenano il pavimento pelvico. \u00c8 di color malva e al tocco risulta soffice come la seta. Lo stelo \u00e8 corto e di forma rotonda, pu\u00f2 essere rimosso se crea fastidio.<\/li><\/ul><p>\u00a0<\/p><ul><li><em><strong>Il modello Classic ha una flessibilit\u00e0 pari a 5.<\/strong><\/em> La sua saldezza media (si dispiega con relativa semplicit\u00e0 ed esercita una normale pressione sulle pareti vaginali) la rende ideale per la maggior parte delle donne. Ha quattro fori di svuotamento. Lo stelo \u00e8 piatto e ovale, come per gli altri modelli pu\u00f2 essere tagliato se lo si desidera.<\/li><\/ul><p>\u00a0<\/p><ul><li><em><strong>\u00a0Il modello Tulip ha una flessibilit\u00e0 pari a 5<\/strong><\/em> come il modello Classic, con la differenza di avere la forma di un tulipano e l\u2019appendice rotonda, il che la rende pi\u00f9 facile da posizionare: per questo motivo \u00e8 ideale per chi inizia ad usare la coppetta mestruale. Allo stesso modo, se si desidera utilizzare una coppetta mestruale per la prima volta e non si \u00e8 decisi nella scelta, vi raccomandiamo di iniziare con questo modello. \u00c8 di color malva, soffice al tatto ed ha uno stelo tondo e cavo (anche questo pu\u00f2 essere tagliato).<\/li><li><p><em><strong>Il modello Rose ha una flessibilit\u00e0 di 3.<\/strong><\/em> Si adatta perfettamente alle pareti vaginali senza muoversi e senza rischio di perdite. Il modello Rose \u00e8 particolarmente consigliato come modello iniziale, essendo molto facile da posizionare e rimuovere senza macchiare o versare. Ha un design totalmente unico e inimitabile made in Spain, che ricorda una bellissima rosa traslucida rossa o bianca secondo la tua scelta, con il tocco vellutato di un petalo di fiore.<\/p><\/li><li><p><em><strong>Il modello Divine ha un flex di 8<\/strong><\/em> proprio come il modello Soft. \u00c8 una buona opzione se hai bisogno di una coppa pi\u00f9 flessibile perch\u00e9 hai un pavimento pelvico debole e \/ o sensibile ma lo stelo del modello Soft \u00e8 corto per estrarlo facilmente (ad esempio, se hai la cervice alta), poich\u00e9 grazie alla palla al l&#8217;estremit\u00e0 dello stelo \u00e8 molto facile da afferrare per estrarre. \u00c8 di colore malva.<\/p><\/li><li><p><em><strong>Il modello Bell ha una flessibilit\u00e0 di 2.<\/strong><\/em> \u00c8 ideale per quelle donne con una cervice bassa, poich\u00e9 la sua forma a campana si adatta idealmente alle pareti vaginali. Inoltre, il suo gambo a forma di &#8220;filo&#8221;, che imita la forma dei tamponi, ne facilita l&#8217;estrazione e pu\u00f2 essere tagliato all&#8217;altezza desiderata. \u00c8 di colore trasparente.<\/p><\/li><\/ul><h5 style=\"text-align: center\"><strong><em>Tutte le coppette includono un piccolo misuratore di capacit\u00e0 (a tacche) sul corpo della coppetta stessa.<\/em><\/strong><\/h5><p>Per quanto riguarda la misura, per le donne che hanno meno di 25 anni o che non hanno mai effettuato un parto naturale, la misura raccomandata \u00e8 la S. Per le donne che, al contrario, hanno pi\u00f9 di 25 anni e\/o hanno avuto uno o pi\u00f9 parti naturali, la misura raccomandata \u00e8 la L.<\/p><p>In ogni caso, come abbiamo detto, ogni corpo \u00e8 diverso e queste linee guida sono solo generali. Solitamente funzionano bene per la maggior parte delle donne, ma pu\u00f2 capitare che una donna si trovi meglio con un modello diverso da quello che queste regole le avrebbero consigliato. Perci\u00f2 raccomandiamo di provarle e di scegliere quella che risulta pi\u00f9 adatta.<\/p><p><img decoding=\"async\" class=\"size-medium wp-image-7946 aligncenter\" src=\"https:\/\/sileu.com\/wp-content\/uploads\/2019\/04\/CUADRO-COMPARATIVO-PEQUENO-IT-800x400.jpg\" alt=\"\" width=\"800\" height=\"400\" title=\"\" srcset=\"https:\/\/sileu.com\/wp-content\/uploads\/2019\/04\/CUADRO-COMPARATIVO-PEQUENO-IT-800x400.jpg 800w, https:\/\/sileu.com\/wp-content\/uploads\/2019\/04\/CUADRO-COMPARATIVO-PEQUENO-IT-510x255.jpg 510w, https:\/\/sileu.com\/wp-content\/uploads\/2019\/04\/CUADRO-COMPARATIVO-PEQUENO-IT-768x384.jpg 768w, https:\/\/sileu.com\/wp-content\/uploads\/2019\/04\/CUADRO-COMPARATIVO-PEQUENO-IT-1600x800.jpg 1600w, https:\/\/sileu.com\/wp-content\/uploads\/2019\/04\/CUADRO-COMPARATIVO-PEQUENO-IT-1320x660.jpg 1320w\" sizes=\"(max-width: 800px) 100vw, 800px\" \/><\/p>\t\t\t\t\t\t\t\t<\/div>\n\t\t\t\t<\/div>\n\t\t\t\t\t<\/div>\n\t\t<\/div>\n\t\t\t\t\t<\/div>\n\t\t<\/section>\n\t\t\t\t<\/div>\n\t\t","protected":false},"excerpt":{"rendered":"<p>Sul nostro sito web puoi trovare diversi modelli di coppetta mestruale, e ci\u00f2 potrebbe portarti a chiedere: quale sar\u00e0 la migliore? Quale modello sar\u00e0 l\u2019ideale per me? Quale dovrei scegliere? Senza dubbio, il corpo di ogni donna \u00e8 come un mondo, ed \u00e8 difficile stabilire regole o linee guida che possano soddisfare tutte le donne [&hellip;]<\/p>\n","protected":false},"author":4815,"featured_media":14411,"parent":0,"menu_order":0,"comment_status":"closed","ping_status":"closed","template":"elementor_header_footer","meta":{"footnotes":""},"class_list":["post-5286","page","type-page","status-publish","has-post-thumbnail","hentry"],"_links":{"self":[{"href":"https:\/\/sileu.com\/it\/wp-json\/wp\/v2\/pages\/5286","targetHints":{"allow":["GET"]}}],"collection":[{"href":"https:\/\/sileu.com\/it\/wp-json\/wp\/v2\/pages"}],"about":[{"href":"https:\/\/sileu.com\/it\/wp-json\/wp\/v2\/types\/page"}],"author":[{"embeddable":true,"href":"https:\/\/sileu.com\/it\/wp-json\/wp\/v2\/users\/4815"}],"replies":[{"embeddable":true,"href":"https:\/\/sileu.com\/it\/wp-json\/wp\/v2\/comments?post=5286"}],"version-history":[{"count":5,"href":"https:\/\/sileu.com\/it\/wp-json\/wp\/v2\/pages\/5286\/revisions"}],"predecessor-version":[{"id":77393,"href":"https:\/\/sileu.com\/it\/wp-json\/wp\/v2\/pages\/5286\/revisions\/77393"}],"wp:featuredmedia":[{"embeddable":true,"href":"https:\/\/sileu.com\/it\/wp-json\/wp\/v2\/media\/14411"}],"wp:attachment":[{"href":"https:\/\/sileu.com\/it\/wp-json\/wp\/v2\/media?parent=5286"}],"curies":[{"name":"wp","href":"https:\/\/api.w.org\/{rel}","templated":true}]}}