{"id":5289,"date":"2017-09-04T17:25:20","date_gmt":"2017-09-04T17:25:20","guid":{"rendered":"http:\/\/sileu.com\/?page_id=5289\/"},"modified":"2018-10-25T09:45:36","modified_gmt":"2018-10-25T09:45:36","slug":"condizioni-generali-di-vendita","status":"publish","type":"page","link":"https:\/\/sileu.com\/it\/condizioni-generali-di-vendita\/","title":{"rendered":"Condizioni generali di vendita"},"content":{"rendered":"<p>Queste condizioni generali di vendita, a cui l\u2019acquirente dichiara di aderire senza riserve o restrizioni, si applicano a tutte le vendite effettuate tramite il sito internet www.sileu.com.<\/p>\n<p>Tra:<\/p>\n<p>Fulfillment Warehouse Spain, SL<\/p>\n<p>Calle Buend\u00eda 11<\/p>\n<p>19005 Cordoba, Spagna<\/p>\n<p>CIF: B19316165<\/p>\n<p>Tel: 957 767 888<\/p>\n<p>E ogni acquirente sul sito web www.sileu.com.<\/p>\n<p>\u00c8 stabilito quanto segue:<\/p>\n<p>&nbsp;<\/p>\n<p>1- DEFINIZIONE<\/p>\n<p>Acquirente: persona che desidera effettuare o effettua un acquisto sul sito web <a href=\"http:\/\/www.sileu.com\">www.sileu.com<\/a>. Chiamiamo acquirente anche la persona che riceve il pacco, anche se \u00e8 diversa dalla persona che ha effettuato l\u2019acquisto.<\/p>\n<p>&nbsp;<\/p>\n<p>2 &#8211; PREMESSA<\/p>\n<p>Spediamo ovunque nel mondo. Tutti gli acquirenti, per il solo fatto di comprare sul sito internet <a href=\"http:\/\/www.sileu.com\">www.sileu.com<\/a>, certificano di essere in et\u00e0 legale e di avere piena capacit\u00e0 legale. Nel caso in cui l\u2019acquirente non sia in et\u00e0 legale, egli deve riferirsi ad una persona che ha autorit\u00e0 su di lui e che effettui l\u2019acquisto al suo posto. Queste condizioni generali di vendita possono essere aggiornate in qualsiasi momento. Le condizioni generali di vendita applicabili ad un acquisto sono quelle in vigore il giorno in cui si completa l\u2019acquisto. Le condizioni generali di vendita sono sempre accessibili sul sito web <a href=\"http:\/\/www.sileu.com\">www.sileu.com<\/a> e chiunque lo desideri pu\u00f2 stamparle o salvarle.<\/p>\n<p>&nbsp;<\/p>\n<p>3 &#8211; IL PROCESSO DI ACQUISTO<\/p>\n<p>Quando l\u2019acquirente effettua l\u2019acquisto, aderisce irrevocabilmente a pagare la somma indicata al momento di convalidare il proprio acquisto. Questa somma include il prezzo degli articoli acquistati pi\u00f9, se applicabile, la partecipazione nei costi di spedizione ed imballaggio.<\/p>\n<p>&nbsp;<\/p>\n<p>4 &#8211; CONFORMITA\u2019 DEGLI ARTICOLI<\/p>\n<p>Mettiamo tutti i nostri sforzi per permettere all\u2019acquirente di apprezzare nel miglior modo la qualit\u00e0 dei nostri articoli. Specifichiamo i dettagli e utilizziamo una o pi\u00f9 fotografie, cos\u00ec che l\u2019acquirente possa farsi un\u2019idea pi\u00f9 precisa possibile di ogni articolo. L\u2019acquirente \u00e8 consapevole che i colori di una fotografia digitale sullo schermo del computer possono essere diversi dai colori reali. Potr\u00e0 dunque dipendere da ogni diverso computer, dalla qualit\u00e0 dello schermo, dalle impostazioni e, nello scattare la fotografia, da luminosit\u00e0, ombre o altri parametri. Di conseguenza, i colori non sono contrattuali. Nel caso in cui l\u2019acquirente ritiene che i colori debbano essere precisi, vi consigliamo di contattarci prima di effettuare l\u2019acquisto.<\/p>\n<p>&nbsp;<\/p>\n<p>5 &#8211; I PREZZI<\/p>\n<p>I prezzi sono espressi in Euro. Per i paesi diversi dalla Spagna, i prezzi devono essere considerati al netto delle tasse. L\u2019IVA pu\u00f2 essere richiesta all\u2019acquirente dalle autorit\u00e0 competenti della propria provincia\/territorio\/stato\/paese (vedi il punto 6). Gli acquisti sono fatturati in euro e possono essere pagati soltanto in euro. I prezzi indicati non comprendono la partecipazione nei costi di spedizione ed imballaggio. Il prezzo deve essere pagato appieno ed in un singolo pagamento al momento dell\u2019acquisto.<\/p>\n<p>&nbsp;<\/p>\n<p>6 &#8211; TASSE, QUOTE, DOGANE ECC.<\/p>\n<p>\u00c8 responsabilit\u00e0 dell\u2019acquirente verificare, prima delle autorit\u00e0 competenti, il possibile importo dei prodotti acquistati nel rispetto delle specifiche regolamentazioni della provincia\/territorio\/stato\/paese di spedizione. \u00c8 possibile che, dopo la conclusione dell\u2019acquisto sul sito web <a href=\"http:\/\/www.sileu.com\">www.sileu.com<\/a>, quando il pacco arriva a destinazione, l\u2019acquirente debba pagare tasse, quote, dazi doganali e\/o dazi aggiuntivi (per esempio: IVA, tasse locali, tasse di importo, tasse statali ecc.) alle autorit\u00e0 competenti o ad intermediari autorizzati nella provincia\/territorio\/stato\/paese di spedizione, il cui indirizzo non \u00e8 collocato in Spagna.<br \/>\nTali dazi doganali, tasse, diritti d\u2019autore e\/o dazi aggiuntivi (IVA, tasse locali, tasse di importo, tasse statali ecc.) collegati alla spedizione di un articolo sono sostenuti dall\u2019acquirente e sono nel rispetto della sua dichiarazione di pagamento alle autorit\u00e0 competenti della provincia\/territorio\/stato\/paese di spedizione in questione. Non \u00e8 responsabilit\u00e0 dell\u2019azienda Fulfillment Warehouse Spain S.L verificare o informare di tasse, diritti d\u2019autore, dazi doganali e\/o dazi aggiuntivi (IVA, tasse locali, tasse di importo, tasse statali ecc.). Per conoscerle, l\u2019acquirente deve richiedere informazioni precedentemente alle autorit\u00e0 competenti della propria provincia\/territorio\/stato\/paese.<\/p>\n<p>&nbsp;<\/p>\n<p>7 &#8211; PARTECIPAZIONE NEI COSTI PORTUALI E DI IMBALLAGGIO<\/p>\n<p>La partecipazione nei costi di spedizione ed imballaggio \u00e8 indicata sul sito web <a href=\"http:\/\/www.sileu.com\">www.sileu.com<\/a> il giorno in cui l\u2019acquirente completa l\u2019acquisto. La somma \u00e8 indicata anche al momento di convalidare l\u2019ordine.<\/p>\n<p>&nbsp;<\/p>\n<p>8 &#8211; METODI DI PAGAMENTO<\/p>\n<p>I pagamenti online tramite il nostro fornitore sono sicuri. A causa dei requisiti dell\u2019ordine postale tramite un sito di e-commerce e in vista degli interessi dell\u2019acquirente nell\u2019utilizzo di questo metodo di pagamento (velocit\u00e0 di elaborazione, spedizione rapida del pacco\u2026), l\u2019acquirente pu\u00f2 pagare per i propri ordini soltanto online con carta di credito (Visa, MasterCard, Maestro e Visa Electron).<\/p>\n<p>&nbsp;<\/p>\n<p>9 &#8211; SPEDIZIONE<\/p>\n<p>Spediamo ovunque nel mondo. Il pacco dell\u2019acquirente sar\u00e0 spedito all\u2019indirizzo che ci verr\u00e0 fornito al momento dell\u2019ordine. Il metodo di spedizione utilizzato \u00e8 quello indicato sul sito web <a href=\"http:\/\/www.sileu.com\">www.sileu.com<\/a>. I tempi di spedizione sono quelli indicati sul sito web <a href=\"http:\/\/www.sileu.com\">www.sileu.com<\/a>. I tempi di spedizione indicati sul sito web <a href=\"http:\/\/www.sileu.com\">www.sileu.com<\/a> non dipendono da noi e per questa ragione non possiamo garantirli. Non assumiamo nessuna responsabilit\u00e0 in caso di ritardi nella spedizione. Ad ogni modo, siamo intenzionati a perseverare nell\u2019aiutare ogni acquirente che non riceve il proprio pacco entro 15-30 (da quindici a trenta) giorni lavorativi, a seconda del paese di destinazione, dalla consegna del pacco al corriere. Se, per una qualsiasi ragione, siamo impossibilitati a spedire l\u2019ordine entro i limiti di tempo stabiliti sul sito web <a href=\"http:\/\/www.sileu.com\">www.sileu.com<\/a>, contatteremo l\u2019acquirente non pi\u00f9 tardi del terzo giorno lavorativo dopo l\u2019ordine e notificheremo il termine di disponibilit\u00e0. L\u2019acquirente sar\u00e0 allora in grado di scegliere se accettare la nostra offerta o se desidera un rimborso totale della somma pagata al momento dell\u2019ordine e dei costi di spedizione ed imballaggio o se desidera scegliere un altro articolo. In caso di un qualsiasi problema nella spedizione di un pacco, l\u2019acquirente deve contattarci attraverso la sezione \u201cContattaci\u201d del sito internet <a href=\"http:\/\/www.sileu.com\">www.sileu.com<\/a>\u201d. In caso di ritorno del pacco per mancata consegna (per esempio: \u201cindirizzo incompleto\u201d, \u201csconosciuto all\u2019indirizzo indicato\u201d, \u201cnon vive all\u2019indirizzo indicato\u201d, \u201cnon c\u2019\u00e8 una cassetta della posta con quel nome\u201d, \u201ccassetta della posta non identificata\u201d, \u201cnon richiesto\u201d, \u201ccassetta della posta inaccessibile\u201d, \u201cpacco rifiutato\u201d o \u201canomalia nell\u2019indirizzo\u201d) senza una lista esaustiva o per una qualsiasi altra ragione non attribuibile a noi, l\u2019acquirente sar\u00e0 rimborsato del prezzo degli articoli acquistati meno del 30% (trenta percento) del totale dell\u2019ordine, con un minimo di 9\u20ac (nove euro) di spese di gestione del reso, esclusi i costi postali e di imballaggio, entro i trenta giorni seguenti la ricevuta di ritorno. Per questa ragione, raccomandiamo fortemente all\u2019acquirente di verificare che l\u2019indirizzo che ci viene comunicato sia corretto e completo.<\/p>\n<p>&nbsp;<\/p>\n<p>10 &#8211; GARANZIE<\/p>\n<p>Nonostante prestiamo grande attenzione alla selezione dei nostri articoli cos\u00ec come al loro imballaggio e modalit\u00e0 di spedizione, \u00e8 possibile che ci sia una anomalia nella ricevuta o nell\u2019apertura del pacco da parte dell\u2019acquirente.<\/p>\n<p>Periodo di reso: se un articolo non \u00e8 del tutto soddisfacente per l\u2019acquirente, pu\u00f2 essere restituito completamente, allegando tutti i documenti che si trovano all\u2019interno o assieme al pacco al momento della consegna, entro al massimo 14 (quattordici) giorni dalla data di consegna, senza aver usato, sporcato, danneggiato, maneggiato impropriamente, nel proprio imballaggio originale, al seguente indirizzo. L\u2019acquirente sar\u00e0 rimborsato per la somma totale pagata per l\u2019ordine di tale articolo, entro 14 (quattordici) giorni. I costi di reso sono a carico dell\u2019acquirente:<\/p>\n<p>Fulfillment Warehouse Spain S.L. Calle Los Omeyas 5, Local. 14005 C\u00f3rdoba.<\/p>\n<p>Per ovvie ragioni di igiene e salute, non possiamo accettare il reso di una coppetta mestruale Sileu il cui imballaggio sia stato aperto o che sia stata provata. Se la ragione del reso dipende da noi (per esempio: il pacco non corrisponde a quanto ordinato), l\u2019acquirente sar\u00e0 rimborsato della somma totale pagata e dei costi di reso. Se l\u2019acquirente, al momento della consegna del proprio ordine, trova che il pacco sia stato consegnato in cattive condizioni dal corriere, raccomandiamo fortemente di comunicarcelo. In questo caso non ci assumeremo alcuna responsabilit\u00e0. Il rimborso sar\u00e0 effettuato tramite lo stesso metodo di pagamento che l\u2019acquirente avrebbe utilizzato per pagare l\u2019ordine.<\/p>\n<p>&nbsp;<\/p>\n<p>11 &#8211; PROTEZIONE DEI DATI<\/p>\n<p>In conformit\u00e0 con le disposizioni della Legge Organica 15\/1999 sulla Protezione dei Dati Personali, vi informiamo che i dati personali comunicati nel momento dell\u2019ordine saranno usati per i file dei clienti, debitamente registrati con l\u2019Agenzia Spagnola per la Protezione dei Dati Personali e gestiti dall\u2019azienda Fulfillment Warehouse Spain SL. Il fine di questi documenti \u00e8 la gestione dei clienti e della loro fedelt\u00e0; saranno inoltre utili nel mandare informazioni commerciali ai clienti. I dati personali del cliente saranno usati esclusivamente dall\u2019azienda Fulfillment Warehouse Spain SL e non saranno ceduti a terzi. Il cliente pu\u00f2 esercitare il proprio diritto di accesso, modifica, cancellazione ed opposizione scrivendo a:<\/p>\n<p>Fulfillment Warehouse Spain SL. Calle Los Omeyas 5, Local. 14005 C\u00f3rdoba, Spain.<\/p>\n<p>Tutti i dati che ci vengono trasmessi sono trattati nel pieno rispetto delle leggi in vigore in Spagna. Assicuriamo la totale riservatezza di tutti i dati nominativi ricevuti. Informiamo inoltre che alcuni cookies registrano alcune informazioni conservate nella memoria del vostro disco rigido. Tali informazioni ci servono essenzialmente per generare statistiche di visitatori del sito. Tali cookies non contengono informazioni riservate che vi riguardano.<\/p>\n<p>&nbsp;<\/p>\n<p>12 &#8211; TRASFERIMENTO DI PROPRIETA\u2019 E RISCHIO<\/p>\n<p>Il trasferimento di propriet\u00e0 degli articoli al beneficio dell\u2019acquirente non avviene prima del pieno pagamento del prezzo degli stessi, indipendentemente dalla data di spedizione. Al contrario, il trasferimento della responsabilit\u00e0 per rischi di smarrimento o deterioramento degli articoli avviene dalla consegna e ricevuta degli articoli da parte dell\u2019acquirente.<\/p>\n<p>&nbsp;<\/p>\n<p>13 &#8211; RESPONSABILITA\u2019<\/p>\n<p>Ci impegniamo a soddisfare pienamente ogni nostro consumatore attraverso il processo di acquisto sul sito web <a href=\"http:\/\/www.sileu.com\">www.sileu.com<\/a>. Cerchiamo di dare pi\u00f9 dettagli possibile di ogni articolo venduto sul sito web <a href=\"http:\/\/www.sileu.com\">www.sileu.com<\/a>, un passo obbligatorio perch\u00e9 l\u2019acquirente completi l\u2019ordine. Ad ogni modo, non ci assumiamo alcuna responsabilit\u00e0 nel caso in cui la non esecuzione dei nostri doveri sia imputabile all\u2019imprevedibile e insormontabile intrusione di una terza persona nel contratto o nel caso di una forza maggiore (per esempio: sciopero, inondazione, incendio\u2026). Inoltre, non assumiamo nessuna responsabilit\u00e0 per gli inconvenienti o i danni inerenti all\u2019uso di Internet, in particolare l\u2019interruzione di servizio, l\u2019intrusione esterna o la presenza di virus nel computer.<\/p>\n<p>&nbsp;<\/p>\n<p>14 &#8211; PROPRIETA\u2019 INTELLETTUALE<\/p>\n<p>Tutti gli elementi del sito web <a href=\"http:\/\/www.sileu.com\">www.sileu.com<\/a>, sia visivi che uditivi, inclusa la tecnologia sottesa, sono protetti da copyright, marchio registrato o brevetto. Sono propriet\u00e0 esclusiva del rispettivo proprietario.<\/p>\n<p>&nbsp;<\/p>\n<p>15 &#8211; INTEGRITA\u2019<\/p>\n<p>Nel caso una delle clausole di questo contratto sia nulla o vacante a causa di un cambiamento nella legislazione, regolamentazione o decisione giudiziaria, ci\u00f2 non influenzerebbe la validit\u00e0 e il rispetto di queste Condizioni Generali di Vendita.<\/p>\n<p>&nbsp;<\/p>\n<p>16 &#8211; DURATA<\/p>\n<p>Queste Condizioni Generali di Vendita si applicano a ogni ordine e finch\u00e9 gli articoli venduti sul sito web <a href=\"http:\/\/www.sileu.com\">www.sileu.com<\/a> sono online.<\/p>\n<p>&nbsp;<\/p>\n<p>17 &#8211; TEST<\/p>\n<p>Documenti computerizzati conservati nei nostri sistemi informatici e\/o quelli dei nostri soci in ragionevoli condizioni di sicurezza, saranno considerati come prova di comunicazioni, acquisti e pagamenti effettuati tra le parti.<\/p>\n<p>&nbsp;<\/p>\n<p>18 &#8211; CONSERVAZIONE E DOCUMENTI DI TRANSAZIONE<\/p>\n<p>Il documento delle fatture \u00e8 creato in modo affidabile e durevole, cos\u00ec che possa corrispondere ad una copia fedele e duratura.<\/p>\n<p>&nbsp;<\/p>\n<p>19 &#8211; LEGISLAZIONE APPLICABILE<\/p>\n<p>Tutte le clausole contenute in queste Condizioni Generali di Vendita, cos\u00ec come le transazioni di vendita a cui si riferiscono, sono soggette alla legge spagnola. Le corti spagnole sono gli unici organi competenti nella regolamentazione di ogni lite che pu\u00f2 sorgere tra le parti nel rispetto dell\u2019attuazione di queste Condizioni Generali di Vendita.<\/p>\n<p>&nbsp;<\/p>\n<p>20 \u2013 ACCETTAZIONE DELLE CONDIZIONI GENERALI DI VENDITA DA PARTE DEL CONSUMATORE<\/p>\n<p>Queste Condizioni Generali di Vendita, cos\u00ec come i prezzi, sono espressamente approvate ed accettate dall\u2019acquirente, il quale dichiara e riconosce di avere piena conoscenza delle stesse. Nessun altro contratto, qualunque esso sia, pu\u00f2 rimpiazzare queste Condizioni Generali di Vendita in alcun ordine effettuato sul sito internet <a href=\"http:\/\/www.sileu.com\">www.sileu.com<\/a>. Lo stesso vale per eventuali condizioni generali di vendita di un acquirente. Il solo fatto di effettuare un ordine sul sito web <a href=\"http:\/\/www.sileu.com\">www.sileu.com<\/a> implica l\u2019accettazione di queste Condizioni Generali di Vendita.<\/p>\n<p>&nbsp;<\/p>\n","protected":false},"excerpt":{"rendered":"<p>Queste condizioni generali di vendita, a cui l\u2019acquirente dichiara di aderire senza riserve o restrizioni, si applicano a tutte le vendite effettuate tramite il sito internet www.sileu.com. Tra: Fulfillment Warehouse Spain, SL Calle Buend\u00eda 11 19005 Cordoba, Spagna CIF: B19316165 Tel: 957 767 888 E ogni acquirente sul sito web www.sileu.com. \u00c8 stabilito quanto segue: [&hellip;]<\/p>\n","protected":false},"author":4815,"featured_media":0,"parent":0,"menu_order":0,"comment_status":"closed","ping_status":"closed","template":"","meta":{"footnotes":""},"class_list":["post-5289","page","type-page","status-publish","hentry"],"_links":{"self":[{"href":"https:\/\/sileu.com\/it\/wp-json\/wp\/v2\/pages\/5289","targetHints":{"allow":["GET"]}}],"collection":[{"href":"https:\/\/sileu.com\/it\/wp-json\/wp\/v2\/pages"}],"about":[{"href":"https:\/\/sileu.com\/it\/wp-json\/wp\/v2\/types\/page"}],"author":[{"embeddable":true,"href":"https:\/\/sileu.com\/it\/wp-json\/wp\/v2\/users\/4815"}],"replies":[{"embeddable":true,"href":"https:\/\/sileu.com\/it\/wp-json\/wp\/v2\/comments?post=5289"}],"version-history":[{"count":2,"href":"https:\/\/sileu.com\/it\/wp-json\/wp\/v2\/pages\/5289\/revisions"}],"predecessor-version":[{"id":7336,"href":"https:\/\/sileu.com\/it\/wp-json\/wp\/v2\/pages\/5289\/revisions\/7336"}],"wp:attachment":[{"href":"https:\/\/sileu.com\/it\/wp-json\/wp\/v2\/media?parent=5289"}],"curies":[{"name":"wp","href":"https:\/\/api.w.org\/{rel}","templated":true}]}}