{"id":5299,"date":"2017-09-04T17:41:33","date_gmt":"2017-09-04T17:41:33","guid":{"rendered":"http:\/\/sileu.com\/?page_id=5299\/"},"modified":"2017-09-04T17:41:33","modified_gmt":"2017-09-04T17:41:33","slug":"su-di-noi","status":"publish","type":"page","link":"https:\/\/sileu.com\/it\/su-di-noi\/","title":{"rendered":"Su di noi"},"content":{"rendered":"<p><strong>Il Nostro Sogno<\/strong><\/p>\n<p>La coppetta mestruale SileuCup \u00e8 fabbricata da Home Health Europe, un\u2019azienda piena di passione ed impeto per la creazione di un cambiamento sociale e una rivoluzione femminile nel modo di concepire il ciclo mestruale.<\/p>\n<p>Il nostro scopo \u00e8 permettere alle donne di ottenere autorit\u00e0, controllo e accettazione del proprio corpo, indipendentemente da razza, religione, colore, et\u00e0, etnia ed ogni altro fattore. Sogniamo un mondo libero dai pregiudizi e dai tab\u00f9 riguardo un fatto cos\u00ec naturale e semplice come le mestruazioni di ogni donna, un mondo dove il ciclo mestruale \u00e8 percepito come qualcosa di pulito e normale, non come una ragione di vergogna, occultamento o addirittura rifiuto.<\/p>\n<p>Offriamo un metodo pulito, igienico, economico e sostenibile per tutte le donne che desiderano usarlo e liberarsi cos\u00ec della \u201cschiavit\u00f9\u201d che comporta l\u2019uso di metodi tradizionali come impacchi e assorbenti interni.<\/p>\n<p>&nbsp;<\/p>\n<p><strong>Attualmente, dobbiamo coesistere con due giganti da sconfiggere:<\/strong><\/p>\n<p>Il primo gigante sono le aziende multinazionali produttrici di assorbenti interni come la J &amp; J o la P &amp; G, che non hanno alcun interesse nel far conoscere alle donne le coppette mestruali, perch\u00e9 potrebbero perdere un\u2019industria di miliardi di dollari. L\u2019uso della coppetta mestruale garantisce per circa 10 anni di non dover acquistare alcun altro metodo alternativo; inoltre, il suo costo \u00e8 ammortizzato in circa due mesi, il che permette di risparmiare denaro e di ridurre l\u2019inquinamento ambientale.<\/p>\n<p>Il secondo problema da affrontare \u00e8 che le grandi aziende che producono coppette mestruali le vendono a prezzi molto alti, a volte persino eccessivi, rendendole piuttosto costose per essere acquistate. Noi vogliamo offrirti le nostre coppette mestruali ad un prezzo equo, perfettamente confrontabili in qualit\u00e0 a coppette mestruali molto pi\u00f9 costose.<\/p>\n<p>&nbsp;<\/p>\n<p><strong>Valori<\/strong><\/p>\n<p>Onoriamo la nostra sostenibilit\u00e0: economica, sociale ed ambientale. Diamo valore alla trasparenza, all\u2019integrit\u00e0 e alla fiducia in tutti i rapporti.<\/p>\n<p>L\u2019associazione per la sindrome da shock tossico (TSS), causata da assorbenti interni in materiale sintetico, ha portato molte donne a passare ad alternative come le coppette mestruali o gli assorbenti interni in puro cotone disponibili sul mercato. La TSS, un\u2019infezione talvolta fatale, caratterizzata da febbre, diarrea, eritema e shock, ricorre principalmente tra le donne che usano assorbenti interni ad alta assorbenza. Anche la presenza di diossina, un sottoprodotto del processo di sbiancamento attraverso l\u2019uso del cloro, influisce negativamente sulla salute delle donne.<\/p>\n<p>Amianto, diossina e raion sono presenti nella produzione della maggior parte degli assorbenti interni e asciugamani per parti intime e contribuiscono ad aumentare il rischio di contrarre la TSS.<\/p>\n","protected":false},"excerpt":{"rendered":"<p>Il Nostro Sogno La coppetta mestruale SileuCup \u00e8 fabbricata da Home Health Europe, un\u2019azienda piena di passione ed impeto per la creazione di un cambiamento sociale e una rivoluzione femminile nel modo di concepire il ciclo mestruale. Il nostro scopo \u00e8 permettere alle donne di ottenere autorit\u00e0, controllo e accettazione del proprio corpo, indipendentemente da [&hellip;]<\/p>\n","protected":false},"author":4815,"featured_media":0,"parent":0,"menu_order":0,"comment_status":"closed","ping_status":"closed","template":"page-blank-container.php","meta":{"footnotes":""},"class_list":["post-5299","page","type-page","status-publish","hentry"],"_links":{"self":[{"href":"https:\/\/sileu.com\/it\/wp-json\/wp\/v2\/pages\/5299","targetHints":{"allow":["GET"]}}],"collection":[{"href":"https:\/\/sileu.com\/it\/wp-json\/wp\/v2\/pages"}],"about":[{"href":"https:\/\/sileu.com\/it\/wp-json\/wp\/v2\/types\/page"}],"author":[{"embeddable":true,"href":"https:\/\/sileu.com\/it\/wp-json\/wp\/v2\/users\/4815"}],"replies":[{"embeddable":true,"href":"https:\/\/sileu.com\/it\/wp-json\/wp\/v2\/comments?post=5299"}],"version-history":[{"count":1,"href":"https:\/\/sileu.com\/it\/wp-json\/wp\/v2\/pages\/5299\/revisions"}],"predecessor-version":[{"id":5300,"href":"https:\/\/sileu.com\/it\/wp-json\/wp\/v2\/pages\/5299\/revisions\/5300"}],"wp:attachment":[{"href":"https:\/\/sileu.com\/it\/wp-json\/wp\/v2\/media?parent=5299"}],"curies":[{"name":"wp","href":"https:\/\/api.w.org\/{rel}","templated":true}]}}