{"id":77886,"date":"2020-02-26T10:56:36","date_gmt":"2020-02-26T10:56:36","guid":{"rendered":"https:\/\/sileu.com\/cambiar-talla-copa-sileu\/"},"modified":"2020-09-03T14:57:43","modified_gmt":"2020-09-03T14:57:43","slug":"cambia-taglia-tazza-sileu","status":"publish","type":"page","link":"https:\/\/sileu.com\/it\/cambia-taglia-tazza-sileu\/","title":{"rendered":"Voglio cambiare le dimensioni della mia coppetta mestruale Sileu"},"content":{"rendered":"\t\t<div data-elementor-type=\"wp-page\" data-elementor-id=\"77886\" class=\"elementor elementor-77886 elementor-18682\" data-elementor-post-type=\"page\">\n\t\t\t\t\t\t<section class=\"elementor-section elementor-top-section elementor-element elementor-element-7a1a27c elementor-section-boxed elementor-section-height-default elementor-section-height-default\" data-id=\"7a1a27c\" data-element_type=\"section\" data-settings=\"{&quot;background_background&quot;:&quot;classic&quot;}\">\n\t\t\t\t\t\t<div class=\"elementor-container elementor-column-gap-default\">\n\t\t\t\t\t<div class=\"elementor-column elementor-col-100 elementor-top-column elementor-element elementor-element-c7e5354\" data-id=\"c7e5354\" data-element_type=\"column\">\n\t\t\t<div class=\"elementor-widget-wrap elementor-element-populated\">\n\t\t\t\t\t\t<div class=\"elementor-element elementor-element-981e5a2 elementor-widget elementor-widget-heading\" data-id=\"981e5a2\" data-element_type=\"widget\" data-widget_type=\"heading.default\">\n\t\t\t\t<div class=\"elementor-widget-container\">\n\t\t\t\t\t<h2 class=\"elementor-heading-title elementor-size-default\">Voglio cambiare le dimensioni della mia coppetta mestruale Sileu<\/h2>\t\t\t\t<\/div>\n\t\t\t\t<\/div>\n\t\t\t\t\t<\/div>\n\t\t<\/div>\n\t\t\t\t\t<\/div>\n\t\t<\/section>\n\t\t\t\t<section class=\"elementor-section elementor-top-section elementor-element elementor-element-e038538 elementor-section-boxed elementor-section-height-default elementor-section-height-default\" data-id=\"e038538\" data-element_type=\"section\">\n\t\t\t\t\t\t<div class=\"elementor-container elementor-column-gap-default\">\n\t\t\t\t\t<div class=\"elementor-column elementor-col-100 elementor-top-column elementor-element elementor-element-30fe0c9\" data-id=\"30fe0c9\" data-element_type=\"column\">\n\t\t\t<div class=\"elementor-widget-wrap elementor-element-populated\">\n\t\t\t\t\t\t<div class=\"elementor-element elementor-element-840a08a elementor-widget elementor-widget-text-editor\" data-id=\"840a08a\" data-element_type=\"widget\" data-widget_type=\"text-editor.default\">\n\t\t\t\t<div class=\"elementor-widget-container\">\n\t\t\t\t\t\t\t\t\t<p>Se hai acquistato la tua coppetta mestruale Sileu tramite il nostro sito web, su <strong>Amazon, eBay, Carrefour o negozi fisici come farmacie o centri El Corte Ingl\u00e9s<\/strong>, l&#8217;hai utilizzata per almeno 3 o 4 cicli mestruali e hai riscontrato i seguenti problemi:<\/p><ul><li>Perdite o macchie<\/li><li>La coppetta mestruale si muove, gira o esce<\/li><li>Fa male quando lo indossi, lo togli o lo indossi<\/li><li>Quando pratichi sport, provi disagio o perdite<\/li><\/ul><p>\u00a0<\/p><p>Pu\u00f2 darsi che la taglia scelta non sia la pi\u00f9 adatta a te. Per questo motivo, in Sileu ti offriamo la possibilit\u00e0 di cambiare la misura della tua coppetta mestruale senza costi aggiuntivi, dovrai solo sostenere il costo della spedizione della tua coppetta mestruale al nostro indirizzo.<\/p>\t\t\t\t\t\t\t\t<\/div>\n\t\t\t\t<\/div>\n\t\t\t\t<div class=\"elementor-element elementor-element-08ab017 elementor-widget elementor-widget-accordion\" data-id=\"08ab017\" data-element_type=\"widget\" data-widget_type=\"accordion.default\">\n\t\t\t\t<div class=\"elementor-widget-container\">\n\t\t\t\t\t\t\t<div class=\"elementor-accordion\">\n\t\t\t\t\t\t\t<div class=\"elementor-accordion-item\">\n\t\t\t\t\t<div id=\"elementor-tab-title-9081\" class=\"elementor-tab-title\" data-tab=\"1\" role=\"button\" aria-controls=\"elementor-tab-content-9081\" aria-expanded=\"false\">\n\t\t\t\t\t\t\t\t\t\t\t\t\t<span class=\"elementor-accordion-icon elementor-accordion-icon-right\" aria-hidden=\"true\">\n\t\t\t\t\t\t\t\t\t\t\t\t\t\t\t<span class=\"elementor-accordion-icon-closed\"><i class=\"fas fa-plus\"><\/i><\/span>\n\t\t\t\t\t\t\t\t<span class=\"elementor-accordion-icon-opened\"><i class=\"fas fa-minus\"><\/i><\/span>\n\t\t\t\t\t\t\t\t\t\t\t\t\t\t<\/span>\n\t\t\t\t\t\t\t\t\t\t\t\t<a class=\"elementor-accordion-title\" tabindex=\"0\">Quanto tempo devo indossare la coppetta mestruale prima di poter richiedere un cambio taglia?<\/a>\n\t\t\t\t\t<\/div>\n\t\t\t\t\t<div id=\"elementor-tab-content-9081\" class=\"elementor-tab-content elementor-clearfix\" data-tab=\"1\" role=\"region\" aria-labelledby=\"elementor-tab-title-9081\"><p>Si consiglia di utilizzarlo un minimo di <strong>3-4 cicli mestruali<\/strong>, poich\u00e9 hanno una piccola curva di apprendimento quando lo si indossa e lo si toglie correttamente che deve essere superato adeguatamente per essere sicuri che sia davvero un problema dovuto alle dimensioni del tazza e non correlato a un posizionamento improprio della tazza.<\/p><\/div>\n\t\t\t\t<\/div>\n\t\t\t\t\t\t\t<div class=\"elementor-accordion-item\">\n\t\t\t\t\t<div id=\"elementor-tab-title-9082\" class=\"elementor-tab-title\" data-tab=\"2\" role=\"button\" aria-controls=\"elementor-tab-content-9082\" aria-expanded=\"false\">\n\t\t\t\t\t\t\t\t\t\t\t\t\t<span class=\"elementor-accordion-icon elementor-accordion-icon-right\" aria-hidden=\"true\">\n\t\t\t\t\t\t\t\t\t\t\t\t\t\t\t<span class=\"elementor-accordion-icon-closed\"><i class=\"fas fa-plus\"><\/i><\/span>\n\t\t\t\t\t\t\t\t<span class=\"elementor-accordion-icon-opened\"><i class=\"fas fa-minus\"><\/i><\/span>\n\t\t\t\t\t\t\t\t\t\t\t\t\t\t<\/span>\n\t\t\t\t\t\t\t\t\t\t\t\t<a class=\"elementor-accordion-title\" tabindex=\"0\">Qual \u00e8 il tempo massimo a disposizione per richiedere un cambio taglia?<\/a>\n\t\t\t\t\t<\/div>\n\t\t\t\t\t<div id=\"elementor-tab-content-9082\" class=\"elementor-tab-content elementor-clearfix\" data-tab=\"2\" role=\"region\" aria-labelledby=\"elementor-tab-title-9082\"><p>Puoi richiedere un cambio taglia fino ad un massimo di <strong>6 mesi<\/strong> dalla data di acquisto. Trascorsi i <strong>6 mesi<\/strong> non sar\u00e0 pi\u00f9 possibile optare per il cambio taglia.<\/p><\/div>\n\t\t\t\t<\/div>\n\t\t\t\t\t\t\t<div class=\"elementor-accordion-item\">\n\t\t\t\t\t<div id=\"elementor-tab-title-9083\" class=\"elementor-tab-title\" data-tab=\"3\" role=\"button\" aria-controls=\"elementor-tab-content-9083\" aria-expanded=\"false\">\n\t\t\t\t\t\t\t\t\t\t\t\t\t<span class=\"elementor-accordion-icon elementor-accordion-icon-right\" aria-hidden=\"true\">\n\t\t\t\t\t\t\t\t\t\t\t\t\t\t\t<span class=\"elementor-accordion-icon-closed\"><i class=\"fas fa-plus\"><\/i><\/span>\n\t\t\t\t\t\t\t\t<span class=\"elementor-accordion-icon-opened\"><i class=\"fas fa-minus\"><\/i><\/span>\n\t\t\t\t\t\t\t\t\t\t\t\t\t\t<\/span>\n\t\t\t\t\t\t\t\t\t\t\t\t<a class=\"elementor-accordion-title\" tabindex=\"0\">Qual \u00e8 il programma di cambio taglia di Sileu?<\/a>\n\t\t\t\t\t<\/div>\n\t\t\t\t\t<div id=\"elementor-tab-content-9083\" class=\"elementor-tab-content elementor-clearfix\" data-tab=\"3\" role=\"region\" aria-labelledby=\"elementor-tab-title-9083\"><p>Una volta che sei sicuro di dover davvero cambiare la dimensione del tuo bicchiere, non ti resta che compilare il form che ti presentiamo di seguito in questa pagina. Riceverai un&#8217;e-mail di conferma automatica. Se hai acquistato il bicchiere in un negozio fisico, devi allegare la ricevuta di acquisto scansionata e leggibile o la fattura in risposta all&#8217;e-mail.<\/p><p>Quando verificheremo le informazioni, ti contatteremo via e-mail per dirti dove dovresti restituire il tuo vecchio bicchiere, tieni presente che le spese di spedizione per questo reso sono a tuo carico. Se non hai ricevuto un&#8217;e-mail da noi, controlla la directory dello spam o della posta indesiderata della tua e-mail, poich\u00e9 potresti ricevere il nostro messaggio l\u00ec. Rispondiamo a tutte le richieste in <strong>24-48 ore lavorative, sabato, domenica e festivi esclusi.<\/strong><\/p><p>Una volta che avremo ricevuto la tua coppetta mestruale nel nostro ufficio, invieremo la nuova coppetta all&#8217;indirizzo da te fornito. Questa spedizione richiede normalmente circa <strong>15 giorni lavorativi per essere consegnata una volta spedita.<\/strong><\/p><\/div>\n\t\t\t\t<\/div>\n\t\t\t\t\t\t\t<div class=\"elementor-accordion-item\">\n\t\t\t\t\t<div id=\"elementor-tab-title-9084\" class=\"elementor-tab-title\" data-tab=\"4\" role=\"button\" aria-controls=\"elementor-tab-content-9084\" aria-expanded=\"false\">\n\t\t\t\t\t\t\t\t\t\t\t\t\t<span class=\"elementor-accordion-icon elementor-accordion-icon-right\" aria-hidden=\"true\">\n\t\t\t\t\t\t\t\t\t\t\t\t\t\t\t<span class=\"elementor-accordion-icon-closed\"><i class=\"fas fa-plus\"><\/i><\/span>\n\t\t\t\t\t\t\t\t<span class=\"elementor-accordion-icon-opened\"><i class=\"fas fa-minus\"><\/i><\/span>\n\t\t\t\t\t\t\t\t\t\t\t\t\t\t<\/span>\n\t\t\t\t\t\t\t\t\t\t\t\t<a class=\"elementor-accordion-title\" tabindex=\"0\">Quando restituisco la coppetta mestruale, se l'ho acquistata in una confezione con pi\u00f9 accessori, devo restituire tutta o solo la coppetta mestruale?<\/a>\n\t\t\t\t\t<\/div>\n\t\t\t\t\t<div id=\"elementor-tab-content-9084\" class=\"elementor-tab-content elementor-clearfix\" data-tab=\"4\" role=\"region\" aria-labelledby=\"elementor-tab-title-9084\"><p>Devi restituire solo ed esclusivamente la coppetta mestruale, niente di pi\u00f9, ben confezionata nella sua busta in <strong>PLA biodegradabile<\/strong> dove l&#8217;hai ricevuta o in qualsiasi altra confezione che ti conviene. Per motivi di igiene, non spedire la coppetta mestruale sfusa, in quanto il cambio di taglia non verr\u00e0 elaborato.<\/p><\/div>\n\t\t\t\t<\/div>\n\t\t\t\t\t\t\t<div class=\"elementor-accordion-item\">\n\t\t\t\t\t<div id=\"elementor-tab-title-9085\" class=\"elementor-tab-title\" data-tab=\"5\" role=\"button\" aria-controls=\"elementor-tab-content-9085\" aria-expanded=\"false\">\n\t\t\t\t\t\t\t\t\t\t\t\t\t<span class=\"elementor-accordion-icon elementor-accordion-icon-right\" aria-hidden=\"true\">\n\t\t\t\t\t\t\t\t\t\t\t\t\t\t\t<span class=\"elementor-accordion-icon-closed\"><i class=\"fas fa-plus\"><\/i><\/span>\n\t\t\t\t\t\t\t\t<span class=\"elementor-accordion-icon-opened\"><i class=\"fas fa-minus\"><\/i><\/span>\n\t\t\t\t\t\t\t\t\t\t\t\t\t\t<\/span>\n\t\t\t\t\t\t\t\t\t\t\t\t<a class=\"elementor-accordion-title\" tabindex=\"0\">Se ho gi\u00e0 cambiato la taglia della coppetta mestruale e me ne pento perch\u00e9 penso che la taglia precedente fosse migliore per me, o voglio riavere la mia vecchia coppetta, \u00e8 possibile cambiare di nuovo la nuova coppetta?<\/a>\n\t\t\t\t\t<\/div>\n\t\t\t\t\t<div id=\"elementor-tab-content-9085\" class=\"elementor-tab-content elementor-clearfix\" data-tab=\"5\" role=\"region\" aria-labelledby=\"elementor-tab-title-9085\"><p>No, una volta richiesto il cambio taglia, \u00e8 impossibile effettuare un nuovo cambio taglia o recuperare la vecchia coppa, quindi per favore, ti chiediamo di essere sicuro di voler veramente cambiare la taglia della coppa.<\/p><\/div>\n\t\t\t\t<\/div>\n\t\t\t\t\t\t\t<div class=\"elementor-accordion-item\">\n\t\t\t\t\t<div id=\"elementor-tab-title-9086\" class=\"elementor-tab-title\" data-tab=\"6\" role=\"button\" aria-controls=\"elementor-tab-content-9086\" aria-expanded=\"false\">\n\t\t\t\t\t\t\t\t\t\t\t\t\t<span class=\"elementor-accordion-icon elementor-accordion-icon-right\" aria-hidden=\"true\">\n\t\t\t\t\t\t\t\t\t\t\t\t\t\t\t<span class=\"elementor-accordion-icon-closed\"><i class=\"fas fa-plus\"><\/i><\/span>\n\t\t\t\t\t\t\t\t<span class=\"elementor-accordion-icon-opened\"><i class=\"fas fa-minus\"><\/i><\/span>\n\t\t\t\t\t\t\t\t\t\t\t\t\t\t<\/span>\n\t\t\t\t\t\t\t\t\t\t\t\t<a class=\"elementor-accordion-title\" tabindex=\"0\">Se la mia coppetta mestruale si \u00e8 rotta alla base o lo stelo si \u00e8 rotto, posso ricevere una coppetta mestruale sostitutiva?<\/a>\n\t\t\t\t\t<\/div>\n\t\t\t\t\t<div id=\"elementor-tab-content-9086\" class=\"elementor-tab-content elementor-clearfix\" data-tab=\"6\" role=\"region\" aria-labelledby=\"elementor-tab-title-9086\"><p>No, poich\u00e9 le rotture alla base della tazza o dello stelo sono dovute esclusivamente a un uso improprio della tazza quando la si indossa o la si estrae, come pizzicarla con le unghie anzich\u00e9 con la punta delle dita.<\/p><\/div>\n\t\t\t\t<\/div>\n\t\t\t\t\t\t\t<div class=\"elementor-accordion-item\">\n\t\t\t\t\t<div id=\"elementor-tab-title-9087\" class=\"elementor-tab-title\" data-tab=\"7\" role=\"button\" aria-controls=\"elementor-tab-content-9087\" aria-expanded=\"false\">\n\t\t\t\t\t\t\t\t\t\t\t\t\t<span class=\"elementor-accordion-icon elementor-accordion-icon-right\" aria-hidden=\"true\">\n\t\t\t\t\t\t\t\t\t\t\t\t\t\t\t<span class=\"elementor-accordion-icon-closed\"><i class=\"fas fa-plus\"><\/i><\/span>\n\t\t\t\t\t\t\t\t<span class=\"elementor-accordion-icon-opened\"><i class=\"fas fa-minus\"><\/i><\/span>\n\t\t\t\t\t\t\t\t\t\t\t\t\t\t<\/span>\n\t\t\t\t\t\t\t\t\t\t\t\t<a class=\"elementor-accordion-title\" tabindex=\"0\">Per quali paesi \u00e8 disponibile questo servizio di cambio taglia?<\/a>\n\t\t\t\t\t<\/div>\n\t\t\t\t\t<div id=\"elementor-tab-content-9087\" class=\"elementor-tab-content elementor-clearfix\" data-tab=\"7\" role=\"region\" aria-labelledby=\"elementor-tab-title-9087\"><p>Questo servizio \u00e8 disponibile solo ed esclusivamente per la Spagna peninsulare e le Isole Baleari. Se ti trovi nelle Isole Canarie, Ceuta, Melilla o in un altro paese e vuoi cambiare le dimensioni, devi occuparti delle spese di spedizione per la restituzione del tuo vecchio vetro e delle spese di spedizione per il nuovo vetro alla tua posizione.<\/p><\/div>\n\t\t\t\t<\/div>\n\t\t\t\t\t\t\t<div class=\"elementor-accordion-item\">\n\t\t\t\t\t<div id=\"elementor-tab-title-9088\" class=\"elementor-tab-title\" data-tab=\"8\" role=\"button\" aria-controls=\"elementor-tab-content-9088\" aria-expanded=\"false\">\n\t\t\t\t\t\t\t\t\t\t\t\t\t<span class=\"elementor-accordion-icon elementor-accordion-icon-right\" aria-hidden=\"true\">\n\t\t\t\t\t\t\t\t\t\t\t\t\t\t\t<span class=\"elementor-accordion-icon-closed\"><i class=\"fas fa-plus\"><\/i><\/span>\n\t\t\t\t\t\t\t\t<span class=\"elementor-accordion-icon-opened\"><i class=\"fas fa-minus\"><\/i><\/span>\n\t\t\t\t\t\t\t\t\t\t\t\t\t\t<\/span>\n\t\t\t\t\t\t\t\t\t\t\t\t<a class=\"elementor-accordion-title\" tabindex=\"0\">Ho ancora dei dubbi, come posso contattarti?<\/a>\n\t\t\t\t\t<\/div>\n\t\t\t\t\t<div id=\"elementor-tab-content-9088\" class=\"elementor-tab-content elementor-clearfix\" data-tab=\"8\" role=\"region\" aria-labelledby=\"elementor-tab-title-9088\"><ul><li style=\"text-align: left\">Tramite WhatsApp al numero spagnolo 693 80 22 40 (non sono consentite solo tramite messaggi scritti, chiamate vocali o note vocali).<\/li><li style=\"text-align: left\">Per telefono al numero di telefono spagnolo 931 444 665.<\/li><li style=\"text-align: left\">Via e-mail a <a href=\"mailto:sales@sileu.com\">sales@sileu.com.<\/a><\/li><li style=\"text-align: left\">Attraverso la nostra chat sul sito web.<\/li><li style=\"text-align: left\">Su <a href=\"https:\/\/www.facebook.com\/sileucom\/\" rel=\"nofollow noopener\" target=\"_blank\">Facebook<\/a> o su <a href=\"https:\/\/www.instagram.com\/sileucup\/?hl=es\" rel=\"nofollow noopener\" target=\"_blank\">Instagram.<\/a><\/li><\/ul><\/div>\n\t\t\t\t<\/div>\n\t\t\t\t\t\t\t\t<\/div>\n\t\t\t\t\t\t<\/div>\n\t\t\t\t<\/div>\n\t\t\t\t\t<\/div>\n\t\t<\/div>\n\t\t\t\t\t<\/div>\n\t\t<\/section>\n\t\t\t\t<\/div>\n\t\t","protected":false},"excerpt":{"rendered":"<p>Voglio cambiare le dimensioni della mia coppetta mestruale Sileu Se hai acquistato la tua coppetta mestruale Sileu tramite il nostro sito web, su Amazon, eBay, Carrefour o negozi fisici come farmacie o centri El Corte Ingl\u00e9s, l&#8217;hai utilizzata per almeno 3 o 4 cicli mestruali e hai riscontrato i seguenti problemi: Perdite o macchie La [&hellip;]<\/p>\n","protected":false},"author":4815,"featured_media":0,"parent":0,"menu_order":0,"comment_status":"closed","ping_status":"closed","template":"elementor_header_footer","meta":{"footnotes":""},"class_list":["post-77886","page","type-page","status-publish","hentry"],"_links":{"self":[{"href":"https:\/\/sileu.com\/it\/wp-json\/wp\/v2\/pages\/77886","targetHints":{"allow":["GET"]}}],"collection":[{"href":"https:\/\/sileu.com\/it\/wp-json\/wp\/v2\/pages"}],"about":[{"href":"https:\/\/sileu.com\/it\/wp-json\/wp\/v2\/types\/page"}],"author":[{"embeddable":true,"href":"https:\/\/sileu.com\/it\/wp-json\/wp\/v2\/users\/4815"}],"replies":[{"embeddable":true,"href":"https:\/\/sileu.com\/it\/wp-json\/wp\/v2\/comments?post=77886"}],"version-history":[{"count":3,"href":"https:\/\/sileu.com\/it\/wp-json\/wp\/v2\/pages\/77886\/revisions"}],"predecessor-version":[{"id":77890,"href":"https:\/\/sileu.com\/it\/wp-json\/wp\/v2\/pages\/77886\/revisions\/77890"}],"wp:attachment":[{"href":"https:\/\/sileu.com\/it\/wp-json\/wp\/v2\/media?parent=77886"}],"curies":[{"name":"wp","href":"https:\/\/api.w.org\/{rel}","templated":true}]}}