{"id":3066,"date":"2016-07-01T17:00:44","date_gmt":"2016-07-01T17:00:44","guid":{"rendered":"http:\/\/sileu.com\/es\/product\/coppetta-mestruale-sileu-reso-in-silicone-grado-medicale-riutilizzabili-colore-viola-modello-classic-per-little-abundante-mestruale-uso-naturale-di-band-alternative-di-tamponi-e-comprime\/"},"modified":"2024-02-27T17:49:57","modified_gmt":"2024-02-27T17:49:57","slug":"coppetta-mestruale-sileu-reso-in-silicone-grado-medicale-riutilizzabili-colore-viola-modello-classic-per-little-abundante-mestruale-uso-naturale-di-band-alternative-di-tamponi-e-comprime","status":"publish","type":"product","link":"https:\/\/sileu.com\/it\/prodotto\/coppetta-mestruale-sileu-reso-in-silicone-grado-medicale-riutilizzabili-colore-viola-modello-classic-per-little-abundante-mestruale-uso-naturale-di-band-alternative-di-tamponi-e-comprime\/","title":{"rendered":"Coppetta Mestruale Modello Classic"},"content":{"rendered":"<p>La coppetta mestruale \u00e8 un contenitore di silicone medico, che (come un tampone) viene inserito in vagina durante le mestruazioni, adattamento a qualsiasi donna affatto volte pareti vaginali senza temere che si spostano. Raccogliere il flusso all&#8217;interno del vetro, e pu\u00f2 rendere fino a 12 ore. All&#8217;interno senza.<\/p>\n<p>Ha illimitato uso, perch\u00e9 \u00e8 possibile impostare e come spesso come si desidera, \u00e8 la vita delle tazze con una cura adeguata per ridurre l&#8217;uso di tamponi e tamponi per 10 anni a zero, rimuovere. Se hanno completato il ciclo, ci sono non pi\u00f9 di esso con acqua bollente e anche sterilizzare compresse da biberon e tettarelle per sterilizzare i bambini e tenerli in borsa fino al prossimo periodo mestruale. Nostre le mestruazioni sono in polietilene-medical grade silicone (TPE), pensare che tutte le donne, anche coloro che possono utilizzare una sorta di allergia, come le nostre bevande allergene 100%. Additivi chimici che possono influenzare il corpo della donna non viene utilizzato nella produzione. pu\u00f2 rimanere senza batteri nella loro superficie completamente liscia e non il record, non liquido, quindi non causa cambiamenti nell&#8217;ambiente vaginale naturale. Realizzato in silicone di grado medico, non spider o le pareti vaginali a secco e non lascia tracce di fibre (al contrario di tamponi e comprime supplementare).<\/p>\n<p>Con il suo uso per evitare l&#8217;uso di impacchi e tamponi, altamente inquinanti per l&#8217;ambiente, da diverse sostanze chimiche, ad esempio. Come sbiancanti industriali sono utilizzati nella fabbricazione di questi prodotti e anche a diminuire per molti anni.<\/p>\n<p>CARATTERISTICHE<\/p>\n<p>Pu\u00f2 essere utilizzato durante l&#8217;intero.<br \/>\nNon ragno a secco o intime parti, n\u00e9 lasciare resti di fibre (come fai impacchi e tamponi). \u00c8 anallergico, privo di additivi chimici e prodotti nocivi che possono influenzare l&#8217;Agenzia, ogni donna pu\u00f2 utilizzare senza problemi.<br \/>\nForma un salvataggio importante, poich\u00e9 la Coppa con uno prende corretta acquistare 10 anni e non pi\u00f9 pastiglie o tamponi. Dopo la fine delle mestruazioni, ci per sterilizzare pi\u00f9, bollire e o l&#8217;utilizzo di sterilizzatori di pillole per biberon e tettarelle per il bambino.<br \/>\nLa Coppa \u00e8 l&#8217;alternativa pi\u00f9 rispettosa: non produce sprechi o inquinare l&#8217;ambiente che facilita l&#8217;uso di tamponi e compresse.<br \/>\nEsso si adatta perfettamente all&#8217;anatomia di ogni donna e prevede una tutela di 12 ore senza costantemente pulita.<\/p>\n","protected":false},"excerpt":{"rendered":"<p>La coppetta mestruale \u00e8 un contenitore di silicone medico, che (come un tampone) viene inserito in vagina durante le mestruazioni, adattamento a qualsiasi donna affatto volte pareti vaginali senza temere che si spostano. Raccogliere il flusso all&#8217;interno del vetro, e pu\u00f2 rendere fino a 12 ore. All&#8217;interno senza. Ha illimitato uso, perch\u00e9 \u00e8 possibile impostare [&hellip;]<\/p>\n","protected":false},"featured_media":81045,"comment_status":"open","ping_status":"closed","template":"","meta":[],"product_brand":[],"product_cat":[50953],"product_tag":[],"class_list":{"0":"post-3066","1":"product","2":"type-product","3":"status-publish","4":"has-post-thumbnail","6":"product_cat-sileu-cup","8":"first","9":"instock","10":"sale","11":"taxable","12":"shipping-taxable","13":"purchasable","14":"product-type-variable"},"supplier_id":null,"supplier_sku":"","barcode":null,"atum_controlled":true,"out_stock_date":null,"out_stock_threshold":null,"inheritable":false,"inbound_stock":null,"stock_on_hold":4,"sold_today":0,"sales_last_days":0,"reserved_stock":null,"customer_returns":null,"warehouse_damage":null,"lost_in_post":null,"other_logs":null,"out_stock_days":null,"lost_sales":0,"has_location":null,"update_date":"2026-04-06T10:00:44","atum_locations":[],"atum_stock_status":"instock","restock_status":false,"low_stock_amount":"","sales_update_date":null,"calc_backorders":null,"_links":{"self":[{"href":"https:\/\/sileu.com\/it\/wp-json\/wp\/v2\/product\/3066","targetHints":{"allow":["GET"]}}],"collection":[{"href":"https:\/\/sileu.com\/it\/wp-json\/wp\/v2\/product"}],"about":[{"href":"https:\/\/sileu.com\/it\/wp-json\/wp\/v2\/types\/product"}],"replies":[{"embeddable":true,"href":"https:\/\/sileu.com\/it\/wp-json\/wp\/v2\/comments?post=3066"}],"wp:featuredmedia":[{"embeddable":true,"href":"https:\/\/sileu.com\/it\/wp-json\/wp\/v2\/media\/81045"}],"wp:attachment":[{"href":"https:\/\/sileu.com\/it\/wp-json\/wp\/v2\/media?parent=3066"}],"wp:term":[{"taxonomy":"product_brand","embeddable":true,"href":"https:\/\/sileu.com\/it\/wp-json\/wp\/v2\/product_brand?post=3066"},{"taxonomy":"product_cat","embeddable":true,"href":"https:\/\/sileu.com\/it\/wp-json\/wp\/v2\/product_cat?post=3066"},{"taxonomy":"product_tag","embeddable":true,"href":"https:\/\/sileu.com\/it\/wp-json\/wp\/v2\/product_tag?post=3066"}],"curies":[{"name":"wp","href":"https:\/\/api.w.org\/{rel}","templated":true}]}}