{"id":3595,"date":"2016-07-05T16:27:13","date_gmt":"2016-07-05T16:27:13","guid":{"rendered":"http:\/\/sileu.com\/es\/product\/sterilizzatore-sileu-colore-rosa-pieghevole-con-copertura-in-silicone-medico-un-accessorio-ideale-per-la-coppetta-mestruale\/"},"modified":"2024-10-19T17:18:03","modified_gmt":"2024-10-19T17:18:03","slug":"sterilizzatore-sileu-colore-rosa-pieghevole-con-copertura-in-silicone-medico-un-accessorio-ideale-per-la-coppetta-mestruale","status":"publish","type":"product","link":"https:\/\/sileu.com\/it\/prodotto\/sterilizzatore-sileu-colore-rosa-pieghevole-con-copertura-in-silicone-medico-un-accessorio-ideale-per-la-coppetta-mestruale\/","title":{"rendered":"Sterilizzatore Sileu con Copertura"},"content":{"rendered":"<p>Con questo sterilizzatore pieghevole per le coppette mestruali, si sar\u00e0 in grado di far bollire facilmente la coppetta mestruale nel forno a microonde senza dover utilizzare pentole da cucinao tabs per la sterilizzazione . Realizzato in 100% in silicone medico privo di componenti tossici dannosi per la salute. Grazie al suo design pieghevole, occupa poco spazio, il che rlo ende molto semplice e pratico: si \u00e8u\u00f2 portare lo sterilizzatrice nella borsa, nella borsa da viaggio, nello zaino, ecc si pu\u00f2 anche essere utilizzato per conservare la vostra copetta mestruale o per conservare la coppetta mestruale sostitutiva . Per sterilizzare la tua coppetta mestruale, \u00e8 sufficiente rimuoverla, svuotarla e pulirla. Posizionare la coppetta mestruale all&#8217;interno dello sterilizzatore e riempirlo con acqua. Mettere lo sterilizzatore nel forno a microonde (senza coperchio) e selezionare il programma adatto del vostro forno a microonde per portare l&#8217;acqua ad ebollizione per 2-3 minuti. Con questo semplice processo, la tua coppetta mestruale sar\u00e0 immediatamente pulita in modo veloce ed efficace, senza dover utilizzare i pentole o compresse sterilizzanti.<\/p>\n<p>Caratteristiche:<\/p>\n<p>&#8211; pieghevole. Ci vuole pochissimo spazio.<\/p>\n<p>&#8211; Realizzata in silicone medico al 100% privo di sostanze chimiche nocive per la salute.<\/p>\n<p>&#8211; Riutilizzabile: \u00c8 possibile utilizzarlo per scopi diversi, e di conseguenza risparmiare denaro.<\/p>\n<p>&#8211; Il suo coperchio vi permetter\u00e0 di utilizzare questo dispositivo per conservare la vostra coppetta mestruale.<\/p>\n","protected":false},"excerpt":{"rendered":"<p>Con questo sterilizzatore pieghevole per le coppette mestruali, si sar\u00e0 in grado di far bollire facilmente la coppetta mestruale nel forno a microonde senza dover utilizzare pentole da cucinao tabs per la sterilizzazione . Realizzato in 100% in silicone medico privo di componenti tossici dannosi per la salute. Grazie al suo design pieghevole, occupa poco [&hellip;]<\/p>\n","protected":false},"featured_media":78212,"comment_status":"open","ping_status":"closed","template":"","meta":[],"product_brand":[],"product_cat":[50966,50965,50969,50964,50968,50967,60],"product_tag":[],"class_list":{"0":"post-3595","1":"product","2":"type-product","3":"status-publish","4":"has-post-thumbnail","6":"product_cat-sileu-clean","14":"first","15":"instock","16":"sale","17":"taxable","18":"shipping-taxable","19":"purchasable","20":"product-type-variable"},"supplier_id":null,"supplier_sku":"","barcode":null,"atum_controlled":true,"out_stock_date":null,"out_stock_threshold":null,"inheritable":false,"inbound_stock":null,"stock_on_hold":12,"sold_today":0,"sales_last_days":0,"reserved_stock":null,"customer_returns":null,"warehouse_damage":null,"lost_in_post":null,"other_logs":null,"out_stock_days":null,"lost_sales":0,"has_location":null,"update_date":"2026-02-19T11:09:33","atum_locations":[],"atum_stock_status":"instock","restock_status":false,"low_stock_amount":"","sales_update_date":null,"calc_backorders":null,"_links":{"self":[{"href":"https:\/\/sileu.com\/it\/wp-json\/wp\/v2\/product\/3595","targetHints":{"allow":["GET"]}}],"collection":[{"href":"https:\/\/sileu.com\/it\/wp-json\/wp\/v2\/product"}],"about":[{"href":"https:\/\/sileu.com\/it\/wp-json\/wp\/v2\/types\/product"}],"replies":[{"embeddable":true,"href":"https:\/\/sileu.com\/it\/wp-json\/wp\/v2\/comments?post=3595"}],"wp:featuredmedia":[{"embeddable":true,"href":"https:\/\/sileu.com\/it\/wp-json\/wp\/v2\/media\/78212"}],"wp:attachment":[{"href":"https:\/\/sileu.com\/it\/wp-json\/wp\/v2\/media?parent=3595"}],"wp:term":[{"taxonomy":"product_brand","embeddable":true,"href":"https:\/\/sileu.com\/it\/wp-json\/wp\/v2\/product_brand?post=3595"},{"taxonomy":"product_cat","embeddable":true,"href":"https:\/\/sileu.com\/it\/wp-json\/wp\/v2\/product_cat?post=3595"},{"taxonomy":"product_tag","embeddable":true,"href":"https:\/\/sileu.com\/it\/wp-json\/wp\/v2\/product_tag?post=3595"}],"curies":[{"name":"wp","href":"https:\/\/api.w.org\/{rel}","templated":true}]}}