{"id":77411,"date":"2017-12-12T17:43:29","date_gmt":"2017-12-12T17:43:29","guid":{"rendered":"https:\/\/sileu.com\/cup\/copa-menstrual-sileucup-rose\/"},"modified":"2024-04-19T12:19:08","modified_gmt":"2024-04-19T12:19:08","slug":"copa-menstrual-sileucup-rose","status":"publish","type":"product","link":"https:\/\/sileu.com\/it\/prodotto\/copa-menstrual-sileucup-rose\/","title":{"rendered":"Coppetta Mestruale Sileu Rose"},"content":{"rendered":"<p><strong>QUALE TAGLIA SCEGLIERE?<\/strong><\/p>\n<ul>\n<li><strong>Taglia S:<\/strong> Donne che non hanno partorito per parto naturale.<\/li>\n<li><strong>Taglia L:<\/strong> Donne che hanno partorito per parto naturale.<\/li>\n<\/ul>\n<p>&nbsp;<\/p>\n<p><strong>QUALE FLESSIBILIT\u00c0 SCEGLIERE?<\/strong><\/p>\n<ul>\n<li><strong>La coppetta mestruale Sileu Rose Sport ha una flessibilit\u00e0 di 2.<\/strong> \u00c8 meno flessibile di altri modelli, in modo da adattarsi perfettamente alle pareti vaginali ed evitare perdite, soprattutto in quelle donne che si esercitano frequentemente e praticano sport come il Pilates , yoga, danza, equitazione, ecc. \u00c8 consigliato anche per le donne con un pavimento pelvico forte ed esercitato (ad esempio, che praticano esercizi di Kegel) e per gli atleti e gli atleti competitivi.<\/li>\n<\/ul>\n<p>&nbsp;<\/p>\n<ul>\n<li><strong>La coppetta mestruale Sileu Rose Standard ha una flessibilit\u00e0 di 5.<\/strong> Questo la rende ideale come modello iniziale o se non sei abbastanza sicuro di quale flessibilit\u00e0 scegliere all&#8217;inizio da provare. Questo \u00e8 il nostro modello stella pi\u00f9 apprezzato e la scelta pi\u00f9 frequente tra le donne che usano le nostre coppette mestruali perch\u00e9 grazie al suo design \u00e8 molto facile da indossare e da aprire correttamente.<\/li>\n<\/ul>\n<p>&nbsp;<\/p>\n<ul>\n<li><strong>La coppetta mestruale Sileu Rose Soft ha una flessibilit\u00e0 di 9.<\/strong> \u00c8 la nostra coppetta mestruale pi\u00f9 morbida e flessibile ed \u00e8 consigliata alle donne con pavimento pelvico debole, poco esercitato e sensibile, come ad esempio nel caso di donne che hanno partorito da poco. e di nuovo iniziano ad avere periodi o donne che spesso soffrono di infezioni vaginali e \/ o urinarie come la cistite.<\/li>\n<\/ul>\n<p>&nbsp;<\/p>\n<h4 style=\"text-align: left\">Se hai domande su quale dimensione e flessibilit\u00e0 sarebbe la pi\u00f9 adatta a te, contattaci, siamo qui per aiutarti.<\/h4>\n<p><strong>INFORMAZIONI SU SILEU ROSE MENSTRUAL CUP<\/strong><\/p>\n<p>Il nostro modello Rose \u00e8 stato appositamente progettato e testato da noi stessi, il team SileuCup, per garantire il massimo comfort e praticit\u00e0 nell&#8217;uso quotidiano. Ha un design totalmente unico e inimitabile realizzato in Spagna, simile a una bellissima rosa opaca rossa o trasparente secondo la tua scelta.<\/p>\n<p>Questa bellissima coppetta mestruale ha il tocco di un petalo di fiore, essendo molto morbida mentre ferma, per garantire che si apra senza problemi una volta inserita e che sia delicata e delicata con la zona intima, poich\u00e9 non graffia, asciuga, n\u00e9 lascia alcun tipo di residuo. Non avrai mai assaggiato un bicchiere pi\u00f9 morbido o pi\u00f9 facile da posizionare!<\/p>\n<p>Tutte le nostre coppette mestruali sono prodotte utilizzando <strong>silicone di grado medico tedesco<\/strong> <strong>certificato ISO 10993<\/strong>, cos\u00ec come il nostro colorante rosso, che \u00e8 biologico e <em><strong>certificato ISO 10993<\/strong><\/em>. Il colore trasparente delle nostre coppette non contiene pigmenti.<\/p>\n<p>Ogni coppetta mestruale viene fornita in una busta sigillata per garantirne la totale igiene. Questa borsa \u00e8 realizzata con PLA, un materiale non plastico e biodegradabile che contribuisce all&#8217;ambiente essendo #zero plastica e # rifiuti zero.<\/p>\n<p>Includiamo una borsa in cotone biologico certificato GOTS come regalo in tutti i nostri occhiali in modo da poterla riporre quando non la usi.<\/p>\n<p>Abbiamo realizzato il corpo della coppa con maggiore capienza senza perdere il comfort rendendolo pi\u00f9 allungato. Possiamo portarlo al chiuso per un massimo di 12 ore senza preoccupazioni, avendo una capacit\u00e0 sufficiente per durare tutto quel tempo senza riempirsi completamente, anche in casi di maggiore abbondanza di flusso.<\/p>\n<p>Lo stelo pu\u00f2 essere facilmente accorciato all&#8217;altezza desiderata e pu\u00f2 anche essere rimosso completamente.<\/p>\n<p>Con una corretta manutenzione, la tazza Sileu Rose pu\u00f2 durare fino a 10 anni senza problemi, con il conseguente risparmio economico di non spendere soldi per altri metodi per la regola e di ridurre drasticamente il nostro personale impatto ambientale.<\/p>\n<p>Gli assorbenti e gli assorbenti interni sono realizzati con fibre trattate con sostanze chimiche come le candeggine che non solo sono dannose per noi ma sono anche altamente inquinanti. Usando una coppetta mestruale, facciamo la nostra parte per preservare gli ecosistemi e pi\u00f9 siamo, maggiori saranno i risultati che otterremo!<\/p>\n<p>Non ci sono problemi nell&#8217;usare Sileu Rose se usiamo contraccettivi come lo IUD o l&#8217;anello contraccettivo.<\/p>\n<p><strong>CHE RICEVERO &#8216;?<\/strong><\/p>\n<p>La confezione include la coppetta mestruale della misura e del colore scelti sigillata in una busta in PLA biodegradabile, una busta in cotone biologico certificato GOTS per la conservazione, un manuale di istruzioni multilingue (spagnolo, inglese, francese, tedesco, italiano, russo e portoghese ) che include immagini utili e suggerimenti per indossarlo e toglierlo e una scatola di cartone.<\/p>\n","protected":false},"excerpt":{"rendered":"<p>QUALE TAGLIA SCEGLIERE? Taglia S: Donne che non hanno partorito per parto naturale. Taglia L: Donne che hanno partorito per parto naturale. &nbsp; QUALE FLESSIBILIT\u00c0 SCEGLIERE? La coppetta mestruale Sileu Rose Sport ha una flessibilit\u00e0 di 2. \u00c8 meno flessibile di altri modelli, in modo da adattarsi perfettamente alle pareti vaginali ed evitare perdite, soprattutto [&hellip;]<\/p>\n","protected":false},"featured_media":81075,"comment_status":"open","ping_status":"closed","template":"","meta":[],"product_brand":[],"product_cat":[50953],"product_tag":[],"class_list":{"0":"post-77411","1":"product","2":"type-product","3":"status-publish","4":"has-post-thumbnail","6":"product_cat-sileu-cup","8":"first","9":"instock","10":"sale","11":"featured","12":"taxable","13":"shipping-taxable","14":"purchasable","15":"product-type-variable"},"supplier_id":null,"supplier_sku":"","barcode":null,"atum_controlled":true,"out_stock_date":null,"out_stock_threshold":null,"inheritable":false,"inbound_stock":0,"stock_on_hold":14,"sold_today":0,"sales_last_days":0,"reserved_stock":0,"customer_returns":0,"warehouse_damage":0,"lost_in_post":0,"other_logs":0,"out_stock_days":null,"lost_sales":0,"has_location":false,"update_date":"2026-04-16T09:02:42","atum_locations":[],"atum_stock_status":"instock","restock_status":false,"low_stock_amount":"","sales_update_date":"2025-06-10T19:39:25","calc_backorders":null,"_links":{"self":[{"href":"https:\/\/sileu.com\/it\/wp-json\/wp\/v2\/product\/77411","targetHints":{"allow":["GET"]}}],"collection":[{"href":"https:\/\/sileu.com\/it\/wp-json\/wp\/v2\/product"}],"about":[{"href":"https:\/\/sileu.com\/it\/wp-json\/wp\/v2\/types\/product"}],"replies":[{"embeddable":true,"href":"https:\/\/sileu.com\/it\/wp-json\/wp\/v2\/comments?post=77411"}],"wp:featuredmedia":[{"embeddable":true,"href":"https:\/\/sileu.com\/it\/wp-json\/wp\/v2\/media\/81075"}],"wp:attachment":[{"href":"https:\/\/sileu.com\/it\/wp-json\/wp\/v2\/media?parent=77411"}],"wp:term":[{"taxonomy":"product_brand","embeddable":true,"href":"https:\/\/sileu.com\/it\/wp-json\/wp\/v2\/product_brand?post=77411"},{"taxonomy":"product_cat","embeddable":true,"href":"https:\/\/sileu.com\/it\/wp-json\/wp\/v2\/product_cat?post=77411"},{"taxonomy":"product_tag","embeddable":true,"href":"https:\/\/sileu.com\/it\/wp-json\/wp\/v2\/product_tag?post=77411"}],"curies":[{"name":"wp","href":"https:\/\/api.w.org\/{rel}","templated":true}]}}