{"id":77437,"date":"2016-08-04T18:00:14","date_gmt":"2016-08-04T18:00:14","guid":{"rendered":"https:\/\/sileu.com\/cup\/copa-menstrual-sileucup-bell\/"},"modified":"2025-10-10T09:04:59","modified_gmt":"2025-10-10T09:04:59","slug":"copa-menstrual-sileucup-bell","status":"publish","type":"product","link":"https:\/\/sileu.com\/it\/prodotto\/copa-menstrual-sileucup-bell\/","title":{"rendered":"Sileu Bell coppetta mestruale"},"content":{"rendered":"<p><strong>QUALE TAGLIA SCEGLIERE?<\/strong><\/p>\n<ul>\n<li><strong>Taglia S:<\/strong> Donne che non hanno partorito per parto naturale.<\/li>\n<li><strong>Taglia L:<\/strong> Donne che hanno partorito per parto naturale.<\/li>\n<\/ul>\n<p>&nbsp;<\/p>\n<p><strong>CHE COS&#8217;\u00c8 LA COPPA MESTRUALE?<\/strong><\/p>\n<p>La coppetta mestruale \u00e8 un contenitore in silicone chirurgico che viene inserito all&#8217;interno della vagina (come un tampone) durante le mestruazioni, adattandosi alle pareti vaginali di ogni donna in ogni momento, senza doversi preoccupare che sia mossa.<\/p>\n<p>La coppetta raccoglie al suo interno il flusso mestruale, potendo trasportare fino a 12 ore all&#8217;interno senza doversi preoccupare. \u00c8 pi\u00f9 economico da usare rispetto ad altri prodotti usa e getta, poich\u00e9 con una corretta manutenzione pu\u00f2 durare fino a 10 anni e il suo costo si ammortizza in due mesi.<\/p>\n<p>Quando il ciclo \u00e8 finito, non devi fare altro che sterilizzarlo con acqua bollente in uno sterilizzatore per coppette mestruali o in una casseruola e conservarlo nella borsa fino alla prossima mestruazione.<\/p>\n<p>Tutte le nostre coppette mestruali sono prodotte utilizzando <strong>silicone di grado medico tedesco certificato ISO 10993,<\/strong> cos\u00ec come il nostro colorante rosso, che \u00e8 biologico e <em>certificato ISO 10993<\/em>. Il colore trasparente delle nostre coppette non contiene pigmenti.<\/p>\n<p>Ogni coppetta mestruale viene fornita in una busta sigillata per garantirne la totale igiene. Questa borsa \u00e8 realizzata con PLA, un materiale non plastico e biodegradabile che contribuisce all&#8217;ambiente essendo #zero plastica e # rifiuti zero.<\/p>\n<p>Includiamo una borsa in cotone biologico certificato GOTS come regalo in tutti i nostri occhiali in modo da poterla riporre quando non la usi.<\/p>\n<p>Nessun batterio pu\u00f2 rimanere sulla sua superficie completamente liscia e non assorbe alcun liquido, quindi non ci sono alterazioni nell&#8217;ambiente vaginale naturale. Poich\u00e9 \u00e8 realizzato in silicone medico, non graffia n\u00e9 secca le pareti vaginali e non lascia fibre (a differenza dei tamponi e degli assorbenti aggiuntivi).<\/p>\n<p>\u00c8 compatibile con l&#8217;uso dello IUD e dell&#8217;anello contraccettivo. L&#8217;uso della coppetta mestruale non \u00e8 associato a nessun caso noto di sindrome da shock tossico (TSS). Il nostro silicone \u00e8 ecologico. Con il suo utilizzo si evita di dover utilizzare assorbenti e tamponi, altamente inquinanti per l&#8217;ambiente, poich\u00e9 nella fabbricazione di questi prodotti vengono utilizzati vari prodotti chimici come le candeggine industriali, che inoltre impiegano molti anni per degradarsi.<\/p>\n","protected":false},"excerpt":{"rendered":"<p>QUALE TAGLIA SCEGLIERE? Taglia S: Donne che non hanno partorito per parto naturale. Taglia L: Donne che hanno partorito per parto naturale. &nbsp; CHE COS&#8217;\u00c8 LA COPPA MESTRUALE? La coppetta mestruale \u00e8 un contenitore in silicone chirurgico che viene inserito all&#8217;interno della vagina (come un tampone) durante le mestruazioni, adattandosi alle pareti vaginali di ogni [&hellip;]<\/p>\n","protected":false},"featured_media":81365,"comment_status":"open","ping_status":"closed","template":"","meta":[],"product_brand":[],"product_cat":[50953],"product_tag":[],"class_list":{"0":"post-77437","1":"product","2":"type-product","3":"status-publish","4":"has-post-thumbnail","6":"product_cat-sileu-cup","8":"first","9":"outofstock","10":"sale","11":"taxable","12":"shipping-taxable","13":"purchasable","14":"product-type-variable"},"supplier_id":null,"supplier_sku":"","barcode":null,"atum_controlled":true,"out_stock_date":null,"out_stock_threshold":null,"inheritable":true,"inbound_stock":0,"stock_on_hold":43,"sold_today":0,"sales_last_days":0,"reserved_stock":0,"customer_returns":0,"warehouse_damage":0,"lost_in_post":0,"other_logs":0,"out_stock_days":null,"lost_sales":0,"has_location":false,"update_date":"2025-10-10T09:13:35","atum_locations":[],"atum_stock_status":"outofstock","restock_status":false,"low_stock_amount":"","sales_update_date":"2025-06-10T19:39:33","calc_backorders":null,"_links":{"self":[{"href":"https:\/\/sileu.com\/it\/wp-json\/wp\/v2\/product\/77437","targetHints":{"allow":["GET"]}}],"collection":[{"href":"https:\/\/sileu.com\/it\/wp-json\/wp\/v2\/product"}],"about":[{"href":"https:\/\/sileu.com\/it\/wp-json\/wp\/v2\/types\/product"}],"replies":[{"embeddable":true,"href":"https:\/\/sileu.com\/it\/wp-json\/wp\/v2\/comments?post=77437"}],"wp:featuredmedia":[{"embeddable":true,"href":"https:\/\/sileu.com\/it\/wp-json\/wp\/v2\/media\/81365"}],"wp:attachment":[{"href":"https:\/\/sileu.com\/it\/wp-json\/wp\/v2\/media?parent=77437"}],"wp:term":[{"taxonomy":"product_brand","embeddable":true,"href":"https:\/\/sileu.com\/it\/wp-json\/wp\/v2\/product_brand?post=77437"},{"taxonomy":"product_cat","embeddable":true,"href":"https:\/\/sileu.com\/it\/wp-json\/wp\/v2\/product_cat?post=77437"},{"taxonomy":"product_tag","embeddable":true,"href":"https:\/\/sileu.com\/it\/wp-json\/wp\/v2\/product_tag?post=77437"}],"curies":[{"name":"wp","href":"https:\/\/api.w.org\/{rel}","templated":true}]}}