{"id":77443,"date":"2018-10-16T18:18:01","date_gmt":"2018-10-16T18:18:01","guid":{"rendered":"https:\/\/sileu.com\/cup\/estuche-sileucase-copas-menstruales-ideal-llevar-tampon-copa-menstrual-forma-elegante-discreta-bolso-viajes\/"},"modified":"2026-04-15T17:18:36","modified_gmt":"2026-04-15T17:18:36","slug":"estuche-sileucase-copas-menstruales-ideal-llevar-tampon-copa-menstrual-forma-elegante-discreta-bolso-viajes","status":"publish","type":"product","link":"https:\/\/sileu.com\/it\/prodotto\/estuche-sileucase-copas-menstruales-ideal-llevar-tampon-copa-menstrual-forma-elegante-discreta-bolso-viajes\/","title":{"rendered":"Custodia SileuCase per coppette mestruali &#8211; Ideale per trasportare il tuo assorbente interno o la tua coppetta mestruale in modo elegante e discreto in borsa o in viaggio"},"content":{"rendered":"<p>Con questa pratica e bellissima custodia a forma di rosa potrai trasportare la tua coppetta mestruale in modo comodo, discreto ed elegante in borsa, zaino, valigia quando viaggi, nel vano portaoggetti della tua auto o dove preferisci.<\/p>\n<p>Se perdi le mestruazioni mentre sei al lavoro, in riunione, per strada, in palestra, ecc. Puoi andare in bagno con discrezione con la valigetta Sileu in mano o in borsa in totale privacy e senza nessuno. guarda cosa indossi.<\/p>\n<p>Questa custodia \u00e8 appositamente studiata per riporre la coppetta mestruale, in questo modo sar\u00e0 protetta da polvere, lanugine e sporco, oltre che da essere graffiata o danneggiata da altri oggetti che portiamo, sar\u00e0 sempre pronta all&#8217;uso quando necessario.<\/p>\n<p>\u00c8 realizzato in schiuma rigida, indeformabile e resistente. Inoltre, incorpora al suo interno una rete per agganciare il vetro e impedirne lo spostamento o la caduta improvvisa all&#8217;apertura della custodia.<\/p>\n<p>La custodia \u00e8 disponibile in due colori, rosa pastello e rosso, e in due dimensioni:<\/p>\n<p>Le dimensioni ridotte (8 cm di diametro): \u00e8 ideale per portare con discrezione una sola coppetta mestruale da utilizzare in qualsiasi momento ed evitare che si perda nel fondo di borsetta, zaino, valigia, borsa, ecc.<br \/>\nLa misura grande (10 cm di diametro): \u00e8 ideale come zaino da viaggio, poich\u00e9 le sue dimensioni permettono di riporre una coppetta mestruale, lo sterilizzatore per coppetta mestruale Sileu Clean e anche alcune pastiglie mini sterilizzatrici per pulire la coppetta quando siamo fuori casa . Pu\u00f2 anche essere usato per conservare due coppette mestruali e tenerle pulite e pronte fino al momento dell&#8217;uso.<\/p>\n<p>Con questa pratica custodia, niente pi\u00f9 seccature quando il ciclo si abbassa all&#8217;improvviso, avrai sempre la tua coppetta mestruale Sileu pronta per l&#8217;uso sempre e ovunque!<\/p>\n<h4><strong>** Acquistando questo prodotto riceverai una custodia Sileu del colore e della misura scelti. Tazza e accessori non inclusi.<\/strong><\/h4>\n","protected":false},"excerpt":{"rendered":"<p>Con questa pratica e bellissima custodia a forma di rosa potrai trasportare la tua coppetta mestruale in modo comodo, discreto ed elegante in borsa, zaino, valigia quando viaggi, nel vano portaoggetti della tua auto o dove preferisci. Se perdi le mestruazioni mentre sei al lavoro, in riunione, per strada, in palestra, ecc. Puoi andare in [&hellip;]<\/p>\n","protected":false},"featured_media":81068,"comment_status":"open","ping_status":"closed","template":"","meta":[],"product_brand":[],"product_cat":[50643],"product_tag":[],"class_list":{"0":"post-77443","1":"product","2":"type-product","3":"status-publish","4":"has-post-thumbnail","6":"product_cat-astuccio","8":"first","9":"instock","10":"sale","11":"featured","12":"taxable","13":"shipping-taxable","14":"purchasable","15":"product-type-variable"},"supplier_id":null,"supplier_sku":"","barcode":null,"atum_controlled":true,"out_stock_date":null,"out_stock_threshold":null,"inheritable":false,"inbound_stock":0,"stock_on_hold":6,"sold_today":0,"sales_last_days":0,"reserved_stock":0,"customer_returns":0,"warehouse_damage":0,"lost_in_post":0,"other_logs":0,"out_stock_days":null,"lost_sales":0,"has_location":false,"update_date":"2026-04-15T17:18:38","atum_locations":[],"atum_stock_status":"instock","restock_status":false,"low_stock_amount":"","sales_update_date":"2025-06-10T19:39:19","calc_backorders":null,"_links":{"self":[{"href":"https:\/\/sileu.com\/it\/wp-json\/wp\/v2\/product\/77443","targetHints":{"allow":["GET"]}}],"collection":[{"href":"https:\/\/sileu.com\/it\/wp-json\/wp\/v2\/product"}],"about":[{"href":"https:\/\/sileu.com\/it\/wp-json\/wp\/v2\/types\/product"}],"replies":[{"embeddable":true,"href":"https:\/\/sileu.com\/it\/wp-json\/wp\/v2\/comments?post=77443"}],"wp:featuredmedia":[{"embeddable":true,"href":"https:\/\/sileu.com\/it\/wp-json\/wp\/v2\/media\/81068"}],"wp:attachment":[{"href":"https:\/\/sileu.com\/it\/wp-json\/wp\/v2\/media?parent=77443"}],"wp:term":[{"taxonomy":"product_brand","embeddable":true,"href":"https:\/\/sileu.com\/it\/wp-json\/wp\/v2\/product_brand?post=77443"},{"taxonomy":"product_cat","embeddable":true,"href":"https:\/\/sileu.com\/it\/wp-json\/wp\/v2\/product_cat?post=77443"},{"taxonomy":"product_tag","embeddable":true,"href":"https:\/\/sileu.com\/it\/wp-json\/wp\/v2\/product_tag?post=77443"}],"curies":[{"name":"wp","href":"https:\/\/api.w.org\/{rel}","templated":true}]}}