{"id":77473,"date":"2019-08-08T11:14:27","date_gmt":"2019-08-08T11:14:27","guid":{"rendered":"https:\/\/sileu.com\/cup\/pack-de-inicio-copa-menstrual-sileu-talla-s-l-modelo-y-color-a-elegir\/"},"modified":"2020-09-01T14:46:52","modified_gmt":"2020-09-01T14:46:52","slug":"pack-de-inicio-copa-menstrual-sileu-talla-s-l-modelo-y-color-a-elegir","status":"publish","type":"product","link":"https:\/\/sileu.com\/it\/prodotto\/pack-de-inicio-copa-menstrual-sileu-talla-s-l-modelo-y-color-a-elegir\/","title":{"rendered":"Starter pack Sileu Starter: coppetta mestruale Sileu, taglia S + L, modello e colore da scegliere"},"content":{"rendered":"<p>Attraverso questo Starter Pack potrai acquistare il modello SileuCup pi\u00f9 adatto a te e alle tue esigenze.<\/p>\n<p>Questo pacchetto include una coppetta mestruale Sileu di taglia S e un&#8217;altra di taglia L (due coppette mestruali in totale) nel caso in cui non sei sicuro di quale taglia scegliere, hai entrambe le opzioni da provare. \u00c8 anche utile poter utilizzare la taglia L nei giorni con la maggiore quantit\u00e0 di flusso e quindi dover cambiare meno frequentemente.<\/p>\n<p>In Sileu, misuriamo la flessibilit\u00e0 delle coppe sulla base di una scala da 1 a 10, dove un valore di 1 \u00e8 la coppa meno flessibile (pi\u00f9 rigida) e un valore di 10 \u00e8 la coppa pi\u00f9 flessibile (pi\u00f9 morbida).<\/p>\n<p><strong>MODELLI DISPONIBILI SILEUCUP:<\/strong><\/p>\n<ul>\n<li><strong>Modello Sileu Sport:<\/strong> La flessibilit\u00e0 di questa tazza \u00e8 1, cio\u00e8 \u00e8 un modello rigido. Questo non vuol dire che questa coppetta mestruale sia scomoda o dura, ma che questa flessibilit\u00e0 le permette di adattarsi perfettamente alle pareti vaginali per quelle donne che praticano sport quotidianamente, soprattutto quelli legati al rafforzamento del pavimento pelvico, come il Pilates. , yoga, danza o passeggiate a cavallo. In questo modo si evitano possibili perdite o perdite durante la pratica sportiva. \u00c8 consigliato anche per le atlete.<\/li>\n<li><strong>Modello Sileu Bell:<\/strong> La flessibilit\u00e0 di questa tazza \u00e8 2, cio\u00e8 \u00e8 un modello rigido ma un po &#8216;meno della Coppa Sport. La campana \u00e8 idealmente sagomata per adattarsi a quelle donne che hanno una cervice bassa e \/ o la lunghezza vaginale \u00e8 corta (ad esempio, se si soffre di prolasso vaginale). \u00c8 consigliato anche per adolescenti e donne vergini.<\/li>\n<li><strong>Modello Sileu Rose:<\/strong> La flessibilit\u00e0 di questo grazioso bicchiere a forma di rosa \u00e8 5 (modello Sileu Rose Standard), rendendolo il nostro bicchiere &#8220; tuttofare &#8221; e di solito funziona bene per tutte le donne che lo provano. \u00c8 molto confortevole e morbido, con un tocco vellutato che imita i petali delle rose. Inoltre, \u00e8 il modello pi\u00f9 facile da imparare a indossare e togliere, poich\u00e9 si apre molto facilmente quando lo si posiziona, rendendo difficile la presenza di perdite o perdite.<\/li>\n<li><strong>Modello Sileu Classic e Sileu Tulip:<\/strong> entrambi i modelli hanno una flessibilit\u00e0 standard di 5, rendendoli una buona scelta come modello standard con cui iniziare. Si differenziano tra loro solo per la forma dello stelo, lo stelo della coppa Classic \u00e8 largo e piatto e quello della coppa Tulip \u00e8 cilindrico.<\/li>\n<li><strong>Modello Sileu Soft e Sileu Divine:<\/strong> entrambi i modelli hanno una flessibilit\u00e0 di 8, che li rende le coppe pi\u00f9 flessibili (morbide) disponibili su Sileu. Queste coppe sono particolarmente consigliate se hai un pavimento pelvico debole e \/ o sensibile, cos\u00ec come se soffri spesso di infezioni vaginali e \/ o urinarie. Tieni presente che, poich\u00e9 sono tazze pi\u00f9 morbide, sono un po &#8216;pi\u00f9 difficili da posizionare, poich\u00e9 devi assicurarti che si siano aperte completamente una volta posizionate, quindi non sono consigliate se il tuo pavimento pelvico ha un tono buono o normale ( per esempio, nel caso di giovani donne sane). Entrambi i modelli si differenziano semplicemente per il fusto, il fusto del Soft \u00e8 corto e cilindrico, il fusto del Divine \u00e8 una solida palla.<\/li>\n<\/ul>\n<p><strong>LE NOSTRE BEVANDE MESTRUALI SILEU<\/strong><\/p>\n<p>Tutte le nostre coppette mestruali sono prodotte utilizzando silicone di grado medico tedesco <strong>certificato ISO 10993<\/strong>, cos\u00ec come il nostro colorante rosso, che \u00e8 biologico e <strong>certificato ISO 10993.<\/strong> Il colore trasparente delle nostre coppette non contiene pigmenti.<\/p>\n<p>Ogni coppetta mestruale viene fornita in una busta sigillata per garantirne la totale igiene. Questa borsa \u00e8 realizzata con<strong> PLA, un materiale non plastico e biodegradabile<\/strong> che contribuisce all&#8217;ambiente essendo <strong>#zero plastica e # rifiuti zero.<\/strong><\/p>\n<p>Includiamo una borsa in cotone biologico <strong>certificato GOTS<\/strong> come regalo in tutti i nostri occhiali in modo da poterla riporre quando non la usi.<\/p>\n<p><strong>CHE RICEVERO &#8216;?<\/strong><\/p>\n<p>La confezione comprende due coppette mestruali, una in taglia S e una in taglia L, nel colore scelto ed entrambe sigillate singolarmente in una busta in <strong>PLA biodegradabile<\/strong>, una busta in cotone biologico certificato <strong>GOTS<\/strong> per la conservazione, un manuale di istruzioni multilingue (Spagnolo, inglese, francese, tedesco, italiano, russo e portoghese) che include immagini utili e suggerimenti per indossarlo e toglierlo e una scatola di cartone.<\/p>\n","protected":false},"excerpt":{"rendered":"<p>Attraverso questo Starter Pack potrai acquistare il modello SileuCup pi\u00f9 adatto a te e alle tue esigenze. Questo pacchetto include una coppetta mestruale Sileu di taglia S e un&#8217;altra di taglia L (due coppette mestruali in totale) nel caso in cui non sei sicuro di quale taglia scegliere, hai entrambe le opzioni da provare. \u00c8 [&hellip;]<\/p>\n","protected":false},"featured_media":81506,"comment_status":"open","ping_status":"closed","template":"","meta":[],"product_brand":[],"product_cat":[2503],"product_tag":[],"class_list":{"0":"post-77473","1":"product","2":"type-product","3":"status-publish","4":"has-post-thumbnail","6":"product_cat-packs-sileu-it","8":"first","9":"instock","10":"sale","11":"taxable","12":"shipping-taxable","13":"purchasable","14":"product-type-variable"},"supplier_id":null,"supplier_sku":"","barcode":null,"atum_controlled":true,"out_stock_date":null,"out_stock_threshold":null,"inheritable":true,"inbound_stock":0,"stock_on_hold":42,"sold_today":0,"sales_last_days":0,"reserved_stock":0,"customer_returns":0,"warehouse_damage":0,"lost_in_post":0,"other_logs":0,"out_stock_days":null,"lost_sales":0,"has_location":false,"update_date":"2025-10-20T08:59:00","atum_locations":[],"atum_stock_status":"instock","restock_status":false,"low_stock_amount":"","sales_update_date":"2025-06-10T19:38:59","calc_backorders":null,"_links":{"self":[{"href":"https:\/\/sileu.com\/it\/wp-json\/wp\/v2\/product\/77473","targetHints":{"allow":["GET"]}}],"collection":[{"href":"https:\/\/sileu.com\/it\/wp-json\/wp\/v2\/product"}],"about":[{"href":"https:\/\/sileu.com\/it\/wp-json\/wp\/v2\/types\/product"}],"replies":[{"embeddable":true,"href":"https:\/\/sileu.com\/it\/wp-json\/wp\/v2\/comments?post=77473"}],"wp:featuredmedia":[{"embeddable":true,"href":"https:\/\/sileu.com\/it\/wp-json\/wp\/v2\/media\/81506"}],"wp:attachment":[{"href":"https:\/\/sileu.com\/it\/wp-json\/wp\/v2\/media?parent=77473"}],"wp:term":[{"taxonomy":"product_brand","embeddable":true,"href":"https:\/\/sileu.com\/it\/wp-json\/wp\/v2\/product_brand?post=77473"},{"taxonomy":"product_cat","embeddable":true,"href":"https:\/\/sileu.com\/it\/wp-json\/wp\/v2\/product_cat?post=77473"},{"taxonomy":"product_tag","embeddable":true,"href":"https:\/\/sileu.com\/it\/wp-json\/wp\/v2\/product_tag?post=77473"}],"curies":[{"name":"wp","href":"https:\/\/api.w.org\/{rel}","templated":true}]}}