{"id":77535,"date":"2019-03-21T09:31:50","date_gmt":"2019-03-21T09:31:50","guid":{"rendered":"https:\/\/sileu.com\/cup\/pack-diario-sileu-passion-sweet-copa-menstrual-rose-modelo-iniciacion-para-principiantes-y-adolescentes-alternativa-ecologica-natural-a-tampones-y-compresas-estuche-en-forma-de-flor\/"},"modified":"2024-08-19T14:55:39","modified_gmt":"2024-08-19T14:55:39","slug":"pack-diario-sileu-passion-sweet-copa-menstrual-rose-modelo-iniciacion-para-principiantes-y-adolescentes-alternativa-ecologica-natural-a-tampones-y-compresas-estuche-en-forma-de-flor","status":"publish","type":"product","link":"https:\/\/sileu.com\/it\/prodotto\/pack-diario-sileu-passion-sweet-copa-menstrual-rose-modelo-iniciacion-para-principiantes-y-adolescentes-alternativa-ecologica-natural-a-tampones-y-compresas-estuche-en-forma-de-flor\/","title":{"rendered":"Sileu Go: coppetta mestruale Sileu Rose + astuccio a forma di fiore 8 cm"},"content":{"rendered":"<p><strong>QUALE TAGLIA SCEGLIERE?<\/strong><\/p>\n<ul>\n<li><strong>Taglia S:<\/strong> Donne che non hanno partorito per parto naturale.<\/li>\n<li><strong>Taglia L:<\/strong> Donne che hanno partorito per parto naturale.<\/li>\n<\/ul>\n<p>&nbsp;<\/p>\n<p><strong>QUALE FLESSIBILIT\u00c0 SCEGLIERE?<\/strong><\/p>\n<ul>\n<li><em><strong>La coppetta mestruale Sileu Rose Sport ha una flessibilit\u00e0 di 2.<\/strong><\/em> \u00c8 meno flessibile di altri modelli, in modo da adattarsi perfettamente alle pareti vaginali ed evitare perdite, soprattutto in quelle donne che si esercitano frequentemente e praticano sport come il Pilates , yoga, danza, equitazione, ecc. \u00c8 consigliato anche per le donne con un pavimento pelvico forte ed esercitato (ad esempio, che praticano esercizi di Kegel) e per gli atleti e gli atleti competitivi.<\/li>\n<li><em><strong>La coppetta mestruale Sileu Rose Standard ha una flessibilit\u00e0 di 5.<\/strong><\/em> Questo la rende ideale come modello iniziale o se non sei abbastanza sicuro di quale flessibilit\u00e0 scegliere all&#8217;inizio da provare. Questo \u00e8 il nostro modello stella pi\u00f9 apprezzato e la scelta pi\u00f9 frequente tra le donne che usano le nostre coppette mestruali perch\u00e9 grazie al suo design \u00e8 molto facile da indossare e da aprire correttamente.<\/li>\n<li><em><strong>La coppetta mestruale Sileu Rose Soft ha una flessibilit\u00e0 di 9.<\/strong><\/em> \u00c8 la nostra coppetta mestruale pi\u00f9 morbida e flessibile ed \u00e8 consigliata alle donne con pavimento pelvico debole, poco esercitato e sensibile, come ad esempio nel caso di donne che hanno partorito da poco. e di nuovo iniziano ad avere periodi o donne che spesso soffrono di infezioni vaginali e \/ o urinarie come la cistite.<\/li>\n<\/ul>\n<h5><em><strong>Se hai domande su quale dimensione e flessibilit\u00e0 sarebbe la pi\u00f9 adatta a te, contattaci, siamo qui per aiutarti.<\/strong><\/em><\/h5>\n<p><strong>CHI SILEU GO<\/strong><\/p>\n<p>Con la confezione questo diario Sileu Go puoi trasportare la tua coppetta mestruale Sileu Rose e il tuo sterilizzatore in modo comodo, discreto ed elegante nella tua borsa, zaino, valigia quando viaggi, nel vano portaoggetti dell&#8217;auto o ovunque tu preferisci. Se le mestruazioni si abbassano quando non sei a casa, puoi discretamente andare in bagno con la custodia Sileu in mano o in borsa in totale privacy e senza che nessuno veda cosa indossi.<\/p>\n<p>Tutte le nostre coppette mestruali sono prodotte utilizzando <em><strong>silicone di grado medico tedesco certificato ISO 10993<\/strong><\/em>, cos\u00ec come il nostro colorante rosso, che \u00e8 biologico e <em><strong>certificato ISO 10993.<\/strong><\/em> Il colore trasparente delle nostre coppette non contiene pigmenti.<\/p>\n<p>Ogni coppetta mestruale viene fornita in una busta sigillata per garantirne la totale igiene. Questa borsa \u00e8 realizzata con <strong>PLA,<\/strong> un materiale non plastico e biodegradabile che contribuisce all&#8217;ambiente essendo <em><strong>#zero plastica e # rifiuti zero.<\/strong><\/em><\/p>\n<p>Includiamo una borsa in cotone biologico <strong>certificato GOTS<\/strong> come regalo in tutti i nostri occhiali in modo da poterla riporre quando non la usi.<\/p>\n<p>La custodia misura 8 cm di diametro ed \u00e8 appositamente studiata per riporre la coppetta mestruale, in questo modo sar\u00e0 protetta da polvere, lanugine e sporco, oltre che da essere graffiata o danneggiata da altri oggetti che trasportiamo, sar\u00e0 sempre pronta all&#8217;uso quando \u00e8 necessario. \u00c8 realizzato in schiuma rigida e resistente. Inoltre, incorpora all&#8217;interno una rete per agganciare il vetro e impedirne lo spostamento o la caduta durante l&#8217;apertura della custodia.<\/p>\n<p>Con questo pratico pacchetto, niente pi\u00f9 seccature quando le mestruazioni si abbassano all&#8217;improvviso, avrai sempre la tua coppetta mestruale Sileu pronta per l&#8217;uso sempre e ovunque!<\/p>\n<p><strong>CHE RICEVERO &#8216;?<\/strong><\/p>\n<p>La confezione include la coppetta mestruale della misura e del colore scelti sigillata in una busta in <strong>PLA biodegradabile<\/strong>, una busta in cotone biologico certificato GOTS per la conservazione, un manuale di istruzioni multilingue (spagnolo, inglese, francese, tedesco, italiano, russo e portoghese ) che include immagini utili e consigli per indossarlo e toglierlo, una custodia a forma di fiore di 8 cm di diametro nel colore scelto e una scatola di cartone.<\/p>\n","protected":false},"excerpt":{"rendered":"<p>QUALE TAGLIA SCEGLIERE? Taglia S: Donne che non hanno partorito per parto naturale. Taglia L: Donne che hanno partorito per parto naturale. &nbsp; QUALE FLESSIBILIT\u00c0 SCEGLIERE? La coppetta mestruale Sileu Rose Sport ha una flessibilit\u00e0 di 2. \u00c8 meno flessibile di altri modelli, in modo da adattarsi perfettamente alle pareti vaginali ed evitare perdite, soprattutto [&hellip;]<\/p>\n","protected":false},"featured_media":81698,"comment_status":"open","ping_status":"closed","template":"","meta":[],"product_brand":[],"product_cat":[2503],"product_tag":[],"class_list":{"0":"post-77535","1":"product","2":"type-product","3":"status-publish","4":"has-post-thumbnail","6":"product_cat-packs-sileu-it","8":"first","9":"instock","10":"featured","11":"taxable","12":"shipping-taxable","13":"product-type-variable"},"supplier_id":null,"supplier_sku":"","barcode":null,"atum_controlled":true,"out_stock_date":null,"out_stock_threshold":null,"inheritable":false,"inbound_stock":0,"stock_on_hold":2,"sold_today":0,"sales_last_days":0,"reserved_stock":0,"customer_returns":0,"warehouse_damage":0,"lost_in_post":0,"other_logs":0,"out_stock_days":null,"lost_sales":0,"has_location":false,"update_date":"2026-03-31T13:40:00","atum_locations":[],"atum_stock_status":"instock","restock_status":false,"low_stock_amount":"","sales_update_date":"2025-06-10T19:39:13","calc_backorders":null,"_links":{"self":[{"href":"https:\/\/sileu.com\/it\/wp-json\/wp\/v2\/product\/77535","targetHints":{"allow":["GET"]}}],"collection":[{"href":"https:\/\/sileu.com\/it\/wp-json\/wp\/v2\/product"}],"about":[{"href":"https:\/\/sileu.com\/it\/wp-json\/wp\/v2\/types\/product"}],"replies":[{"embeddable":true,"href":"https:\/\/sileu.com\/it\/wp-json\/wp\/v2\/comments?post=77535"}],"wp:featuredmedia":[{"embeddable":true,"href":"https:\/\/sileu.com\/it\/wp-json\/wp\/v2\/media\/81698"}],"wp:attachment":[{"href":"https:\/\/sileu.com\/it\/wp-json\/wp\/v2\/media?parent=77535"}],"wp:term":[{"taxonomy":"product_brand","embeddable":true,"href":"https:\/\/sileu.com\/it\/wp-json\/wp\/v2\/product_brand?post=77535"},{"taxonomy":"product_cat","embeddable":true,"href":"https:\/\/sileu.com\/it\/wp-json\/wp\/v2\/product_cat?post=77535"},{"taxonomy":"product_tag","embeddable":true,"href":"https:\/\/sileu.com\/it\/wp-json\/wp\/v2\/product_tag?post=77535"}],"curies":[{"name":"wp","href":"https:\/\/api.w.org\/{rel}","templated":true}]}}