{"id":77855,"date":"2016-11-08T18:42:05","date_gmt":"2016-11-08T18:42:05","guid":{"rendered":"https:\/\/sileu.com\/la-copa-menstrual\/"},"modified":"2020-09-03T13:20:10","modified_gmt":"2020-09-03T13:20:10","slug":"copo-menstrual","status":"publish","type":"page","link":"https:\/\/sileu.com\/pt-pt\/copo-menstrual\/","title":{"rendered":"Quero saber mais sobre o copo menstrual Sileu!"},"content":{"rendered":"\t\t<div data-elementor-type=\"wp-page\" data-elementor-id=\"77855\" class=\"elementor elementor-77855 elementor-3640\" data-elementor-post-type=\"page\">\n\t\t\t\t\t\t<section class=\"elementor-section elementor-top-section elementor-element elementor-element-cf88907 elementor-section-boxed elementor-section-height-default elementor-section-height-default\" data-id=\"cf88907\" data-element_type=\"section\" data-settings=\"{&quot;background_background&quot;:&quot;classic&quot;}\">\n\t\t\t\t\t\t<div class=\"elementor-container elementor-column-gap-default\">\n\t\t\t\t\t<div class=\"elementor-column elementor-col-100 elementor-top-column elementor-element elementor-element-c0999a6\" data-id=\"c0999a6\" data-element_type=\"column\">\n\t\t\t<div class=\"elementor-widget-wrap elementor-element-populated\">\n\t\t\t\t\t\t<div class=\"elementor-element elementor-element-958b706 elementor-widget elementor-widget-heading\" data-id=\"958b706\" data-element_type=\"widget\" data-widget_type=\"heading.default\">\n\t\t\t\t<div class=\"elementor-widget-container\">\n\t\t\t\t\t<h2 class=\"elementor-heading-title elementor-size-default\">QUERO SABER MAIS SOBRE A COPA MENSTRUAL SILEU!<\/h2>\t\t\t\t<\/div>\n\t\t\t\t<\/div>\n\t\t\t\t\t<\/div>\n\t\t<\/div>\n\t\t\t\t\t<\/div>\n\t\t<\/section>\n\t\t\t\t<section class=\"elementor-section elementor-top-section elementor-element elementor-element-b137895 elementor-section-boxed elementor-section-height-default elementor-section-height-default\" data-id=\"b137895\" data-element_type=\"section\">\n\t\t\t\t\t\t<div class=\"elementor-container elementor-column-gap-default\">\n\t\t\t\t\t<div class=\"elementor-column elementor-col-100 elementor-top-column elementor-element elementor-element-491dff9\" data-id=\"491dff9\" data-element_type=\"column\">\n\t\t\t<div class=\"elementor-widget-wrap elementor-element-populated\">\n\t\t\t\t\t\t<div class=\"elementor-element elementor-element-c3ba767 elementor-widget elementor-widget-accordion\" data-id=\"c3ba767\" data-element_type=\"widget\" data-widget_type=\"accordion.default\">\n\t\t\t\t<div class=\"elementor-widget-container\">\n\t\t\t\t\t\t\t<div class=\"elementor-accordion\">\n\t\t\t\t\t\t\t<div class=\"elementor-accordion-item\">\n\t\t\t\t\t<div id=\"elementor-tab-title-2051\" class=\"elementor-tab-title\" data-tab=\"1\" role=\"button\" aria-controls=\"elementor-tab-content-2051\" aria-expanded=\"false\">\n\t\t\t\t\t\t\t\t\t\t\t\t\t<span class=\"elementor-accordion-icon elementor-accordion-icon-right\" aria-hidden=\"true\">\n\t\t\t\t\t\t\t\t\t\t\t\t\t\t\t<span class=\"elementor-accordion-icon-closed\"><i class=\"fas fa-plus\"><\/i><\/span>\n\t\t\t\t\t\t\t\t<span class=\"elementor-accordion-icon-opened\"><i class=\"fas fa-minus\"><\/i><\/span>\n\t\t\t\t\t\t\t\t\t\t\t\t\t\t<\/span>\n\t\t\t\t\t\t\t\t\t\t\t\t<a class=\"elementor-accordion-title\" tabindex=\"0\">O que \u00e9 o copo menstrual Sileu?<\/a>\n\t\t\t\t\t<\/div>\n\t\t\t\t\t<div id=\"elementor-tab-content-2051\" class=\"elementor-tab-content elementor-clearfix\" data-tab=\"1\" role=\"region\" aria-labelledby=\"elementor-tab-title-2051\"><p>O copo menstrual Sileu \u00e9 o futuro da higiene \u00edntima feminina, uma revolu\u00e7\u00e3o na forma como as mulheres entendem a sua menstrua\u00e7\u00e3o como limpa e natural. \u00c9 uma alternativa f\u00e1cil de usar, segura, reutiliz\u00e1vel e ecol\u00f3gica aos absorventes internos tradicionais.<\/p><p>Usar o copo Sileu \u00e9 t\u00e3o simples como dobr\u00e1-lo, coloc\u00e1-lo como um tamp\u00e3o e esquecer que o vai usar por 12 horas. Recolhe os fluidos no seu interior em vez de os absorver, mantendo o seu interior naturalmente lubrificado e saud\u00e1vel, sem causar ressecamento ou deixar res\u00edduos de fibras. Em vez de alter\u00e1-lo continuamente como nos m\u00e9todos tradicionais, basta lav\u00e1-lo e reutiliz\u00e1-lo, tornando-o mais econ\u00f4mico e ecologicamente correto. Eles nunca v\u00e3o acabar, como acontece com absorventes e absorventes internos. Inclui uma mala simples e funcional de algod\u00e3o ecol\u00f3gico para guardar e levar consigo, para que tenha sempre \u00e0 m\u00e3o em caso de necessidade. Com o copo menstrual Sileu, voc\u00ea pode simplesmente relaxar e realizar sua rotina di\u00e1ria sem complica\u00e7\u00f5es<\/p><\/div>\n\t\t\t\t<\/div>\n\t\t\t\t\t\t\t<div class=\"elementor-accordion-item\">\n\t\t\t\t\t<div id=\"elementor-tab-title-2052\" class=\"elementor-tab-title\" data-tab=\"2\" role=\"button\" aria-controls=\"elementor-tab-content-2052\" aria-expanded=\"false\">\n\t\t\t\t\t\t\t\t\t\t\t\t\t<span class=\"elementor-accordion-icon elementor-accordion-icon-right\" aria-hidden=\"true\">\n\t\t\t\t\t\t\t\t\t\t\t\t\t\t\t<span class=\"elementor-accordion-icon-closed\"><i class=\"fas fa-plus\"><\/i><\/span>\n\t\t\t\t\t\t\t\t<span class=\"elementor-accordion-icon-opened\"><i class=\"fas fa-minus\"><\/i><\/span>\n\t\t\t\t\t\t\t\t\t\t\t\t\t\t<\/span>\n\t\t\t\t\t\t\t\t\t\t\t\t<a class=\"elementor-accordion-title\" tabindex=\"0\">Quais s\u00e3o as vantagens de usar o copo menstrual Sileu?<\/a>\n\t\t\t\t\t<\/div>\n\t\t\t\t\t<div id=\"elementor-tab-content-2052\" class=\"elementor-tab-content elementor-clearfix\" data-tab=\"2\" role=\"region\" aria-labelledby=\"elementor-tab-title-2052\"><ul><li><p>Isso pode levar at\u00e9 12 horas sem se preocupar. Para esvazi\u00e1-lo, \u00e9 extra\u00eddo de forma confort\u00e1vel e segura, sem manchar ou entrar em contato com o fluxo, \u00e9 esvaziado, limpo e esterilizado e est\u00e1 pronto para ser colocado novamente.<\/p><\/li><li><p>O copo menstrual Sileu se paga em alguns meses. Com manuten\u00e7\u00e3o adequada, pode durar at\u00e9 10 anos, com a consequente economia de dinheiro em absorventes e absorventes internos.<\/p><\/li><li><p>\u00c9 facilmente limpo com \u00e1gua e sab\u00e3o neutro. Terminado o ciclo, basta esteriliz\u00e1-lo fervendo-o ou com um comprimido esterilizante. Em nossa se\u00e7\u00e3o de Acess\u00f3rios, voc\u00ea encontrar\u00e1 tudo o que precisa para facilitar a limpeza e manuten\u00e7\u00e3o adequadas.<\/p><\/li><li><p>Todos os nossos copos s\u00e3o feitos de silicone m\u00e9dico alem\u00e3o de alta qualidade, com certifica\u00e7\u00e3o ISO 10993, o mesmo tipo com que o material usado em salas de cirurgia \u00e9 feito. Qualquer mulher, da adolesc\u00eancia \u00e0 idade adulta, pode us\u00e1-los sem problemas.<\/p><\/li><li><p>N\u00e3o altera, seca ou risca o ambiente vaginal natural, e nenhuma bact\u00e9ria pode viver na superf\u00edcie do copo se for esterilizado corretamente, evitando res\u00edduos de fibras, infec\u00e7\u00f5es vaginais, S\u00edndrome do Choque T\u00f3xico e doen\u00e7as como candid\u00edase e cistite.<\/p><\/li><li><p>\u00c9 compat\u00edvel com o uso do DIU e do anel contraceptivo.<\/p><\/li><li><p>Nosso silicone \u00e9 ecol\u00f3gico, com o uso do copo menstrual voc\u00ea economiza toneladas de res\u00edduos por ano na forma de absorventes e absorventes internos que cont\u00eam produtos qu\u00edmicos altamente poluentes e nocivos como o cloro, assim voc\u00ea ajuda a manter o meio ambiente.<\/p><\/li><li><p>Usamos embalagens n\u00e3o pl\u00e1sticas, feitas de um material denominado PLA, que \u00e9 biodegrad\u00e1vel, portanto, nossos copos menstruais s\u00e3o ecologicamente corretos e sem desperd\u00edcio.<\/p><\/li><\/ul><\/div>\n\t\t\t\t<\/div>\n\t\t\t\t\t\t\t<div class=\"elementor-accordion-item\">\n\t\t\t\t\t<div id=\"elementor-tab-title-2053\" class=\"elementor-tab-title\" data-tab=\"3\" role=\"button\" aria-controls=\"elementor-tab-content-2053\" aria-expanded=\"false\">\n\t\t\t\t\t\t\t\t\t\t\t\t\t<span class=\"elementor-accordion-icon elementor-accordion-icon-right\" aria-hidden=\"true\">\n\t\t\t\t\t\t\t\t\t\t\t\t\t\t\t<span class=\"elementor-accordion-icon-closed\"><i class=\"fas fa-plus\"><\/i><\/span>\n\t\t\t\t\t\t\t\t<span class=\"elementor-accordion-icon-opened\"><i class=\"fas fa-minus\"><\/i><\/span>\n\t\t\t\t\t\t\t\t\t\t\t\t\t\t<\/span>\n\t\t\t\t\t\t\t\t\t\t\t\t<a class=\"elementor-accordion-title\" tabindex=\"0\">Padr\u00f5es de qualidade do copo menstrual Sileu<\/a>\n\t\t\t\t\t<\/div>\n\t\t\t\t\t<div id=\"elementor-tab-content-2053\" class=\"elementor-tab-content elementor-clearfix\" data-tab=\"3\" role=\"region\" aria-labelledby=\"elementor-tab-title-2053\"><p>O copo menstrual Sileu segue os mais r\u00edgidos protocolos de qualidade e controle em sua produ\u00e7\u00e3o. O silicone \u00e9 controlado desde o fornecedor at\u00e9 o produto final, com acompanhamento muito detalhado de cada lote e de cada processo para garantir a m\u00e1xima seguran\u00e7a e higiene. Depois de fabricado o vidro \u00e9 lacrado em um saco de PLA herm\u00e9tico e um saco de algod\u00e3o org\u00e2nico e o manual de instru\u00e7\u00f5es s\u00e3o inseridos juntos em sua caixa correspondente, de modo que n\u00e3o seja manipulado de forma alguma at\u00e9 chegar \u00e0s suas m\u00e3os.<\/p><p>Todos os nossos copos menstruais s\u00e3o fabricados com silicone de grau m\u00e9dico alem\u00e3o com certifica\u00e7\u00e3o ISO 10993. Al\u00e9m disso, para a nossa cor vermelha, usamos pigmento org\u00e2nico tamb\u00e9m com certifica\u00e7\u00e3o ISO 10993. A cor transparente em nossos copos \u00e9 o nosso silicone sem qualquer pigmento.<\/p><\/div>\n\t\t\t\t<\/div>\n\t\t\t\t\t\t\t<div class=\"elementor-accordion-item\">\n\t\t\t\t\t<div id=\"elementor-tab-title-2054\" class=\"elementor-tab-title\" data-tab=\"4\" role=\"button\" aria-controls=\"elementor-tab-content-2054\" aria-expanded=\"false\">\n\t\t\t\t\t\t\t\t\t\t\t\t\t<span class=\"elementor-accordion-icon elementor-accordion-icon-right\" aria-hidden=\"true\">\n\t\t\t\t\t\t\t\t\t\t\t\t\t\t\t<span class=\"elementor-accordion-icon-closed\"><i class=\"fas fa-plus\"><\/i><\/span>\n\t\t\t\t\t\t\t\t<span class=\"elementor-accordion-icon-opened\"><i class=\"fas fa-minus\"><\/i><\/span>\n\t\t\t\t\t\t\t\t\t\t\t\t\t\t<\/span>\n\t\t\t\t\t\t\t\t\t\t\t\t<a class=\"elementor-accordion-title\" tabindex=\"0\">Por que voc\u00ea oferece apenas o tamanho S e o tamanho L? N\u00e3o tem tamanho M dispon\u00edvel?<\/a>\n\t\t\t\t\t<\/div>\n\t\t\t\t\t<div id=\"elementor-tab-content-2054\" class=\"elementor-tab-content elementor-clearfix\" data-tab=\"4\" role=\"region\" aria-labelledby=\"elementor-tab-title-2054\"><p style=\"text-align: justify\">Levamos em considera\u00e7\u00e3o a opini\u00e3o de nossas clientes ap\u00f3s a experimenta\u00e7\u00e3o de nossos copos menstruais e nossa experi\u00eancia indica que geralmente dois tamanhos s\u00e3o suficientes para atender \u00e0s necessidades de nossas clientes. Acreditamos firmemente que o fator flexibilidade \u00e9 muito mais importante do que o tamanho para garantir uma \u00f3tima experi\u00eancia de uso de nossos copos menstruais, por isso nos concentramos nisso para poder oferecer uma ampla gama de diferentes modelos e flexibilidades, cada um um adaptado \u00e0s necessidades e estilo de vida de cada mulher.<\/p><\/div>\n\t\t\t\t<\/div>\n\t\t\t\t\t\t\t\t<\/div>\n\t\t\t\t\t\t<\/div>\n\t\t\t\t<\/div>\n\t\t\t\t\t<\/div>\n\t\t<\/div>\n\t\t\t\t\t<\/div>\n\t\t<\/section>\n\t\t\t\t<\/div>\n\t\t","protected":false},"excerpt":{"rendered":"<p>QUERO SABER MAIS SOBRE A COPA MENSTRUAL SILEU! O que \u00e9 o copo menstrual Sileu? O copo menstrual Sileu \u00e9 o futuro da higiene \u00edntima feminina, uma revolu\u00e7\u00e3o na forma como as mulheres entendem a sua menstrua\u00e7\u00e3o como limpa e natural. \u00c9 uma alternativa f\u00e1cil de usar, segura, reutiliz\u00e1vel e ecol\u00f3gica aos absorventes internos tradicionais. [&hellip;]<\/p>\n","protected":false},"author":4815,"featured_media":0,"parent":0,"menu_order":0,"comment_status":"closed","ping_status":"closed","template":"elementor_header_footer","meta":{"footnotes":""},"class_list":["post-77855","page","type-page","status-publish","hentry"],"_links":{"self":[{"href":"https:\/\/sileu.com\/pt-pt\/wp-json\/wp\/v2\/pages\/77855","targetHints":{"allow":["GET"]}}],"collection":[{"href":"https:\/\/sileu.com\/pt-pt\/wp-json\/wp\/v2\/pages"}],"about":[{"href":"https:\/\/sileu.com\/pt-pt\/wp-json\/wp\/v2\/types\/page"}],"author":[{"embeddable":true,"href":"https:\/\/sileu.com\/pt-pt\/wp-json\/wp\/v2\/users\/4815"}],"replies":[{"embeddable":true,"href":"https:\/\/sileu.com\/pt-pt\/wp-json\/wp\/v2\/comments?post=77855"}],"version-history":[{"count":2,"href":"https:\/\/sileu.com\/pt-pt\/wp-json\/wp\/v2\/pages\/77855\/revisions"}],"predecessor-version":[{"id":77858,"href":"https:\/\/sileu.com\/pt-pt\/wp-json\/wp\/v2\/pages\/77855\/revisions\/77858"}],"wp:attachment":[{"href":"https:\/\/sileu.com\/pt-pt\/wp-json\/wp\/v2\/media?parent=77855"}],"curies":[{"name":"wp","href":"https:\/\/api.w.org\/{rel}","templated":true}]}}