{"id":9388,"date":"2019-05-15T16:49:13","date_gmt":"2019-05-15T16:49:13","guid":{"rendered":"https:\/\/sileu.com\/?page_id=9388"},"modified":"2019-05-15T16:49:13","modified_gmt":"2019-05-15T16:49:13","slug":"aviso-legal","status":"publish","type":"page","link":"https:\/\/sileu.com\/pt-pt\/aviso-legal\/","title":{"rendered":"Aviso legal"},"content":{"rendered":"<ol>\n<li>Dados da empresa Em conformidade com o artigo 10 da Lei 34\/2002, de 11 de julho, de Servi\u00e7os da Sociedade da Informa\u00e7\u00e3o e Com\u00e9rcio Eletr\u00f3nico, em seguida s\u00e3o expostos os dados de identifica\u00e7\u00e3o da empresa. Denomina\u00e7\u00e3o Social: Fulfillment Warehouse Spain S.L., com sede em: Calle Los Omeyas 5, Local. Cordoba 14005.<\/li>\n<\/ol>\n<p>&nbsp;<\/p>\n<ol start=\"2\">\n<li>Propriedade intelectual O c\u00f3digo fonte, design gr\u00e1fico, imagens, fotografias, sons, anima\u00e7\u00f5es, software, textos, bem como a informa\u00e7\u00e3o e conte\u00fados inclu\u00eddos neste site est\u00e3o protegidos pela legisla\u00e7\u00e3o espanhola sobre os direitos de propriedade intelectual e industrial a favor da Fulfillment Warehouse Spain S.L., e n\u00e3o \u00e9 permitido a reprodu\u00e7\u00e3o e\/ou publica\u00e7\u00e3o, no todo ou em parte, do site, nem o seu tratamento inform\u00e1tico, distribui\u00e7\u00e3o, difus\u00e3o, nem a sua modifica\u00e7\u00e3o, transforma\u00e7\u00e3o ou descompila\u00e7\u00e3o, nem quaisquer outros direitos legalmente reconhecidos ao seu propriet\u00e1rio, sem a pr\u00e9via autoriza\u00e7\u00e3o por escrito da Fulfillment Warehouse Spain S.L. O usu\u00e1rio, \u00fanica e exclusivamente, pode utilizar o material que aparece neste site para o seu uso pessoal e privado, ficando proibido o seu uso para fins comerciais ou para incorrer em actividades il\u00edcitas. Todos os direitos derivados da propriedade intelectual s\u00e3o expressamente reservados pela Fulfillment Warehouse Spain S.L., Fulfillment Warehouse Spain S.L., assegurar\u00e1 o cumprimento das condi\u00e7\u00f5es acima, bem como pela devida utiliza\u00e7\u00e3o dos conte\u00fados apresentados nas suas p\u00e1ginas web, exercendo todas as a\u00e7\u00f5es civis e criminais que correspondam a ele, no caso de infra\u00e7\u00e3o ou incumprimento destes direitos por parte do usu\u00e1rio.<\/li>\n<\/ol>\n<p>&nbsp;<\/p>\n<ol start=\"3\">\n<li>Prote\u00e7\u00e3o de dados de car\u00e1cter pessoal No \u00e2mbito do cumprimento da legisla\u00e7\u00e3o vigente, conforme estabelecido na Lei Org\u00e2nica 15\/1999, de 13 de dezembro, sobre a Prote\u00e7\u00e3o de Dados de Car\u00e1cter Pessoal (LOPD), cujo objetivo \u00e9 garantir e proteger, no que diz respeito ao tratamento de dados pessoais, liberdades e direitos fundamentais das pessoas singulares, e especialmente a sua honra e privacidade pessoal, Fulfillment Warehouse Spain S.L., informa os usu\u00e1rios que nenhum dado de car\u00e1cter pessoal \u00e9 solicitado ou registado neste site.<\/li>\n<li>V\u00e1rios A.- Fulfillment Warehouse Spain S.L., n\u00e3o utiliza cookies que ser\u00e3o armazenados no computador. Os cookies s\u00e3o pequenos arquivos que o nosso computador envia para o seu, mas n\u00e3o nos proporciona informa\u00e7\u00f5es nem do seu nome, nem de qualquer dado seu de car\u00e1cter pessoal. Quando o usu\u00e1rio estiver a navegar nas p\u00e1ginas web da Fulfillment Warehouse Spain S.L.\u00a0o servidor onde est\u00e1 hospedado reconhece automaticamente o endere\u00e7o IP do seu computador, o dia e a hora em que a visita inicia, em que a visita \u00e9 abandonada, assim como informa\u00e7\u00e3o sobre as distintas se\u00e7\u00f5es consultadas. \u00c9 necess\u00e1rio que o servidor conhe\u00e7a estes dados para poder comunicar e enviar-lhe o pedido realizado e para que, atrav\u00e9s do navegador, possa ser visualizado no ecr\u00e3. B.- Fulfillment Warehouse Spain S.L. pode modificar, sem aviso-pr\u00e9vio, a informa\u00e7\u00e3o contida no seu site, bem como a sua configura\u00e7\u00e3o e apresenta\u00e7\u00e3o. C.- Fulfillment Warehouse Spain S.L. por este meio, compromete-se a N\u00c3O REALIZAR PUBLICIDADE ENGANOSA. Para este efeito, portanto, n\u00e3o ser\u00e3o considerados como publicidade enganosa os erros formais ou num\u00e9ricos que possam ser encontrados em todo o conte\u00fado das distintas se\u00e7\u00f5es do site da Fulfillment Warehouse Spain S.L., produzidos como consequ\u00eancia de manuten\u00e7\u00e3o e\/ou atualiza\u00e7\u00e3o incompleta ou defeituosa da informa\u00e7\u00e3o contida nestas se\u00e7\u00f5es. Fulfillment Warehouse Spain S.L., como consequ\u00eancia do disposto nesta se\u00e7\u00e3o, compromete-se a corrigi-los assim que tenha conhecimento de tais erros. D.- Fulfillment Warehouse Spain S.L., compromete-se a N\u00c3O ENVIAR COMUNICA\u00c7\u00d5ES COMERCIAIS SEM IDENTIFIC\u00c1-LAS COMO TAL, de acordo com o disposto na Lei 34\/2002 sobre os Servi\u00e7os da Sociedade da Informa\u00e7\u00e3o e do com\u00e9rcio eletr\u00f3nico. Para estes efeitos, n\u00e3o ser\u00e1 considerada como comunica\u00e7\u00e3o comercial toda a informa\u00e7\u00e3o que \u00e9 enviada PARA OS CLIENTES da Fulfillment Warehouse Spain S.L. desde que a sua finalidade seja manter a rela\u00e7\u00e3o contractual existente entre o cliente e a Fulfillment Warehouse Spain S.L., assim como o desempenho das tarefas de informa\u00e7\u00e3o, forma\u00e7\u00e3o e outras atividades pr\u00f3prias do servi\u00e7o que o cliente contratou com a empresa. E.- Fulfillment Warehouse Spain S.L., S.L. n\u00e3o \u00e9 respons\u00e1vel pelo incumprimento de qualquer norma aplic\u00e1vel que o usu\u00e1rio possa incorrer ao aceder ao presente site e\/ou na utiliza\u00e7\u00e3o das informa\u00e7\u00f5es contidas no mesmo. F.- Fulfillment Warehouse Spain S.L. n\u00e3o ser\u00e1 respons\u00e1vel por danos e perdas causadas ou suscet\u00edveis de ocorrer, qualquer que seja a sua natureza, decorrentes do uso da informa\u00e7\u00e3o, dos materiais contidos neste site e dos programas que incorpora. Os links e hipertexto que possibilitam, atrav\u00e9s do site, o usu\u00e1rio aceder a benef\u00edcios e a servi\u00e7os oferecidos por terceiros, n\u00e3o pertencem e n\u00e3o se encontram sob controlo da Fulfillment Warehouse Spain S.L.; a referida entidade n\u00e3o \u00e9 respons\u00e1vel pelas informa\u00e7\u00f5es contidas nos mesmos, nem de quaisquer efeitos que possam surgir dessas informa\u00e7\u00f5es. G.- Fulfillment Warehouse Spain S.L. n\u00e3o \u00e9 respons\u00e1vel pelo uso ileg\u00edtimo que terceiros possam fazer dos nomes de marcas, nomes de produtos e marcas registadas que, n\u00e3o sendo propriedade de tal entidade, apare\u00e7am neste site. Nem \u00e9 respons\u00e1vel pela integridade, veracidade e legalidade do conte\u00fado dos links para os sites que podem ser acedidas a partir do presente site. H.- Em suma, o Usu\u00e1rio \u00e9 o \u00fanico respons\u00e1vel pelo uso que realize dos servi\u00e7os, conte\u00fados, links e hipertexto inclu\u00eddos no presente site.<\/li>\n<\/ol>\n","protected":false},"excerpt":{"rendered":"<p>Dados da empresa Em conformidade com o artigo 10 da Lei 34\/2002, de 11 de julho, de Servi\u00e7os da Sociedade da Informa\u00e7\u00e3o e Com\u00e9rcio Eletr\u00f3nico, em seguida s\u00e3o expostos os dados de identifica\u00e7\u00e3o da empresa. Denomina\u00e7\u00e3o Social: Fulfillment Warehouse Spain S.L., com sede em: Calle Los Omeyas 5, Local. Cordoba 14005. &nbsp; Propriedade intelectual O [&hellip;]<\/p>\n","protected":false},"author":4815,"featured_media":0,"parent":0,"menu_order":0,"comment_status":"closed","ping_status":"closed","template":"","meta":{"footnotes":""},"class_list":["post-9388","page","type-page","status-publish","hentry"],"_links":{"self":[{"href":"https:\/\/sileu.com\/pt-pt\/wp-json\/wp\/v2\/pages\/9388","targetHints":{"allow":["GET"]}}],"collection":[{"href":"https:\/\/sileu.com\/pt-pt\/wp-json\/wp\/v2\/pages"}],"about":[{"href":"https:\/\/sileu.com\/pt-pt\/wp-json\/wp\/v2\/types\/page"}],"author":[{"embeddable":true,"href":"https:\/\/sileu.com\/pt-pt\/wp-json\/wp\/v2\/users\/4815"}],"replies":[{"embeddable":true,"href":"https:\/\/sileu.com\/pt-pt\/wp-json\/wp\/v2\/comments?post=9388"}],"version-history":[{"count":1,"href":"https:\/\/sileu.com\/pt-pt\/wp-json\/wp\/v2\/pages\/9388\/revisions"}],"predecessor-version":[{"id":9389,"href":"https:\/\/sileu.com\/pt-pt\/wp-json\/wp\/v2\/pages\/9388\/revisions\/9389"}],"wp:attachment":[{"href":"https:\/\/sileu.com\/pt-pt\/wp-json\/wp\/v2\/media?parent=9388"}],"curies":[{"name":"wp","href":"https:\/\/api.w.org\/{rel}","templated":true}]}}