{"id":9390,"date":"2019-05-15T16:51:24","date_gmt":"2019-05-15T16:51:24","guid":{"rendered":"https:\/\/sileu.com\/?page_id=9390"},"modified":"2020-09-03T15:08:49","modified_gmt":"2020-09-03T15:08:49","slug":"como-escolher-o-seu-copo-menstrual-sileu-cup-ideal","status":"publish","type":"page","link":"https:\/\/sileu.com\/pt-pt\/como-escolher-o-seu-copo-menstrual-sileu-cup-ideal\/","title":{"rendered":"Como escolher o seu copo menstrual Sileu Cup ideal"},"content":{"rendered":"\t\t<div data-elementor-type=\"wp-page\" data-elementor-id=\"9390\" class=\"elementor elementor-9390 elementor-4343\" data-elementor-post-type=\"page\">\n\t\t\t\t\t\t<section class=\"elementor-section elementor-top-section elementor-element elementor-element-10f4b97 elementor-section-boxed elementor-section-height-default elementor-section-height-default\" data-id=\"10f4b97\" data-element_type=\"section\" data-settings=\"{&quot;background_background&quot;:&quot;classic&quot;}\">\n\t\t\t\t\t\t<div class=\"elementor-container elementor-column-gap-default\">\n\t\t\t\t\t<div class=\"elementor-column elementor-col-100 elementor-top-column elementor-element elementor-element-391ee88\" data-id=\"391ee88\" data-element_type=\"column\">\n\t\t\t<div class=\"elementor-widget-wrap elementor-element-populated\">\n\t\t\t\t\t\t\t<\/div>\n\t\t<\/div>\n\t\t\t\t\t<\/div>\n\t\t<\/section>\n\t\t\t\t<section class=\"elementor-section elementor-top-section elementor-element elementor-element-139a75a8 elementor-section-boxed elementor-section-height-default elementor-section-height-default\" data-id=\"139a75a8\" data-element_type=\"section\">\n\t\t\t\t\t\t<div class=\"elementor-container elementor-column-gap-default\">\n\t\t\t\t\t<div class=\"elementor-column elementor-col-100 elementor-top-column elementor-element elementor-element-9f741f1\" data-id=\"9f741f1\" data-element_type=\"column\">\n\t\t\t<div class=\"elementor-widget-wrap elementor-element-populated\">\n\t\t\t\t\t\t<div class=\"elementor-element elementor-element-22855fea elementor-widget elementor-widget-text-editor\" data-id=\"22855fea\" data-element_type=\"widget\" data-widget_type=\"text-editor.default\">\n\t\t\t\t<div class=\"elementor-widget-container\">\n\t\t\t\t\t\t\t\t\t<p>No nosso site pode encontrar diversos tipos de copos menstruais, provavelmente pergunta-se, qual \u00e9 que vai funcionar melhor?<em><strong> Ser\u00e1 este o ideal para mim? Qual \u00e9 que devo escolher?<\/strong><\/em><\/p><p>Sem d\u00favida que, o corpo de cada mulher \u00e9 um mundo, e \u00e9 dif\u00edcil estabelecer regras ou diretrizes que se encaixem em todas as mulheres igualmente, mas se \u00e9 verdade que existem alguns par\u00e2metros de orienta\u00e7\u00e3o, que normalmente d\u00e3o um resultado bastante preciso na hora de escolher o copo menstrual Sileucup ideal para si:<\/p><p>Tenha em conta que existem diversos par\u00e2metros que diferenciam uns copos menstruais Sileucup de outros, como o tamanho, capacidade, cor, textura, forma da haste, os orif\u00edcios de v\u00e1cuo, etc. No entanto, todos estes fatores s\u00e3o secund\u00e1rios quando se trata de um ajuste \u00f3ptimo do copo ao seu corpo.<\/p><p>N\u00f3s recomendamos sempre, levar em considera\u00e7\u00e3o, em primeiro lugar, o par\u00e2metro que \u00e9, sob a nossa experi\u00eancia, o mais fundamental de todos: a flexibilidade do copo menstrual, a qual est\u00e1 intimamente relacionada com a for\u00e7a do piso p\u00e9lvico de cada mulher. A <em>flexibilidade varia de 1 a 10,<\/em> sendo <em>1 o copo menos flex\u00edvel e 10 o copo mais flex\u00edvel.<\/em><\/p><h4><img fetchpriority=\"high\" decoding=\"async\" class=\"aligncenter size-full wp-image-76449\" src=\"https:\/\/sileu.com\/wp-content\/uploads\/2020\/08\/COPAS-ROJAS-JUNTAS.png\" alt=\"\" width=\"600\" height=\"220\" title=\"\" srcset=\"https:\/\/sileu.com\/wp-content\/uploads\/2020\/08\/COPAS-ROJAS-JUNTAS.png 600w, https:\/\/sileu.com\/wp-content\/uploads\/2020\/08\/COPAS-ROJAS-JUNTAS-510x187.png 510w\" sizes=\"(max-width: 600px) 100vw, 600px\" \/><\/h4><h4 style=\"text-align: left\"><em><strong>Aqui est\u00e1 uma descri\u00e7\u00e3o detalhada de cada um dos modelos, encontre o seu Sileucup!<\/strong><\/em><\/h4><ul><li><em><strong>O modelo Sport tem uma flexibilidade de 1<\/strong> <\/em>e \u00e9 especialmente indicado para mulheres com o piso p\u00e9lvico bem treinado, (praticam exerc\u00edcios com frequ\u00eancia como pilatos, dan\u00e7a, equita\u00e7\u00e3o, etc.). O copo Sport, sendo menos flex\u00edvel, exerce maior press\u00e3o sobre a parede vaginal e evita que os m\u00fasculos p\u00e9lvicos o esmaguem e provoque fugas, ajustando-se \u00e0 perfei\u00e7\u00e3o. S\u00f3 tem dois orif\u00edcios de v\u00e1cuo, para ficar mais selado e seguro. \u00c9 de cor rosa e o toque \u00e9 o mais dif\u00edcil e suave. A haste \u00e9 plana com estrias para que, no momento de remov\u00ea-lo, n\u00e3o escorregue, embora, se a haste a incomodar, pode optar por cortar uma por\u00e7\u00e3o ou directamente inteira.<\/li><\/ul><ul><li><em><strong>O modelo Soft tem uma flexibilidade de 8<\/strong><\/em>, \u00e9 o modelo mais suave que temos dispon\u00edvel atualmente. \u00c9 um pouco mais dif\u00edcil de se desdobrar uma vez inserido, mas pressiona menos as paredes vaginais. Tem quatro orif\u00edcios de v\u00e1cuo, pelo que \u00e9 mais f\u00e1cil de romper a veda\u00e7\u00e3o no momento de remov\u00ea-lo. Este modelo foi especialmente concebido para aquelas mulheres que t\u00eam o piso p\u00e9lvico d\u00e9bil ou sens\u00edvel, como por exemplo, se tivesse dado \u00e0 luz recentemente, se tem tend\u00eancia a sofrer de doen\u00e7as vaginais ou se n\u00e3o pratica desportos para fortalecer o piso p\u00e9lvico. \u00c9 de cor malva e o seu toque \u00e9 muito suave, sedoso e macio. A haste \u00e9 curta e de forma redonda, tamb\u00e9m com estrias para que n\u00e3o escorregue no momento de remov\u00ea-lo, tamb\u00e9m pode ser cortada se incomodar.<\/li><\/ul><ul><li><em><strong>O modelo Classic tem uma flexibilidade de 5.<\/strong><\/em> A sua firmeza m\u00e9dia (desdobra-se com relativa facilidade e exerce uma press\u00e3o padr\u00e3o nas paredes vaginais) torna-o ideal para a maioria das mulheres. Tem quatro orif\u00edcios de v\u00e1cuo. \u00c9 de cor malva e de toque suave. A sua haste \u00e9 plana, de forma oval e com estrias para facilitar a sua remo\u00e7\u00e3o, tal como os outros modelos, a haste pode ser cortada se assim o desejar.<\/li><\/ul><ul><li><em><strong>O modelo Tulip tem uma flexibilidade de 5<\/strong><\/em> tal como o modelo Classic, com a diferen\u00e7a de que o seu design em forma de tulipa e o seu ap\u00eandice redondo facilitam a coloca\u00e7\u00e3o, tornando-o ideal para come\u00e7ar a utilizar o copo menstrual. Da mesma forma, se \u00e9 a primeira vez que vai utilizar um copo menstrual e n\u00e3o sabe qual escolher, recomendamos que comece por este. \u00c9 de cor malva, toque suave e a sua haste \u00e9 redonda e oca com estrias (tamb\u00e9m pode ser cortada sem problemas).<\/li><\/ul><h4 style=\"text-align: left\"><span style=\"color: #ff0000\"><em><strong>Todos os copos menstruais incluem um pequeno indicador de capacidade no corpo do copo.<\/strong><\/em><\/span><\/h4><p>Em rela\u00e7\u00e3o ao tamanho, se tem menos de <strong>25 anos e\/ou nunca teve um parto natural<\/strong>, o tamanho que recomendamos \u00e9 o S. Se, por outro lado, <strong>tiver mais de 25 anos e\/ou teve um ou mais partos naturais,<\/strong> o tamanho recomend\u00e1vel \u00e9 o L.<\/p><p>Em qualquer caso, como foi mencionado anteriormente, cada corpo \u00e9 um mundo e estas diretrizes s\u00e3o gerais. Geralmente, funcionam bem para a maioria das mulheres, mas pode dar-se o caso de que se sinta mais confort\u00e1vel com outro modelo ou outro tamanho diferente desta orienta\u00e7\u00e3o, pelo que a nossa recomenda\u00e7\u00e3o \u00e9 que voc\u00ea v\u00e1 testando e escolha o que se adapte melhor a si.<\/p><p>\u00a0<\/p>\t\t\t\t\t\t\t\t<\/div>\n\t\t\t\t<\/div>\n\t\t\t\t\t<\/div>\n\t\t<\/div>\n\t\t\t\t\t<\/div>\n\t\t<\/section>\n\t\t\t\t<\/div>\n\t\t","protected":false},"excerpt":{"rendered":"<p>No nosso site pode encontrar diversos tipos de copos menstruais, provavelmente pergunta-se, qual \u00e9 que vai funcionar melhor? Ser\u00e1 este o ideal para mim? Qual \u00e9 que devo escolher? Sem d\u00favida que, o corpo de cada mulher \u00e9 um mundo, e \u00e9 dif\u00edcil estabelecer regras ou diretrizes que se encaixem em todas as mulheres igualmente, [&hellip;]<\/p>\n","protected":false},"author":4815,"featured_media":14412,"parent":0,"menu_order":0,"comment_status":"closed","ping_status":"closed","template":"elementor_header_footer","meta":{"footnotes":""},"class_list":["post-9390","page","type-page","status-publish","has-post-thumbnail","hentry"],"_links":{"self":[{"href":"https:\/\/sileu.com\/pt-pt\/wp-json\/wp\/v2\/pages\/9390","targetHints":{"allow":["GET"]}}],"collection":[{"href":"https:\/\/sileu.com\/pt-pt\/wp-json\/wp\/v2\/pages"}],"about":[{"href":"https:\/\/sileu.com\/pt-pt\/wp-json\/wp\/v2\/types\/page"}],"author":[{"embeddable":true,"href":"https:\/\/sileu.com\/pt-pt\/wp-json\/wp\/v2\/users\/4815"}],"replies":[{"embeddable":true,"href":"https:\/\/sileu.com\/pt-pt\/wp-json\/wp\/v2\/comments?post=9390"}],"version-history":[{"count":6,"href":"https:\/\/sileu.com\/pt-pt\/wp-json\/wp\/v2\/pages\/9390\/revisions"}],"predecessor-version":[{"id":77893,"href":"https:\/\/sileu.com\/pt-pt\/wp-json\/wp\/v2\/pages\/9390\/revisions\/77893"}],"wp:featuredmedia":[{"embeddable":true,"href":"https:\/\/sileu.com\/pt-pt\/wp-json\/wp\/v2\/media\/14412"}],"wp:attachment":[{"href":"https:\/\/sileu.com\/pt-pt\/wp-json\/wp\/v2\/media?parent=9390"}],"curies":[{"name":"wp","href":"https:\/\/api.w.org\/{rel}","templated":true}]}}