{"id":9408,"date":"2019-05-15T16:59:30","date_gmt":"2019-05-15T16:59:30","guid":{"rendered":"https:\/\/sileu.com\/?page_id=9408"},"modified":"2020-09-01T18:37:18","modified_gmt":"2020-09-01T18:37:18","slug":"qualidade-e-normas-de-qualidade-do-sileu-cup","status":"publish","type":"page","link":"https:\/\/sileu.com\/pt-pt\/qualidade-e-normas-de-qualidade-do-sileu-cup\/","title":{"rendered":"Qualidade e normas de qualidade do Sileu Cup"},"content":{"rendered":"\t\t<div data-elementor-type=\"wp-page\" data-elementor-id=\"9408\" class=\"elementor elementor-9408 elementor-4143\" data-elementor-post-type=\"page\">\n\t\t\t\t\t\t<section class=\"elementor-section elementor-top-section elementor-element elementor-element-d8b8f52 elementor-section-boxed elementor-section-height-default elementor-section-height-default\" data-id=\"d8b8f52\" data-element_type=\"section\" data-settings=\"{&quot;background_background&quot;:&quot;classic&quot;}\">\n\t\t\t\t\t\t<div class=\"elementor-container elementor-column-gap-default\">\n\t\t\t\t\t<div class=\"elementor-column elementor-col-100 elementor-top-column elementor-element elementor-element-6ab2cca\" data-id=\"6ab2cca\" data-element_type=\"column\">\n\t\t\t<div class=\"elementor-widget-wrap elementor-element-populated\">\n\t\t\t\t\t\t\t<\/div>\n\t\t<\/div>\n\t\t\t\t\t<\/div>\n\t\t<\/section>\n\t\t\t\t<section class=\"elementor-section elementor-top-section elementor-element elementor-element-9410152 elementor-section-boxed elementor-section-height-default elementor-section-height-default\" data-id=\"9410152\" data-element_type=\"section\">\n\t\t\t\t\t\t<div class=\"elementor-container elementor-column-gap-default\">\n\t\t\t\t\t<div class=\"elementor-column elementor-col-100 elementor-top-column elementor-element elementor-element-4395e8fd\" data-id=\"4395e8fd\" data-element_type=\"column\">\n\t\t\t<div class=\"elementor-widget-wrap elementor-element-populated\">\n\t\t\t\t\t\t<div class=\"elementor-element elementor-element-1cf10f30 elementor-widget elementor-widget-text-editor\" data-id=\"1cf10f30\" data-element_type=\"widget\" data-widget_type=\"text-editor.default\">\n\t\t\t\t<div class=\"elementor-widget-container\">\n\t\t\t\t\t\t\t\t\t<p>Os nossos copos menstruais s\u00e3o fabricados com silicone de grau cir\u00fargico de elevada qualidade, o mesmo com o qual \u00e9 fabricado por exemplo, instrumentos cir\u00fargicos, as tetinas das chuchas e dos biberons dos beb\u00e9s ou os implantes mam\u00e1rios.<\/p><p>Todos os nossos copos menstruais foram testados pela Intertek, no seu laborat\u00f3rio independente na Alemanha, mediante uma an\u00e1lise laboratorial que procura nos copos menstruais qu\u00edmicos denominados SVHC (Sust\u00e2ncias Altamente Preocupantes). Estas sust\u00e2ncias encontram-se catalogadas no regulamento REACH, como segue:<\/p><ul><li>Subst\u00e2ncias cancer\u00edgenas<\/li><li>Subst\u00e2ncias mutag\u00e9nicas<\/li><li>Subst\u00e2ncias t\u00f3xicas para a reprodu\u00e7\u00e3o<\/li><li>Subst\u00e2ncias persistentes, bioacumul\u00e1veis e t\u00f3xicas<\/li><li>Subst\u00e2ncias para as quais existem \u201cevid\u00eancia cient\u00edfica de efeitos graves para a sa\u00fade humana ou para o meio ambiente que geram um n\u00edvel equivalente de preocupa\u00e7\u00e3o\u201d<\/li><\/ul><p>\u00a0<\/p><p>Nenhum vest\u00edgio de SVHC foi encontrado nos copos menstruais Sileu, por este motivo, ganharam os selos de qualidade \u201cPAH tested\u201d (n\u00e3o cont\u00e9m hidrocarbonetos arom\u00e1ticos polic\u00edclicos), \u201cLead free\u201d (n\u00e3o cont\u00e9m chumbo), \u201cCadmium free\u201d (n\u00e3o cont\u00e9m c\u00e1dmio) e \u201cTin Organic Compounds tested\u201d (n\u00e3o cont\u00e9m estanho).<\/p><p>A Intertek \u00e9 l\u00edder internacional no sector da certifica\u00e7\u00e3o de produtos com mais de 36.000 funcion\u00e1rios e 1.000 locais repartidos por mais de 100 pa\u00edses por todo o mundo. Asseguram, mediante an\u00e1lises laboratoriais, que os produtos analisados cumprem os mais altos padr\u00f5es de qualidade, sa\u00fade, seguran\u00e7a, meio ambiente e responsabilidade social em qualquer mercado do mundo.<\/p><p>Por este motivo, os nossos copos menstruais s\u00e3o os \u00fanicos que podem garantir 100% a mais elevada qualidade e seguran\u00e7a, que se traduz na sua tranquilidade no momento de utiliz\u00e1-lo. S\u00e3o muito dur\u00e1veis e f\u00e1ceis de esterilizar e, com manuten\u00e7\u00e3o adequada podem durar at\u00e9 10 anos.<\/p><p>Na SileuCup, acreditamos firmemente na elimina\u00e7\u00e3o de tabus no que diz respeito \u00e0 menstrua\u00e7\u00e3o, para que todas possamos disfrutar da experi\u00eancia do nosso per\u00edodo como algo bonito e natural. Queremos dar um ponto de vista totalmente distinto \u00e0s mentalidades antigas, que pensam na menstrua\u00e7\u00e3o como algo negativo e que defendem a utiliza\u00e7\u00e3o de produtos tradicionais e descart\u00e1veis para a menstrua\u00e7\u00e3o, cheios de qu\u00edmicos prejudiciais \u00e0 nossa sa\u00fade e altamente contaminantes.<\/p><p>Pensamos que todas n\u00f3s temos o direito de viver o per\u00edodo menstrual de forma feliz e saud\u00e1vel. \u00c9 por isto que fazemos todos os esfor\u00e7os poss\u00edveis para garantir que todos os nossos produtos sejam certificados, registados e fabricados com a nossa sa\u00fade e conforto em mente.<\/p><h4 style=\"text-align: center\"><em><strong>Na SileuCup, somos uma equipa de mulheres a trabalhar para todas as mulheres, pelo seu empoderamento e por um mundo melhor.<\/strong><\/em><\/h4>\t\t\t\t\t\t\t\t<\/div>\n\t\t\t\t<\/div>\n\t\t\t\t\t<\/div>\n\t\t<\/div>\n\t\t\t\t\t<\/div>\n\t\t<\/section>\n\t\t\t\t<\/div>\n\t\t","protected":false},"excerpt":{"rendered":"<p>Os nossos copos menstruais s\u00e3o fabricados com silicone de grau cir\u00fargico de elevada qualidade, o mesmo com o qual \u00e9 fabricado por exemplo, instrumentos cir\u00fargicos, as tetinas das chuchas e dos biberons dos beb\u00e9s ou os implantes mam\u00e1rios. Todos os nossos copos menstruais foram testados pela Intertek, no seu laborat\u00f3rio independente na Alemanha, mediante uma [&hellip;]<\/p>\n","protected":false},"author":4815,"featured_media":0,"parent":0,"menu_order":0,"comment_status":"closed","ping_status":"closed","template":"elementor_header_footer","meta":{"footnotes":""},"class_list":["post-9408","page","type-page","status-publish","hentry"],"_links":{"self":[{"href":"https:\/\/sileu.com\/pt-pt\/wp-json\/wp\/v2\/pages\/9408","targetHints":{"allow":["GET"]}}],"collection":[{"href":"https:\/\/sileu.com\/pt-pt\/wp-json\/wp\/v2\/pages"}],"about":[{"href":"https:\/\/sileu.com\/pt-pt\/wp-json\/wp\/v2\/types\/page"}],"author":[{"embeddable":true,"href":"https:\/\/sileu.com\/pt-pt\/wp-json\/wp\/v2\/users\/4815"}],"replies":[{"embeddable":true,"href":"https:\/\/sileu.com\/pt-pt\/wp-json\/wp\/v2\/comments?post=9408"}],"version-history":[{"count":3,"href":"https:\/\/sileu.com\/pt-pt\/wp-json\/wp\/v2\/pages\/9408\/revisions"}],"predecessor-version":[{"id":77615,"href":"https:\/\/sileu.com\/pt-pt\/wp-json\/wp\/v2\/pages\/9408\/revisions\/77615"}],"wp:attachment":[{"href":"https:\/\/sileu.com\/pt-pt\/wp-json\/wp\/v2\/media?parent=9408"}],"curies":[{"name":"wp","href":"https:\/\/api.w.org\/{rel}","templated":true}]}}