{"id":9410,"date":"2019-05-15T17:01:19","date_gmt":"2019-05-15T17:01:19","guid":{"rendered":"https:\/\/sileu.com\/?page_id=9410"},"modified":"2019-05-15T17:01:19","modified_gmt":"2019-05-15T17:01:19","slug":"conheca-o-nosso-sonho","status":"publish","type":"page","link":"https:\/\/sileu.com\/pt-pt\/conheca-o-nosso-sonho\/","title":{"rendered":"Conhe\u00e7a o nosso sonho"},"content":{"rendered":"<p>O copo menstrual SileuCup \u00e9 fabricado pela Home Health Europe, uma empresa cheia de paix\u00e3o e impulso para a cria\u00e7\u00e3o de uma mudan\u00e7a social e uma revolu\u00e7\u00e3o feminina na forma de compreender o seu ciclo menstrual.<\/p>\n<p>A capacita\u00e7\u00e3o, controlo e aceita\u00e7\u00e3o da mulher do seu pr\u00f3prio corpo, independentemente da ra\u00e7a, religi\u00e3o cor, idade, etnia ou qualquer outro fator, \u00e9 o nosso objetivo. Sonhamos com um mundo livre de preconceitos e tabus acerca de algo t\u00e3o natural e simples como a menstrua\u00e7\u00e3o de cada mulher, e que esta seja vista como algo limpo e bom e n\u00e3o como um motivo de vergonha, oculta\u00e7\u00e3o e at\u00e9 mesmo rejei\u00e7\u00e3o.<\/p>\n<p>Proporcionamos um m\u00e9todo limpo, higi\u00e9nico, econ\u00f3mico e sustent\u00e1vel para que todas as mulheres que o desejam possam us\u00e1-lo e, dessa forma, livrarem-se da \u201cescravid\u00e3o\u201d que envolve o uso dos m\u00e9todos tradicionais, como pensos higi\u00e9nicos e tamp\u00f5es.<\/p>\n<p>Atualmente, encontramo-nos no mundo a combater com dois grandes gigantes:<\/p>\n<p>O primeiro \u00e9 que, \u00e0s grandes empresas multinacionais de tamp\u00f5es como a J&amp;J ou a P&amp;G n\u00e3o lhes interessa que as mulheres conhe\u00e7am e utilizem os copos menstruais, porque uma ind\u00fastria de bilh\u00f5es de d\u00f3lares anuais, na venda de pensos higi\u00e9nicos e tamp\u00f5es, entraria em colapso. A utiliza\u00e7\u00e3o de um copo menstrual garante que, durante aproximadamente 10 anos, n\u00e3o ter\u00e1 que adquirir qualquer outro m\u00e9todo alternativo para a sua menstrua\u00e7\u00e3o. O custo \u00e9 amortizado em apenas dois meses, com a vantagem de poupar dinheiro e ajudar o meio ambiente n\u00e3o produzindo mais res\u00edduos contaminantes.<\/p>\n<p>O segundo \u00e9 que, as grandes empresas que fabricam copos menstruais, oferecem-lhes pre\u00e7os muito elevados e, por vezes, at\u00e9 desproporcionais que os tornam bastante caros para adquirir. N\u00f3s, queremos oferecer-lhe os nossos copos menstruais a um pre\u00e7o justo, perfeitamente compar\u00e1veis, em termos de qualidade, a copos muito mais caros.<\/p>\n<p>Valores<\/p>\n<p>Honramos a sustentabilidade: econ\u00f3mica, social e ambiental. Valorizamos a transpar\u00eancia, a integridade e a confian\u00e7a em todos os relacionamentos.<\/p>\n<p>A associa\u00e7\u00e3o da s\u00edndrome de choque t\u00f3xico menstrual (SCT), com a utiliza\u00e7\u00e3o de tamp\u00f5es sint\u00e9ticos, fez com que muitas mulheres mudassem para alternativas como os copos menstruais ou tamp\u00f5es de algod\u00e3o puro (dispon\u00edveis no mercado). A SCT, uma infe\u00e7\u00e3o por vezes fatal, caracterizada por Febres, diarreia, n\u00e1useas, eritema difuso e choque, ocorre sobretudo entre as mulheres que utilizam tamp\u00f5es de alta absor\u00e7\u00e3o. A presen\u00e7a de dioxina, um subproduto do processo de branqueamento com cloro, nos tamp\u00f5es tamb\u00e9m afeta negativamente a sa\u00fade das mulheres.<\/p>\n<p>O amianto, a dioxina ou a fibra de celulose regenerada, est\u00e3o presentes na fabrica\u00e7\u00e3o da maioria dos tamp\u00f5es e pensos higi\u00e9nicos. Existe tamb\u00e9m a possibilidade de sofrer o S\u00edndrome de Choque T\u00f3xico (SCT) devido \u00e0 utiliza\u00e7\u00e3o de tamp\u00f5es.<\/p>\n","protected":false},"excerpt":{"rendered":"<p>O copo menstrual SileuCup \u00e9 fabricado pela Home Health Europe, uma empresa cheia de paix\u00e3o e impulso para a cria\u00e7\u00e3o de uma mudan\u00e7a social e uma revolu\u00e7\u00e3o feminina na forma de compreender o seu ciclo menstrual. A capacita\u00e7\u00e3o, controlo e aceita\u00e7\u00e3o da mulher do seu pr\u00f3prio corpo, independentemente da ra\u00e7a, religi\u00e3o cor, idade, etnia ou [&hellip;]<\/p>\n","protected":false},"author":4815,"featured_media":0,"parent":0,"menu_order":0,"comment_status":"closed","ping_status":"closed","template":"page-blank-container.php","meta":{"footnotes":""},"class_list":["post-9410","page","type-page","status-publish","hentry"],"_links":{"self":[{"href":"https:\/\/sileu.com\/pt-pt\/wp-json\/wp\/v2\/pages\/9410","targetHints":{"allow":["GET"]}}],"collection":[{"href":"https:\/\/sileu.com\/pt-pt\/wp-json\/wp\/v2\/pages"}],"about":[{"href":"https:\/\/sileu.com\/pt-pt\/wp-json\/wp\/v2\/types\/page"}],"author":[{"embeddable":true,"href":"https:\/\/sileu.com\/pt-pt\/wp-json\/wp\/v2\/users\/4815"}],"replies":[{"embeddable":true,"href":"https:\/\/sileu.com\/pt-pt\/wp-json\/wp\/v2\/comments?post=9410"}],"version-history":[{"count":1,"href":"https:\/\/sileu.com\/pt-pt\/wp-json\/wp\/v2\/pages\/9410\/revisions"}],"predecessor-version":[{"id":9411,"href":"https:\/\/sileu.com\/pt-pt\/wp-json\/wp\/v2\/pages\/9410\/revisions\/9411"}],"wp:attachment":[{"href":"https:\/\/sileu.com\/pt-pt\/wp-json\/wp\/v2\/media?parent=9410"}],"curies":[{"name":"wp","href":"https:\/\/api.w.org\/{rel}","templated":true}]}}