{"id":77621,"date":"2017-12-12T17:43:29","date_gmt":"2017-12-12T17:43:29","guid":{"rendered":"https:\/\/sileu.com\/cup\/copa-menstrual-sileucup-rose\/"},"modified":"2020-09-01T19:06:08","modified_gmt":"2020-09-01T19:06:08","slug":"copa-menstrual-sileucup-rose","status":"publish","type":"product","link":"https:\/\/sileu.com\/pt-pt\/cup\/copa-menstrual-sileucup-rose\/","title":{"rendered":"Copo Menstrual Sileu Rose"},"content":{"rendered":"<p><strong>QUE TAMANHO ESCOLHER?<\/strong><\/p>\n<ul>\n<li><strong>Tamanho S:<\/strong> Mulheres que n\u00e3o deram \u00e0 luz por parto natural.<\/li>\n<li><strong>Tamanho L:<\/strong> Mulheres que deram \u00e0 luz por parto normal.<\/li>\n<\/ul>\n<p>&nbsp;<\/p>\n<p><strong>QUE FLEXIBILIDADE ESCOLHER?<\/strong><\/p>\n<p><em><strong>O copo menstrual Sileu Rose Sport tem flexibilidade de 2.<\/strong><\/em> \u00c9 menos flex\u00edvel que os outros modelos, para se adaptar perfeitamente \u00e0s paredes vaginais e evitar vazamentos, principalmente nas mulheres que praticam exerc\u00edcios f\u00edsicos com frequ\u00eancia e esportes como o Pilates , ioga, dan\u00e7a, passeios a cavalo, etc. Tamb\u00e9m \u00e9 recomendado para mulheres com assoalho p\u00e9lvico forte e exercitado (por exemplo, que praticam exerc\u00edcios de Kegel) e para atletas e atletas de competi\u00e7\u00e3o.<\/p>\n<p><em><strong>O copo menstrual Sileu Rose Standard tem flexibilidade de 5.<\/strong><\/em> Isso o torna ideal como modelo inicial ou se voc\u00ea n\u00e3o tiver certeza de qual flexibilidade escolher no in\u00edcio experimentar. Este \u00e9 o nosso modelo estrela mais popular e a escolha mais frequente entre as mulheres que utilizam o nosso copo menstrual, dado que, devido ao seu design, \u00e9 muito f\u00e1cil de colocar e abrir correctamente.<\/p>\n<p><em><strong>O copo menstrual Sileu Rose Soft tem uma flexibilidade de 9.<\/strong> <\/em>\u00c9 nosso copo menstrual mais macio e flex\u00edvel e \u00e9 recomendado para mulheres com assoalho p\u00e9lvico fraco, pouco exercitado e sens\u00edvel, como mulheres que deram \u00e0 luz recentemente e novamente eles come\u00e7am a ter per\u00edodos ou mulheres que freq\u00fcentemente sofrem de infec\u00e7\u00f5es vaginais e \/ ou urin\u00e1rias, como cistite.<\/p>\n<p>Se voc\u00ea tiver d\u00favidas sobre qual tamanho e flexibilidade seria mais adequado para voc\u00ea, entre em contato conosco, estamos aqui para ajud\u00e1-lo.<\/p>\n<p>&nbsp;<\/p>\n<p><strong>SOBRE SILEU ROSE MENSTRUAL CUP<\/strong><\/p>\n<p>Nosso modelo Rose \u00e9 especialmente desenhado e testado por n\u00f3s mesmos, a equipe SileuCup, para garantir o maior conforto e comodidade no uso di\u00e1rio. Possui um design totalmente \u00fanico e inimit\u00e1vel feito na Espanha, lembrando uma bela rosa vermelha ou transparente fosca de acordo com sua escolha.<\/p>\n<p>Este lindo copo menstrual tem o toque de uma p\u00e9tala de flor, sendo muito macio mas firme, para garantir que se abre sem problemas ao ser inserido e que \u00e9 suave e delicado com a \u00e1rea \u00edntima, j\u00e1 que n\u00e3o risca, seca, nem deixa qualquer tipo de res\u00edduo. Voc\u00ea nunca ter\u00e1 provado um vidro mais macio ou mais f\u00e1cil de colocar!<\/p>\n<p>Todos os nossos copos menstruais s\u00e3o fabricados com silicone de grau m\u00e9dico alem\u00e3o com <em><strong>certifica\u00e7\u00e3o ISO 10993<\/strong><\/em>, bem como nosso corante vermelho, que \u00e9 org\u00e2nico e tamb\u00e9m com <strong>certifica\u00e7\u00e3o ISO 10993<\/strong>. A cor transparente em nossos copos n\u00e3o cont\u00e9m nenhum pigmento.<\/p>\n<p>Cada copo menstrual vem em uma bolsa lacrada para garantir sua higiene total. Essa sacola \u00e9 feita com <em><strong>PLA<\/strong><\/em>, um material n\u00e3o pl\u00e1stico e biodegrad\u00e1vel que contribui com o meio ambiente por ser #zero pl\u00e1stico e #zero lixo.<\/p>\n<p>Inclu\u00edmos uma sacola de algod\u00e3o org\u00e2nico com <em><strong>certifica\u00e7\u00e3o GOTS<\/strong><\/em> como presente em todos os nossos \u00f3culos, para que voc\u00ea possa guard\u00e1-la quando n\u00e3o estiver usando.<\/p>\n<p>Fizemos o corpo do copo com maior capacidade sem perder o conforto por torn\u00e1-lo mais alongado. Podemos levar em casa por at\u00e9 12 horas sem preocupa\u00e7\u00e3o, tendo capacidade para durar todo esse tempo sem encher completamente, mesmo em casos de maior abund\u00e2ncia de fluxo.<\/p>\n<p>A haste pode ser facilmente reduzida para a altura desejada e pode at\u00e9 ser removida totalmente.<\/p>\n<p>Com uma manuten\u00e7\u00e3o adequada, o copo Sileu Rose pode durar at\u00e9 10 anos sem problemas, com a consequente economia de n\u00e3o gastar dinheiro com outros m\u00e9todos para a regra e reduzindo drasticamente o nosso impacto pessoal no meio ambiente.<\/p>\n<p>As almofadas e tamp\u00f5es s\u00e3o feitos de fibras tratadas com produtos qu\u00edmicos, como alvejantes, que n\u00e3o s\u00e3o apenas prejudiciais para n\u00f3s, mas tamb\u00e9m altamente poluentes. Com o copo menstrual, fazemos a nossa parte para conservar os ecossistemas e quanto mais estivermos, melhores resultados alcan\u00e7aremos!<\/p>\n<p>N\u00e3o h\u00e1 problema em usar Sileu Rose se usarmos anticoncepcionais como o DIU ou o anel anticoncepcional.<\/p>\n<p><strong>QUE VOU RECEBER?<\/strong><\/p>\n<p>O pacote inclui o copo menstrual do tamanho e cor escolhidos selado em um saco<em><strong> PLA biodegrad\u00e1vel,<\/strong><\/em> um saco de algod\u00e3o org\u00e2nico <em><strong>certificado GOTS<\/strong><\/em> para armazenamento, um manual de instru\u00e7\u00f5es multil\u00edngue (espanhol, ingl\u00eas, franc\u00eas, alem\u00e3o, italiano, russo e portugu\u00eas ) que inclui fotos \u00fateis e dicas para coloc\u00e1-lo e tir\u00e1-lo e uma caixa de papel\u00e3o.<\/p>\n","protected":false},"excerpt":{"rendered":"<p>QUE TAMANHO ESCOLHER? Tamanho S: Mulheres que n\u00e3o deram \u00e0 luz por parto natural. Tamanho L: Mulheres que deram \u00e0 luz por parto normal. &nbsp; QUE FLEXIBILIDADE ESCOLHER? O copo menstrual Sileu Rose Sport tem flexibilidade de 2. \u00c9 menos flex\u00edvel que os outros modelos, para se adaptar perfeitamente \u00e0s paredes vaginais e evitar vazamentos, [&hellip;]<\/p>\n","protected":false},"featured_media":81076,"comment_status":"open","ping_status":"closed","template":"","meta":[],"product_brand":[],"product_cat":[50954],"product_tag":[],"class_list":{"0":"post-77621","1":"product","2":"type-product","3":"status-publish","4":"has-post-thumbnail","6":"product_cat-sileu-cup","8":"first","9":"instock","10":"sale","11":"featured","12":"taxable","13":"shipping-taxable","14":"product-type-variable"},"supplier_id":null,"supplier_sku":"","barcode":null,"atum_controlled":true,"out_stock_date":null,"out_stock_threshold":null,"inheritable":false,"inbound_stock":0,"stock_on_hold":14,"sold_today":0,"sales_last_days":0,"reserved_stock":0,"customer_returns":0,"warehouse_damage":0,"lost_in_post":0,"other_logs":0,"out_stock_days":null,"lost_sales":0,"has_location":false,"update_date":"2026-04-16T09:02:42","atum_locations":[],"atum_stock_status":"instock","restock_status":false,"low_stock_amount":"","sales_update_date":"2025-06-10T19:39:25","calc_backorders":null,"_links":{"self":[{"href":"https:\/\/sileu.com\/pt-pt\/wp-json\/wp\/v2\/product\/77621","targetHints":{"allow":["GET"]}}],"collection":[{"href":"https:\/\/sileu.com\/pt-pt\/wp-json\/wp\/v2\/product"}],"about":[{"href":"https:\/\/sileu.com\/pt-pt\/wp-json\/wp\/v2\/types\/product"}],"replies":[{"embeddable":true,"href":"https:\/\/sileu.com\/pt-pt\/wp-json\/wp\/v2\/comments?post=77621"}],"wp:featuredmedia":[{"embeddable":true,"href":"https:\/\/sileu.com\/pt-pt\/wp-json\/wp\/v2\/media\/81076"}],"wp:attachment":[{"href":"https:\/\/sileu.com\/pt-pt\/wp-json\/wp\/v2\/media?parent=77621"}],"wp:term":[{"taxonomy":"product_brand","embeddable":true,"href":"https:\/\/sileu.com\/pt-pt\/wp-json\/wp\/v2\/product_brand?post=77621"},{"taxonomy":"product_cat","embeddable":true,"href":"https:\/\/sileu.com\/pt-pt\/wp-json\/wp\/v2\/product_cat?post=77621"},{"taxonomy":"product_tag","embeddable":true,"href":"https:\/\/sileu.com\/pt-pt\/wp-json\/wp\/v2\/product_tag?post=77621"}],"curies":[{"name":"wp","href":"https:\/\/api.w.org\/{rel}","templated":true}]}}