{"id":77656,"date":"2016-08-04T18:00:14","date_gmt":"2016-08-04T18:00:14","guid":{"rendered":"https:\/\/sileu.com\/cup\/copa-menstrual-sileucup-bell\/"},"modified":"2025-10-10T09:04:59","modified_gmt":"2025-10-10T09:04:59","slug":"copa-menstrual-sileucup-bell","status":"publish","type":"product","link":"https:\/\/sileu.com\/pt-pt\/cup\/copa-menstrual-sileucup-bell\/","title":{"rendered":"Copo menstrual Sileucup Bell"},"content":{"rendered":"<p><strong>QUE TAMANHO ESCOLHER?<\/strong><\/p>\n<ul>\n<li><strong>Tamanho S:<\/strong> Mulheres que n\u00e3o deram \u00e0 luz por parto natural.<\/li>\n<li><strong>Tamanho L:<\/strong> Mulheres que deram \u00e0 luz por parto normal.<\/li>\n<\/ul>\n<p><strong>O QUE \u00c9 O COPO MENSTRUAL?<\/strong><\/p>\n<p>O copo menstrual \u00e9 um recipiente feito de silicone cir\u00fargico que \u00e9 inserido dentro da vagina (como um tamp\u00e3o) durante a menstrua\u00e7\u00e3o, adaptando-se \u00e0s paredes vaginais de cada mulher em todos os momentos, sem ter que se preocupar com isso mover.<\/p>\n<p>O copo recolhe o fluxo menstrual no seu interior, podendo transportar at\u00e9 12 horas para dentro sem ter que se preocupar. \u00c9 mais barato de usar do que outros produtos descart\u00e1veis, pois com manuten\u00e7\u00e3o adequada pode durar at\u00e9 10 anos e seu custo \u00e9 amortizado em dois meses.<\/p>\n<p>Quando o ciclo termina, basta esteriliz\u00e1-lo com \u00e1gua fervente em um esterilizador de copo menstrual ou uma panela e mant\u00ea-lo na bolsa at\u00e9 a pr\u00f3xima menstrua\u00e7\u00e3o.<\/p>\n<p>Todos os nossos copos menstruais s\u00e3o fabricados com silicone de grau m\u00e9dico alem\u00e3o com <strong>certifica\u00e7\u00e3o ISO 10993<\/strong>, bem como nosso corante vermelho, que \u00e9 org\u00e2nico e tamb\u00e9m com certifica\u00e7\u00e3o ISO 10993. A cor transparente em nossos copos n\u00e3o cont\u00e9m nenhum pigmento.<\/p>\n<p>Cada copo menstrual vem em uma bolsa lacrada para garantir sua higiene total. Essa sacola \u00e9 feita com PLA, um material n\u00e3o pl\u00e1stico e biodegrad\u00e1vel que contribui com o meio ambiente por ser <strong>#zero pl\u00e1stico e #zero lixo.<\/strong><\/p>\n<p>Inclu\u00edmos uma sacola de algod\u00e3o org\u00e2nico com <strong>certifica\u00e7\u00e3o GOTS<\/strong> como presente em todos os nossos \u00f3culos, para que voc\u00ea possa guard\u00e1-la quando n\u00e3o estiver usando.<\/p>\n<p>Nenhuma bact\u00e9ria pode permanecer em sua superf\u00edcie completamente lisa e n\u00e3o absorve nenhum l\u00edquido, portanto n\u00e3o h\u00e1 altera\u00e7\u00f5es no ambiente vaginal natural. Por ser feito de silicone m\u00e9dico, n\u00e3o risca nem seca as paredes vaginais e n\u00e3o deixa fibras (ao contr\u00e1rio dos tamp\u00f5es e absorventes adicionais).<\/p>\n<p>\u00c9 compat\u00edvel com o uso do DIU e do anel contraceptivo. O uso do copo menstrual n\u00e3o est\u00e1 associado a nenhum caso conhecido de S\u00edndrome do Choque T\u00f3xico (SST). Nosso silicone \u00e9 ecologicamente correto. Com seu uso evita-se o uso de absorventes e absorventes internos, altamente poluentes para o meio ambiente, uma vez que diversos produtos qu\u00edmicos, como alvejantes industriais, s\u00e3o utilizados na fabrica\u00e7\u00e3o desses produtos e, al\u00e9m disso, levam muitos anos para se degradar.<\/p>\n","protected":false},"excerpt":{"rendered":"<p>QUE TAMANHO ESCOLHER? Tamanho S: Mulheres que n\u00e3o deram \u00e0 luz por parto natural. Tamanho L: Mulheres que deram \u00e0 luz por parto normal. O QUE \u00c9 O COPO MENSTRUAL? O copo menstrual \u00e9 um recipiente feito de silicone cir\u00fargico que \u00e9 inserido dentro da vagina (como um tamp\u00e3o) durante a menstrua\u00e7\u00e3o, adaptando-se \u00e0s paredes [&hellip;]<\/p>\n","protected":false},"featured_media":81366,"comment_status":"open","ping_status":"closed","template":"","meta":[],"product_brand":[],"product_cat":[50954],"product_tag":[],"class_list":{"0":"post-77656","1":"product","2":"type-product","3":"status-publish","4":"has-post-thumbnail","6":"product_cat-sileu-cup","8":"first","9":"outofstock","10":"sale","11":"taxable","12":"shipping-taxable","13":"purchasable","14":"product-type-variable"},"supplier_id":null,"supplier_sku":"","barcode":null,"atum_controlled":true,"out_stock_date":null,"out_stock_threshold":null,"inheritable":true,"inbound_stock":0,"stock_on_hold":43,"sold_today":0,"sales_last_days":0,"reserved_stock":0,"customer_returns":0,"warehouse_damage":0,"lost_in_post":0,"other_logs":0,"out_stock_days":null,"lost_sales":0,"has_location":false,"update_date":"2025-10-10T09:13:35","atum_locations":[],"atum_stock_status":"outofstock","restock_status":false,"low_stock_amount":"","sales_update_date":"2025-06-10T19:39:33","calc_backorders":null,"_links":{"self":[{"href":"https:\/\/sileu.com\/pt-pt\/wp-json\/wp\/v2\/product\/77656","targetHints":{"allow":["GET"]}}],"collection":[{"href":"https:\/\/sileu.com\/pt-pt\/wp-json\/wp\/v2\/product"}],"about":[{"href":"https:\/\/sileu.com\/pt-pt\/wp-json\/wp\/v2\/types\/product"}],"replies":[{"embeddable":true,"href":"https:\/\/sileu.com\/pt-pt\/wp-json\/wp\/v2\/comments?post=77656"}],"wp:featuredmedia":[{"embeddable":true,"href":"https:\/\/sileu.com\/pt-pt\/wp-json\/wp\/v2\/media\/81366"}],"wp:attachment":[{"href":"https:\/\/sileu.com\/pt-pt\/wp-json\/wp\/v2\/media?parent=77656"}],"wp:term":[{"taxonomy":"product_brand","embeddable":true,"href":"https:\/\/sileu.com\/pt-pt\/wp-json\/wp\/v2\/product_brand?post=77656"},{"taxonomy":"product_cat","embeddable":true,"href":"https:\/\/sileu.com\/pt-pt\/wp-json\/wp\/v2\/product_cat?post=77656"},{"taxonomy":"product_tag","embeddable":true,"href":"https:\/\/sileu.com\/pt-pt\/wp-json\/wp\/v2\/product_tag?post=77656"}],"curies":[{"name":"wp","href":"https:\/\/api.w.org\/{rel}","templated":true}]}}