{"id":77662,"date":"2018-10-16T18:18:01","date_gmt":"2018-10-16T18:18:01","guid":{"rendered":"https:\/\/sileu.com\/cup\/estuche-sileucase-copas-menstruales-ideal-llevar-tampon-copa-menstrual-forma-elegante-discreta-bolso-viajes\/"},"modified":"2026-03-31T13:40:00","modified_gmt":"2026-03-31T13:40:00","slug":"estuche-sileucase-copas-menstruales-ideal-llevar-tampon-copa-menstrual-forma-elegante-discreta-bolso-viajes","status":"publish","type":"product","link":"https:\/\/sileu.com\/pt-pt\/cup\/estuche-sileucase-copas-menstruales-ideal-llevar-tampon-copa-menstrual-forma-elegante-discreta-bolso-viajes\/","title":{"rendered":"Bolsa SileuCase para copos menstruais &#8211; Ideal para transportar o seu tamp\u00e3o ou copo menstrual de forma elegante e discreta na sua bolsa ou para viagens"},"content":{"rendered":"<p>Com esta pr\u00e1tica e bonita bolsa em forma de rosa poder\u00e1 transportar o seu copo menstrual de forma confort\u00e1vel, discreta e elegante na sua mala, mochila, mala de viagem, no porta-luvas do seu carro ou onde preferir.<\/p>\n<p>Se perder a menstrua\u00e7\u00e3o durante o trabalho, reuni\u00e3o, rua, gin\u00e1sio, etc., pode ir discretamente ao banheiro com a mala Sileu na m\u00e3o ou na bolsa com total privacidade e sem ningu\u00e9m. veja o que voc\u00ea veste.<\/p>\n<p>Esta mala foi especialmente desenhada para guardar o copo menstrual, desta forma ficar\u00e1 protegido do p\u00f3, fiapos e sujidade, bem como de ser riscado ou danificado por outros objectos que transportamos, estando sempre pronto a usar quando necess\u00e1rio.<\/p>\n<p>\u00c9 feito de espuma r\u00edgida, indeform\u00e1vel e resistente. Al\u00e9m disso, incorpora no interior uma rede para prender o vidro e evitar que se mova ou caia repentinamente ao abrir a caixa.<\/p>\n<p>A caixa est\u00e1 dispon\u00edvel em duas cores, rosa pastel e vermelho, e em dois tamanhos:<\/p>\n<ul>\n<li><strong>O tamanho pequeno (8 cm de di\u00e2metro):<\/strong> Ideal para carregar um \u00fanico copo menstrual discretamente para usar a qualquer hora e evitar que se perca no fundo da bolsa, mochila, mala, bolsa, etc.<\/li>\n<li><strong>O tamanho grande (10 cm de di\u00e2metro):<\/strong> \u00c9 ideal como mochila de viagem, pois seu tamanho permite guardar um copo menstrual, o esterilizador de copo menstrual Sileu Clean e at\u00e9 mesmo alguns mini comprimidos esterilizadores para limpar o copo quando estamos fora de casa . Tamb\u00e9m pode ser usado para armazenar dois copos menstruais e mant\u00ea-los limpos e prontos at\u00e9 a hora de usar.<\/li>\n<\/ul>\n<p>Com este estojo pr\u00e1tico, voc\u00ea n\u00e3o ter\u00e1 mais problemas quando seu per\u00edodo cair repentinamente, voc\u00ea sempre ter\u00e1 seu copo menstrual Sileu pronto para usar a qualquer hora e em qualquer lugar!<\/p>\n<h4><strong>** Ao adquirir este produto receber\u00e1 uma caixa Sileu na cor e tamanho escolhidos. Copo e acess\u00f3rios n\u00e3o inclu\u00eddos<\/strong>.<\/h4>\n","protected":false},"excerpt":{"rendered":"<p>Com esta pr\u00e1tica e bonita bolsa em forma de rosa poder\u00e1 transportar o seu copo menstrual de forma confort\u00e1vel, discreta e elegante na sua mala, mochila, mala de viagem, no porta-luvas do seu carro ou onde preferir. Se perder a menstrua\u00e7\u00e3o durante o trabalho, reuni\u00e3o, rua, gin\u00e1sio, etc., pode ir discretamente ao banheiro com a [&hellip;]<\/p>\n","protected":false},"featured_media":81069,"comment_status":"open","ping_status":"closed","template":"","meta":[],"product_brand":[],"product_cat":[50705],"product_tag":[],"class_list":{"0":"post-77662","1":"product","2":"type-product","3":"status-publish","4":"has-post-thumbnail","6":"product_cat-estojo","8":"first","9":"instock","10":"sale","11":"featured","12":"taxable","13":"shipping-taxable","14":"purchasable","15":"product-type-variable"},"supplier_id":null,"supplier_sku":"","barcode":null,"atum_controlled":true,"out_stock_date":null,"out_stock_threshold":null,"inheritable":false,"inbound_stock":0,"stock_on_hold":6,"sold_today":0,"sales_last_days":0,"reserved_stock":0,"customer_returns":0,"warehouse_damage":0,"lost_in_post":0,"other_logs":0,"out_stock_days":null,"lost_sales":0,"has_location":false,"update_date":"2026-03-31T13:40:02","atum_locations":[],"atum_stock_status":"instock","restock_status":false,"low_stock_amount":"","sales_update_date":"2025-06-10T19:39:19","calc_backorders":null,"_links":{"self":[{"href":"https:\/\/sileu.com\/pt-pt\/wp-json\/wp\/v2\/product\/77662","targetHints":{"allow":["GET"]}}],"collection":[{"href":"https:\/\/sileu.com\/pt-pt\/wp-json\/wp\/v2\/product"}],"about":[{"href":"https:\/\/sileu.com\/pt-pt\/wp-json\/wp\/v2\/types\/product"}],"replies":[{"embeddable":true,"href":"https:\/\/sileu.com\/pt-pt\/wp-json\/wp\/v2\/comments?post=77662"}],"wp:featuredmedia":[{"embeddable":true,"href":"https:\/\/sileu.com\/pt-pt\/wp-json\/wp\/v2\/media\/81069"}],"wp:attachment":[{"href":"https:\/\/sileu.com\/pt-pt\/wp-json\/wp\/v2\/media?parent=77662"}],"wp:term":[{"taxonomy":"product_brand","embeddable":true,"href":"https:\/\/sileu.com\/pt-pt\/wp-json\/wp\/v2\/product_brand?post=77662"},{"taxonomy":"product_cat","embeddable":true,"href":"https:\/\/sileu.com\/pt-pt\/wp-json\/wp\/v2\/product_cat?post=77662"},{"taxonomy":"product_tag","embeddable":true,"href":"https:\/\/sileu.com\/pt-pt\/wp-json\/wp\/v2\/product_tag?post=77662"}],"curies":[{"name":"wp","href":"https:\/\/api.w.org\/{rel}","templated":true}]}}