{"id":77774,"date":"2019-08-08T11:14:27","date_gmt":"2019-08-08T11:14:27","guid":{"rendered":"https:\/\/sileu.com\/cup\/pack-de-inicio-copa-menstrual-sileu-talla-s-l-modelo-y-color-a-elegir\/"},"modified":"2020-09-02T19:41:27","modified_gmt":"2020-09-02T19:41:27","slug":"pack-de-inicio-copa-menstrual-sileu-talla-s-l-modelo-y-color-a-elegir","status":"publish","type":"product","link":"https:\/\/sileu.com\/pt-pt\/cup\/pack-de-inicio-copa-menstrual-sileu-talla-s-l-modelo-y-color-a-elegir\/","title":{"rendered":"Pacote inicial Sileu: Copo Menstrual Sileu, tamanho S + L, modelo e cor a escolher"},"content":{"rendered":"<p>Com este pacote inicial, voc\u00ea pode adquirir o modelo SileuCup que melhor se adapta a voc\u00ea e \u00e0s suas necessidades.<\/p>\n<p>Este pacote inclui um copo menstrual Sileu no tamanho S e outro no tamanho L (dois copos menstruais no total), caso voc\u00ea n\u00e3o tenha certeza de qual tamanho escolher, voc\u00ea tem as duas op\u00e7\u00f5es para tentar. Tamb\u00e9m \u00e9 \u00fatil poder usar o tamanho L nos dias com maior fluxo e, portanto, ter que mudar com menos frequ\u00eancia.<\/p>\n<p>Na Sileu, medimos a flexibilidade das x\u00edcaras com base em uma escala de 1 a 10, onde o valor 1 \u00e9 a x\u00edcara menos flex\u00edvel (mais r\u00edgida) e o valor 10 \u00e9 a x\u00edcara mais flex\u00edvel (mais macia).<\/p>\n<p><strong>MODELOS DISPON\u00cdVEIS DE SILEUCUP:<\/strong><\/p>\n<ul>\n<li><strong>Modelo Sileu Sport:<\/strong> A flexibilidade desta copa \u00e9 1, ou seja, \u00e9 um modelo r\u00edgido. Isso n\u00e3o significa que esse copo menstrual seja desconfort\u00e1vel ou duro, mas que essa flexibilidade permite que ele se adapte perfeitamente \u00e0s paredes vaginais para aquelas mulheres que praticam esportes no dia a dia, principalmente aqueles relacionados ao fortalecimento do assoalho p\u00e9lvico, como o Pilates. , ioga, dan\u00e7a ou passeios a cavalo. Desta forma, poss\u00edveis perdas ou vazamentos s\u00e3o evitados durante a pr\u00e1tica de esportes. Tamb\u00e9m \u00e9 recomendado para atletas do sexo feminino.<br \/>\nModelo Sileu Bell: A flexibilidade desta copa \u00e9 2, ou seja, \u00e9 um modelo r\u00edgido mas um pouco menor que a copa Sport. O copo em forma de sino tem um formato ideal para mulheres com colo do \u00fatero baixo e \/ ou comprimento vaginal curto (por exemplo, se voc\u00ea sofre de prolapso vaginal). Tamb\u00e9m \u00e9 recomendado para adolescentes e mulheres virgens.<\/li>\n<li><strong>Modelo Sileu Rose:<\/strong> A flexibilidade deste lindo vidro em forma de rosa \u00e9 5 (modelo Sileu Rose Standard), o que o torna nosso copo &#8221; vers\u00e1til &#8221; e geralmente funciona bem para todas as mulheres que o experimentam. \u00c9 muito confort\u00e1vel e macio, com toque aveludado que imita as p\u00e9talas das rosas. Al\u00e9m disso, \u00e9 o modelo mais f\u00e1cil de aprender a colocar e a tirar, pois se abre com muita facilidade na hora de coloc\u00e1-lo, dificultando que haja vazamentos ou vazamentos.<\/li>\n<li><strong>Modelos Sileu Classic e Sileu Tulip:<\/strong> Ambos os modelos t\u00eam uma flexibilidade padr\u00e3o de 5, o que os torna uma boa escolha como modelo padr\u00e3o para come\u00e7ar. Eles s\u00f3 diferem entre si no formato da haste, a haste da x\u00edcara Classic \u00e9 larga e plana e a da x\u00edcara Tulip \u00e9 cil\u00edndrica.<\/li>\n<li><strong>Modelos Sileu Soft e Sileu Divine:<\/strong> Ambos os modelos t\u00eam uma flexibilidade de 8, o que os torna os copos mais flex\u00edveis (macios) dispon\u00edveis na Sileu. Essas x\u00edcaras s\u00e3o especialmente recomendadas se voc\u00ea tiver um assoalho p\u00e9lvico fraco e \/ ou sens\u00edvel, bem como se sofrer de infec\u00e7\u00f5es vaginais e \/ ou urin\u00e1rias com frequ\u00eancia. Lembre-se de que, por serem x\u00edcaras mais macias, s\u00e3o um pouco mais dif\u00edceis de colocar, pois voc\u00ea deve ter certeza de que foram totalmente abertas depois de colocadas, portanto, n\u00e3o s\u00e3o recomendadas se o assoalho p\u00e9lvico tiver um tom bom ou normal ( por exemplo, no caso de mulheres jovens saud\u00e1veis). Ambos os modelos diferem simplesmente na haste, a haste do Soft \u00e9 curta e cil\u00edndrica, a haste do Divino \u00e9 uma bola s\u00f3lida.<\/li>\n<\/ul>\n<p><strong>SOBRE NOSSAS BEBIDAS MENSTRUAIS<\/strong><\/p>\n<p>Todos os nossos copos menstruais s\u00e3o fabricados com silicone de grau m\u00e9dico alem\u00e3o com <em>certifica\u00e7\u00e3o ISO 10993<\/em>, bem como nosso corante vermelho, que \u00e9 org\u00e2nico e tamb\u00e9m com certifica\u00e7\u00e3o ISO 10993. A cor transparente em nossos copos n\u00e3o cont\u00e9m nenhum pigmento.<\/p>\n<p>Cada copo menstrual vem em uma bolsa lacrada para garantir sua higiene total. Essa sacola \u00e9 feita com PLA, um material n\u00e3o pl\u00e1stico e biodegrad\u00e1vel que contribui com o meio ambiente por ser #zero pl\u00e1stico e #zero lixo.<\/p>\n<p>Inclu\u00edmos uma sacola de algod\u00e3o org\u00e2nico com certifica\u00e7\u00e3o GOTS como presente em todos os nossos \u00f3culos, para que voc\u00ea possa guard\u00e1-la quando n\u00e3o estiver usando.<\/p>\n<p>QUE VOU RECEBER?<\/p>\n<p>O pacote inclui dois copos menstruais, um de tamanho S e outro de tamanho L, na cor escolhida e ambos selados individualmente em uma bolsa PLA biodegrad\u00e1vel, uma bolsa de algod\u00e3o org\u00e2nico certificado GOTS para armazenamento, um manual de instru\u00e7\u00f5es multil\u00edngue (Espanhol, Ingl\u00eas, Franc\u00eas, Alem\u00e3o, Italiano, Russo e Portugu\u00eas) que inclui fotos \u00fateis e dicas para colocar e tirar e uma caixa de papel\u00e3o.<\/p>\n","protected":false},"excerpt":{"rendered":"<p>Com este pacote inicial, voc\u00ea pode adquirir o modelo SileuCup que melhor se adapta a voc\u00ea e \u00e0s suas necessidades. Este pacote inclui um copo menstrual Sileu no tamanho S e outro no tamanho L (dois copos menstruais no total), caso voc\u00ea n\u00e3o tenha certeza de qual tamanho escolher, voc\u00ea tem as duas op\u00e7\u00f5es para [&hellip;]<\/p>\n","protected":false},"featured_media":81507,"comment_status":"open","ping_status":"closed","template":"","meta":[],"product_brand":[],"product_cat":[2504],"product_tag":[],"class_list":{"0":"post-77774","1":"product","2":"type-product","3":"status-publish","4":"has-post-thumbnail","6":"product_cat-packs-sileu-pt-pt","8":"first","9":"instock","10":"sale","11":"taxable","12":"shipping-taxable","13":"purchasable","14":"product-type-variable"},"supplier_id":null,"supplier_sku":"","barcode":null,"atum_controlled":true,"out_stock_date":null,"out_stock_threshold":null,"inheritable":true,"inbound_stock":0,"stock_on_hold":42,"sold_today":0,"sales_last_days":0,"reserved_stock":0,"customer_returns":0,"warehouse_damage":0,"lost_in_post":0,"other_logs":0,"out_stock_days":null,"lost_sales":0,"has_location":false,"update_date":"2025-10-20T08:59:00","atum_locations":[],"atum_stock_status":"instock","restock_status":false,"low_stock_amount":"","sales_update_date":"2025-06-10T19:38:59","calc_backorders":null,"_links":{"self":[{"href":"https:\/\/sileu.com\/pt-pt\/wp-json\/wp\/v2\/product\/77774","targetHints":{"allow":["GET"]}}],"collection":[{"href":"https:\/\/sileu.com\/pt-pt\/wp-json\/wp\/v2\/product"}],"about":[{"href":"https:\/\/sileu.com\/pt-pt\/wp-json\/wp\/v2\/types\/product"}],"replies":[{"embeddable":true,"href":"https:\/\/sileu.com\/pt-pt\/wp-json\/wp\/v2\/comments?post=77774"}],"wp:featuredmedia":[{"embeddable":true,"href":"https:\/\/sileu.com\/pt-pt\/wp-json\/wp\/v2\/media\/81507"}],"wp:attachment":[{"href":"https:\/\/sileu.com\/pt-pt\/wp-json\/wp\/v2\/media?parent=77774"}],"wp:term":[{"taxonomy":"product_brand","embeddable":true,"href":"https:\/\/sileu.com\/pt-pt\/wp-json\/wp\/v2\/product_brand?post=77774"},{"taxonomy":"product_cat","embeddable":true,"href":"https:\/\/sileu.com\/pt-pt\/wp-json\/wp\/v2\/product_cat?post=77774"},{"taxonomy":"product_tag","embeddable":true,"href":"https:\/\/sileu.com\/pt-pt\/wp-json\/wp\/v2\/product_tag?post=77774"}],"curies":[{"name":"wp","href":"https:\/\/api.w.org\/{rel}","templated":true}]}}