{"id":77838,"date":"2019-03-21T09:31:50","date_gmt":"2019-03-21T09:31:50","guid":{"rendered":"https:\/\/sileu.com\/cup\/pack-diario-sileu-passion-sweet-copa-menstrual-rose-modelo-iniciacion-para-principiantes-y-adolescentes-alternativa-ecologica-natural-a-tampones-y-compresas-estuche-en-forma-de-flor\/"},"modified":"2020-09-03T12:50:27","modified_gmt":"2020-09-03T12:50:27","slug":"pack-diario-sileu-passion-sweet-copa-menstrual-rose-modelo-iniciacion-para-principiantes-y-adolescentes-alternativa-ecologica-natural-a-tampones-y-compresas-estuche-en-forma-de-flor","status":"publish","type":"product","link":"https:\/\/sileu.com\/pt-pt\/cup\/pack-diario-sileu-passion-sweet-copa-menstrual-rose-modelo-iniciacion-para-principiantes-y-adolescentes-alternativa-ecologica-natural-a-tampones-y-compresas-estuche-en-forma-de-flor\/","title":{"rendered":"Sileu Go: copo menstrual Sileu Rose + estojo em forma de flor de 8 cm"},"content":{"rendered":"<p><strong>QUE TAMANHO ESCOLHER?<\/strong><\/p>\n<ul>\n<li><strong>Tamanho S:<\/strong> Mulheres que n\u00e3o deram \u00e0 luz por parto natural.<\/li>\n<li><strong>Tamanho L:<\/strong> Mulheres que deram \u00e0 luz por parto normal.<\/li>\n<\/ul>\n<p><strong>QUE FLEXIBILIDADE ESCOLHER?<\/strong><\/p>\n<ul>\n<li><strong>O copo menstrual Sileu Rose Sport tem flexibilidade de 2.<\/strong> \u00c9 menos flex\u00edvel que os outros modelos, para se adaptar perfeitamente \u00e0s paredes vaginais e evitar vazamentos, principalmente nas mulheres que praticam exerc\u00edcios f\u00edsicos com frequ\u00eancia e esportes como o Pilates , ioga, dan\u00e7a, passeios a cavalo, etc. Tamb\u00e9m \u00e9 recomendado para mulheres com assoalho p\u00e9lvico forte e exercitado (por exemplo, que praticam exerc\u00edcios de Kegel) e para atletas e atletas de competi\u00e7\u00e3o.<\/li>\n<li><strong>O copo menstrual Sileu Rose Standard tem flexibilidade de 5.<\/strong> Isso o torna ideal como modelo inicial ou se voc\u00ea n\u00e3o tiver certeza de qual flexibilidade escolher no in\u00edcio experimentar. Este \u00e9 o nosso modelo estrela mais popular e a escolha mais frequente entre as mulheres que utilizam o nosso copo menstrual, dado que, devido ao seu design, \u00e9 muito f\u00e1cil de colocar e abrir correctamente.<\/li>\n<li><strong>O copo menstrual Sileu Rose Soft tem uma flexibilidade de 9.<\/strong> \u00c9 nosso copo menstrual mais macio e flex\u00edvel e \u00e9 recomendado para mulheres com assoalho p\u00e9lvico fraco, pouco exercitado e sens\u00edvel, como mulheres que deram \u00e0 luz recentemente e novamente eles come\u00e7am a ter per\u00edodos ou mulheres que freq\u00fcentemente sofrem de infec\u00e7\u00f5es vaginais e \/ ou urin\u00e1rias, como cistite.<\/li>\n<\/ul>\n<p><em><strong>Se voc\u00ea tiver d\u00favidas sobre qual tamanho e flexibilidade seria mais adequado para voc\u00ea, entre em contato conosco, estamos aqui para ajud\u00e1-lo.<\/strong><\/em><\/p>\n<p><strong>SOBRE SILEU GO<\/strong><\/p>\n<p>Com a embalagem deste pacote di\u00e1rio Sileu Go voc\u00ea pode transportar seu copo menstrual Sileu Rose e seu esterilizador de forma confort\u00e1vel, discreta e elegante em sua bolsa, mochila, mala de viagem, no porta-luvas de seu carro ou para onde voc\u00ea for. voc\u00ea prefere. Se a menstrua\u00e7\u00e3o diminuir quando voc\u00ea n\u00e3o estiver em casa, voc\u00ea pode ir discretamente ao banheiro com o estojo Sileu na m\u00e3o ou na bolsa com total privacidade e sem que ningu\u00e9m veja o que voc\u00ea veste.<\/p>\n<p>Todos os nossos copos menstruais s\u00e3o fabricados com <strong>silicone de grau m\u00e9dico alem\u00e3o com certifica\u00e7\u00e3o ISO 10993<\/strong>, bem como nosso corante vermelho, que \u00e9 org\u00e2nico e tamb\u00e9m com certifica\u00e7\u00e3o ISO 10993. A cor transparente em nossos copos n\u00e3o cont\u00e9m nenhum pigmento.<\/p>\n<p>Cada copo menstrual vem em uma bolsa lacrada para garantir sua higiene total. Essa sacola \u00e9 feita com<strong> PLA,<\/strong> um material n\u00e3o pl\u00e1stico e biodegrad\u00e1vel que contribui com o meio ambiente por ser <strong>#zero pl\u00e1stico e #zero lixo.<\/strong><\/p>\n<p>Inclu\u00edmos uma <strong>sacola de algod\u00e3o org\u00e2nico com certifica\u00e7\u00e3o GOTS<\/strong> como presente em todos os nossos \u00f3culos, para que voc\u00ea possa guard\u00e1-la quando n\u00e3o estiver usando.<\/p>\n<p><strong>A mala mede 8 cm de di\u00e2metro e foi especialmente desenhada para guardar o copo menstrual,<\/strong> desta forma ficar\u00e1 protegida de p\u00f3, fiapos e sujidade, bem como de ser riscada ou danificada por outros objectos que transportamos, estar\u00e1 sempre pronta a ser utilizada quando \u00e9 preciso. \u00c9 feito de espuma r\u00edgida e resistente. Al\u00e9m disso, incorpora no interior uma rede para prender o vidro e evitar que se mova ou caia ao abrir a caixa.<\/p>\n<p>Com este pr\u00e1tico pack, n\u00e3o aborre\u00e7a mais quando a sua menstrua\u00e7\u00e3o cai repentinamente, ter\u00e1 sempre o seu copo menstrual Sileu pronto para usar a qualquer hora e em qualquer lugar!<\/p>\n<p><strong>QUE VOU RECEBER?<\/strong><\/p>\n<p>O pacote inclui o copo menstrual do tamanho e cor escolhidos selado em um saco PLA biodegrad\u00e1vel, um saco de algod\u00e3o org\u00e2nico certificado GOTS para armazenamento, um manual de instru\u00e7\u00f5es multil\u00edngue (espanhol, ingl\u00eas, franc\u00eas, alem\u00e3o, italiano, russo e portugu\u00eas ) que inclui imagens \u00fateis e dicas para colocar e tirar, uma caixa em forma de flor de 8 cm de di\u00e2metro na cor escolhida e uma caixa de papel\u00e3o.<\/p>\n","protected":false},"excerpt":{"rendered":"<p>QUE TAMANHO ESCOLHER? Tamanho S: Mulheres que n\u00e3o deram \u00e0 luz por parto natural. Tamanho L: Mulheres que deram \u00e0 luz por parto normal. QUE FLEXIBILIDADE ESCOLHER? O copo menstrual Sileu Rose Sport tem flexibilidade de 2. \u00c9 menos flex\u00edvel que os outros modelos, para se adaptar perfeitamente \u00e0s paredes vaginais e evitar vazamentos, principalmente [&hellip;]<\/p>\n","protected":false},"featured_media":81699,"comment_status":"open","ping_status":"closed","template":"","meta":[],"product_brand":[],"product_cat":[2504],"product_tag":[],"class_list":{"0":"post-77838","1":"product","2":"type-product","3":"status-publish","4":"has-post-thumbnail","6":"product_cat-packs-sileu-pt-pt","8":"first","9":"instock","10":"featured","11":"taxable","12":"shipping-taxable","13":"product-type-variable"},"supplier_id":null,"supplier_sku":"","barcode":null,"atum_controlled":true,"out_stock_date":null,"out_stock_threshold":null,"inheritable":false,"inbound_stock":0,"stock_on_hold":2,"sold_today":0,"sales_last_days":0,"reserved_stock":0,"customer_returns":0,"warehouse_damage":0,"lost_in_post":0,"other_logs":0,"out_stock_days":null,"lost_sales":0,"has_location":false,"update_date":"2026-03-31T13:40:00","atum_locations":[],"atum_stock_status":"instock","restock_status":false,"low_stock_amount":"","sales_update_date":"2025-06-10T19:39:13","calc_backorders":null,"_links":{"self":[{"href":"https:\/\/sileu.com\/pt-pt\/wp-json\/wp\/v2\/product\/77838","targetHints":{"allow":["GET"]}}],"collection":[{"href":"https:\/\/sileu.com\/pt-pt\/wp-json\/wp\/v2\/product"}],"about":[{"href":"https:\/\/sileu.com\/pt-pt\/wp-json\/wp\/v2\/types\/product"}],"replies":[{"embeddable":true,"href":"https:\/\/sileu.com\/pt-pt\/wp-json\/wp\/v2\/comments?post=77838"}],"wp:featuredmedia":[{"embeddable":true,"href":"https:\/\/sileu.com\/pt-pt\/wp-json\/wp\/v2\/media\/81699"}],"wp:attachment":[{"href":"https:\/\/sileu.com\/pt-pt\/wp-json\/wp\/v2\/media?parent=77838"}],"wp:term":[{"taxonomy":"product_brand","embeddable":true,"href":"https:\/\/sileu.com\/pt-pt\/wp-json\/wp\/v2\/product_brand?post=77838"},{"taxonomy":"product_cat","embeddable":true,"href":"https:\/\/sileu.com\/pt-pt\/wp-json\/wp\/v2\/product_cat?post=77838"},{"taxonomy":"product_tag","embeddable":true,"href":"https:\/\/sileu.com\/pt-pt\/wp-json\/wp\/v2\/product_tag?post=77838"}],"curies":[{"name":"wp","href":"https:\/\/api.w.org\/{rel}","templated":true}]}}