{"id":9420,"date":"2016-07-01T17:00:44","date_gmt":"2019-05-15T17:13:30","guid":{"rendered":"https:\/\/sileu.com\/?post_type=product&#038;p=9420"},"modified":"2020-04-07T18:07:13","modified_gmt":"2020-04-07T18:07:13","slug":"copo-menstrual-sileucup-classic","status":"publish","type":"product","link":"https:\/\/sileu.com\/pt-pt\/cup\/copo-menstrual-sileucup-classic\/","title":{"rendered":"Copo menstrual Sileucup Classic"},"content":{"rendered":"<p>O copo menstrual \u00e9 um recipiente fabricado em silicone cir\u00fargico que \u00e9 inserido no interior da vagina (como um tamp\u00e3o) durante a menstrua\u00e7\u00e3o, adaptando-se \u00e0s paredes vaginais de cada mulher, a qualquer momento, sem ter que se preocupar em remov\u00ea-lo. O copo recolhe o fluxo menstrual no seu interior, podendo estar at\u00e9 12 horas no interior da vagina sem se preocupar. \u00c9 mais econ\u00f3mico utiliz\u00e1-lo em rela\u00e7\u00e3o a outros produtos descart\u00e1veis, dado que com uma manuten\u00e7\u00e3o adequada pode durar at\u00e9 10 anos e, o seu custo \u00e9 amortizado em dois meses. Quando o ciclo acaba, apenas deve esteriliz\u00e1-lo com \u00e1gua a ferver num esterilizador de copos menstruais ou numa panela e guard\u00e1-lo na bolsa at\u00e9 \u00e1 pr\u00f3xima menstrua\u00e7\u00e3o.<\/p>\n<p>Os nossos copos menstruais s\u00e3o feitos de silicone de grau m\u00e9dico (TPE), para que todas as mulheres possam utiliz\u00e1-lo, incluindo as que t\u00eam algum tipo de alergia, uma vez que os nossos copos s\u00e3o 100% hipoalerg\u00e9nicos. Agentes de branqueamento, como o cloro, n\u00e3o s\u00e3o utilizados no processo de fabrica\u00e7\u00e3o. Nenhuma bact\u00e9ria pode permanecer na superf\u00edcie totalmente lisa e n\u00e3o absorve nenhum l\u00edquido, pelo que n\u00e3o ocorrem altera\u00e7\u00f5es no ambiente vaginal natural. Ao ser de silicone m\u00e9dico, n\u00e3o magoa nem seca as paredes vaginais e muito menos deixa restos de fibras (ao contr\u00e1rio dos tamp\u00f5es e pensos higi\u00e9nicos).<\/p>\n<p>\u00c9 compat\u00edvel com a utiliza\u00e7\u00e3o do DIU e com o anel contraceptivo. A utiliza\u00e7\u00e3o do copo menstrual n\u00e3o est\u00e1 associada a nenhum caso conhecido de S\u00edndrome de Choque T\u00f3xico (SCT). O nosso silicone \u00e9 ecol\u00f3gico. A sua utiliza\u00e7\u00e3o evita o uso de pensos higi\u00e9nicos e tamp\u00f5es, altamente poluentes para o meio ambiente, uma vez que na fabrica\u00e7\u00e3o destes produtos s\u00e3o utilizados diversos produtos qu\u00edmicos como branqueadores industriais e, al\u00e9m disto, levam muitos anos a degradar-se.<\/p>\n<p>CARACTER\u00cdSTICAS<\/p>\n<p>O copo menstrual Sileu Classic tem uma flexibilidade de 5. Adapta-se perfeitamente \u00e0s paredes vaginais sem se deslocar e sem o risco de fugas. Tamb\u00e9m temos dispon\u00edvel o modelo Soft (flexibilidade 8) e o modelo Sport (flexibilidade 1). Sileu indica o grau de flexibilidade numa escala de 0 a 10, sendo mais duro o valor mais pequeno. ESCOLHA O MAIS CONVENIENTE PARA SI!<\/p>\n<p>Fabricado em silicone cir\u00fargico, 100% hipoalerg\u00e9nico, o material mais seguro e biocompat\u00edvel que pode entrar em contato com o nosso corpo, dado que n\u00e3o causar\u00e1 nenhum tipo de rea\u00e7\u00e3o (como uma alergia ou inflama\u00e7\u00e3o). Adapta-se perfeitamente \u00e0 anatomia de cada mulher e assegura-lhe 12 horas de prote\u00e7\u00e3o sem necessitar de limp\u00e1-lo constantemente.<\/p>\n<p>\u00c9 a alternativa mais econ\u00f3mica em rela\u00e7\u00e3o \u00e0 utiliza\u00e7\u00e3o de outros produtos descart\u00e1veis, pois a sua resist\u00eancia permite utiliz\u00e1-lo durante 10 anos aproximadamente. O custo \u00e9 amortizado em 2 meses.<\/p>\n<p>Agentes de branqueamento como o cloro, que geram dioxinas que contaminam a \u00e1gua, o ar, a terra e que se localizam facilmente nas nossas c\u00e9lulas adiposas, n\u00e3o s\u00e3o utilizados na sua fabrica\u00e7\u00e3o. Gra\u00e7as ao seu tempo de vida \u00fatil, geram menos res\u00edduos que os tamp\u00f5es e pensos higi\u00e9nicos.<\/p>\n<p>Compat\u00edvel com o anel contraceptivo e com o DIU.<\/p>\n","protected":false},"excerpt":{"rendered":"<p>O copo menstrual \u00e9 um recipiente fabricado em silicone cir\u00fargico que \u00e9 inserido no interior da vagina (como um tamp\u00e3o) durante a menstrua\u00e7\u00e3o, adaptando-se \u00e0s paredes vaginais de cada mulher, a qualquer momento, sem ter que se preocupar em remov\u00ea-lo. O copo recolhe o fluxo menstrual no seu interior, podendo estar at\u00e9 12 horas no [&hellip;]<\/p>\n","protected":false},"featured_media":81046,"comment_status":"open","ping_status":"closed","template":"","meta":[],"product_brand":[],"product_cat":[50954],"product_tag":[],"class_list":{"0":"post-9420","1":"product","2":"type-product","3":"status-publish","4":"has-post-thumbnail","6":"product_cat-sileu-cup","8":"first","9":"instock","10":"sale","11":"taxable","12":"shipping-taxable","13":"purchasable","14":"product-type-variable"},"supplier_id":null,"supplier_sku":"","barcode":null,"atum_controlled":true,"out_stock_date":null,"out_stock_threshold":null,"inheritable":false,"inbound_stock":null,"stock_on_hold":4,"sold_today":0,"sales_last_days":0,"reserved_stock":null,"customer_returns":null,"warehouse_damage":null,"lost_in_post":null,"other_logs":null,"out_stock_days":null,"lost_sales":0,"has_location":null,"update_date":"2026-04-06T10:00:44","atum_locations":[],"atum_stock_status":"instock","restock_status":false,"low_stock_amount":"","sales_update_date":null,"calc_backorders":null,"_links":{"self":[{"href":"https:\/\/sileu.com\/pt-pt\/wp-json\/wp\/v2\/product\/9420","targetHints":{"allow":["GET"]}}],"collection":[{"href":"https:\/\/sileu.com\/pt-pt\/wp-json\/wp\/v2\/product"}],"about":[{"href":"https:\/\/sileu.com\/pt-pt\/wp-json\/wp\/v2\/types\/product"}],"replies":[{"embeddable":true,"href":"https:\/\/sileu.com\/pt-pt\/wp-json\/wp\/v2\/comments?post=9420"}],"wp:featuredmedia":[{"embeddable":true,"href":"https:\/\/sileu.com\/pt-pt\/wp-json\/wp\/v2\/media\/81046"}],"wp:attachment":[{"href":"https:\/\/sileu.com\/pt-pt\/wp-json\/wp\/v2\/media?parent=9420"}],"wp:term":[{"taxonomy":"product_brand","embeddable":true,"href":"https:\/\/sileu.com\/pt-pt\/wp-json\/wp\/v2\/product_brand?post=9420"},{"taxonomy":"product_cat","embeddable":true,"href":"https:\/\/sileu.com\/pt-pt\/wp-json\/wp\/v2\/product_cat?post=9420"},{"taxonomy":"product_tag","embeddable":true,"href":"https:\/\/sileu.com\/pt-pt\/wp-json\/wp\/v2\/product_tag?post=9420"}],"curies":[{"name":"wp","href":"https:\/\/api.w.org\/{rel}","templated":true}]}}