{"id":9423,"date":"2016-07-05T16:27:13","date_gmt":"2019-05-15T17:16:27","guid":{"rendered":"https:\/\/sileu.com\/?post_type=product&#038;p=9423"},"modified":"2024-10-19T17:18:03","modified_gmt":"2024-10-19T17:18:03","slug":"esterilizador-de-silicone-sileuclean-dobravel-com-tampa-para-copo-menstrual-sileu","status":"publish","type":"product","link":"https:\/\/sileu.com\/pt-pt\/cup\/esterilizador-de-silicone-sileuclean-dobravel-com-tampa-para-copo-menstrual-sileu\/","title":{"rendered":"Esterilizador de silicone SileuClean, Dobr\u00e1vel com Tampa, para Copo Menstrual Sileu"},"content":{"rendered":"<p>Com o esterilizador dobr\u00e1vel com tampa, para copos menstruais, poder\u00e1 facilmente e confortavelmente ferver o seu copo menstrual no micro-ondas sem necessidade de utilizar os seus recipientes de cozinha nem pastilhas esterilizadoras. \u00c9 fabricado em silicone de grau alimentar, 100% livre de qualquer tipo de qu\u00edmicos nocivos para a sa\u00fade. Gra\u00e7as ao seu design dobr\u00e1vel ocupa muito pouco espa\u00e7o, pelo que \u00e9 muito c\u00f3modo e pr\u00e1tico: Poder\u00e1 transport\u00e1-lo discretamente em qualquer lugar da sua mala, no necessaire, mochila, etc. Tamb\u00e9m pode utiliz\u00e1-lo para guardar o seu copo menstrual quando n\u00e3o esteja a us\u00e1-lo ou para guardar o seu segundo copo (sobresselente).<\/p>\n<p>Para esterilizar o seu copo menstrual, basta retir\u00e1-lo cuidadosamente, vaz\u00e1-lo e limp\u00e1-lo. \u00a0Insira o copo menstrual no esterilizador e encha-o com \u00e1gua. Coloque-o no micro-ondas (sem tampa) e programe a temperatura para que a \u00e1gua ferva durante 2 a 3 minutos. Mediante este processo simples, o seu copo menstrual ficar\u00e1 impec\u00e1vel de forma r\u00e1pida e eficaz, sem necessitar de utilizar os seus recipientes de cozinha.<\/p>\n<p>Tamb\u00e9m pode ser utilizado para esterilizar o copo menstrual Sileu com pastilhas esterilizadoras.<\/p>\n<p>Caracter\u00edsticas:<\/p>\n<p>Esteriliza f\u00e1cil e rapidamente o seu copo menstrual em 3 minutos no micro-ondas, sem ter que utilizar recipientes de cozinha.<\/p>\n<p>O seu design compacto e dobr\u00e1vel permite guard\u00e1-lo sem ocupar muito espa\u00e7o, assim como transport\u00e1-lo para todo o lado comodamente<\/p>\n<p>Fabricado em silicone de grau m\u00e9dico, 100% livre de componentes t\u00f3xicos para a sa\u00fade.<\/p>\n<p>Reutiliz\u00e1vel e ecol\u00f3gico; economizar\u00e1 dinheiro enquanto ajuda o meio ambiente.<\/p>\n<p>O seu design com a tampa inclu\u00edda, permite-lhe guardar o copo menstrual quando n\u00e3o est\u00e1 a utiliz\u00e1-lo.<\/p>\n","protected":false},"excerpt":{"rendered":"<p>Com o esterilizador dobr\u00e1vel com tampa, para copos menstruais, poder\u00e1 facilmente e confortavelmente ferver o seu copo menstrual no micro-ondas sem necessidade de utilizar os seus recipientes de cozinha nem pastilhas esterilizadoras. \u00c9 fabricado em silicone de grau alimentar, 100% livre de qualquer tipo de qu\u00edmicos nocivos para a sa\u00fade. Gra\u00e7as ao seu design dobr\u00e1vel [&hellip;]<\/p>\n","protected":false},"featured_media":78213,"comment_status":"open","ping_status":"closed","template":"","meta":[],"product_brand":[],"product_cat":[50966,50965,50969,50964,50968,50967,60],"product_tag":[],"class_list":{"0":"post-9423","1":"product","2":"type-product","3":"status-publish","4":"has-post-thumbnail","6":"product_cat-sileu-clean","14":"first","15":"instock","16":"sale","17":"taxable","18":"shipping-taxable","19":"purchasable","20":"product-type-variable"},"supplier_id":null,"supplier_sku":"","barcode":null,"atum_controlled":true,"out_stock_date":null,"out_stock_threshold":null,"inheritable":false,"inbound_stock":null,"stock_on_hold":12,"sold_today":0,"sales_last_days":0,"reserved_stock":null,"customer_returns":null,"warehouse_damage":null,"lost_in_post":null,"other_logs":null,"out_stock_days":null,"lost_sales":0,"has_location":null,"update_date":"2026-02-19T11:09:33","atum_locations":[],"atum_stock_status":"instock","restock_status":false,"low_stock_amount":"","sales_update_date":null,"calc_backorders":null,"_links":{"self":[{"href":"https:\/\/sileu.com\/pt-pt\/wp-json\/wp\/v2\/product\/9423","targetHints":{"allow":["GET"]}}],"collection":[{"href":"https:\/\/sileu.com\/pt-pt\/wp-json\/wp\/v2\/product"}],"about":[{"href":"https:\/\/sileu.com\/pt-pt\/wp-json\/wp\/v2\/types\/product"}],"replies":[{"embeddable":true,"href":"https:\/\/sileu.com\/pt-pt\/wp-json\/wp\/v2\/comments?post=9423"}],"wp:featuredmedia":[{"embeddable":true,"href":"https:\/\/sileu.com\/pt-pt\/wp-json\/wp\/v2\/media\/78213"}],"wp:attachment":[{"href":"https:\/\/sileu.com\/pt-pt\/wp-json\/wp\/v2\/media?parent=9423"}],"wp:term":[{"taxonomy":"product_brand","embeddable":true,"href":"https:\/\/sileu.com\/pt-pt\/wp-json\/wp\/v2\/product_brand?post=9423"},{"taxonomy":"product_cat","embeddable":true,"href":"https:\/\/sileu.com\/pt-pt\/wp-json\/wp\/v2\/product_cat?post=9423"},{"taxonomy":"product_tag","embeddable":true,"href":"https:\/\/sileu.com\/pt-pt\/wp-json\/wp\/v2\/product_tag?post=9423"}],"curies":[{"name":"wp","href":"https:\/\/api.w.org\/{rel}","templated":true}]}}