{"id":9424,"date":"2016-11-22T18:34:05","date_gmt":"2016-11-22T18:34:05","guid":{"rendered":"https:\/\/sileu.com\/?post_type=product&#038;p=9424"},"modified":"2020-04-14T12:53:21","modified_gmt":"2020-04-14T12:53:21","slug":"pastilhas-esterilizadoras-para-copo-menstrual-sileu","status":"publish","type":"product","link":"https:\/\/sileu.com\/pt-pt\/cup\/pastilhas-esterilizadoras-para-copo-menstrual-sileu\/","title":{"rendered":"Pastilhas Esterilizadoras para Copo Menstrual Sileu"},"content":{"rendered":"<p>Milton \u00e9 um\/a comprimido\/pastilha esterilizador\/a que permite esterilizar o seu copo menstrual Sileu em \u00e1gua fria em apenas 15 minutos, produzindo o mesmo efeito da fervura. N\u00e3o necessita de enxaguar o copo ap\u00f3s a esteriliza\u00e7\u00e3o. Milton est\u00e1 preparado para eliminar 99,9% dos germes (bact\u00e9rias, fungos e v\u00edrus) e a sua solu\u00e7\u00e3o permanece est\u00e9ril durante 24 horas, pelo que pode reutilizar durante todo esse tempo. Adequado\/a para desinfectar artigos de beb\u00e9 tais como biberons, tetinas, chuchas, mordedores e o seu copo menstrual.<\/p>\n<p>Como utilizar Milton no seu copo menstrual?<\/p>\n<p>Limpe o copo como costuma fazer habitualmente&#8230; Dissolva uma pastilha Milton em cerca de 100 ml de \u00e1gua fria, para isso pode utilizar os nossos esterilizadores de silicone dobr\u00e1veis, pois s\u00e3o ideais para este efeito. Submerja completamente o copo menstrual dentro da solu\u00e7\u00e3o de esteriliza\u00e7\u00e3o, evitando deixar alguma parte fora da solu\u00e7\u00e3o. Ap\u00f3s 15 minutos, lave primeiro as m\u00e3os, retire o copo menstrual da solu\u00e7\u00e3o. Deixe secar, e est\u00e1 pronto para utilizar.<\/p>\n<p>Benef\u00edcios de esterilizar o copo menstrual Sileu com Milton:<\/p>\n<p>\u2013 Evita o risco de queimar o copo menstrual ao ferv\u00ea-lo, por qualquer descuido, calcular mal o tempo, etc.<\/p>\n<p>\u2013 O copo recuperar\u00e1 em grande parte a sua cor original, uma vez que normalmente adquirem um tom avermelhado devido \u00e0 sua utiliza\u00e7\u00e3o.<\/p>\n<p>\u2013 \u00c9 ideal para quando viaja ou acampa, ou simplesmente quando esteja fora de casa ou a trabalhar, pois oferece maior flexibilidade e a possibilidade de esteriliz\u00e1-lo sempre que quiser.<\/p>\n<p>\u2013 Pode deixar o copo dentro da solu\u00e7\u00e3o at\u00e9 24 horas, permanecer\u00e1 perfeitamente esterilizado durante esse tempo.<\/p>\n<p>Tempo de elimina\u00e7\u00e3o de pat\u00f3genos:<\/p>\n<p>1 minuto: bactericida EN104, Listeria monocytogenes, Salmonela, Campylobacter.<\/p>\n<p>5 minutos: bactericida EN1276.<\/p>\n<p>15 minutos: Virucida NFT72-180.<\/p>\n","protected":false},"excerpt":{"rendered":"<p>Milton \u00e9 um\/a comprimido\/pastilha esterilizador\/a que permite esterilizar o seu copo menstrual Sileu em \u00e1gua fria em apenas 15 minutos, produzindo o mesmo efeito da fervura. N\u00e3o necessita de enxaguar o copo ap\u00f3s a esteriliza\u00e7\u00e3o. Milton est\u00e1 preparado para eliminar 99,9% dos germes (bact\u00e9rias, fungos e v\u00edrus) e a sua solu\u00e7\u00e3o permanece est\u00e9ril durante 24 [&hellip;]<\/p>\n","protected":false},"featured_media":11372,"comment_status":"open","ping_status":"closed","template":"","meta":[],"product_brand":[],"product_cat":[50968],"product_tag":[],"class_list":{"0":"post-9424","1":"product","2":"type-product","3":"status-publish","4":"has-post-thumbnail","6":"product_cat-sileu-clean","8":"first","9":"instock","10":"sale","11":"taxable","12":"shipping-taxable","13":"purchasable","14":"product-type-variable"},"supplier_id":null,"supplier_sku":"","barcode":null,"atum_controlled":true,"out_stock_date":null,"out_stock_threshold":null,"inheritable":true,"inbound_stock":0,"stock_on_hold":2,"sold_today":0,"sales_last_days":0,"reserved_stock":0,"customer_returns":0,"warehouse_damage":0,"lost_in_post":0,"other_logs":0,"out_stock_days":null,"lost_sales":0,"has_location":false,"update_date":"2026-04-13T07:36:41","atum_locations":[],"atum_stock_status":"instock","restock_status":false,"low_stock_amount":"","sales_update_date":"2025-06-10T19:39:31","calc_backorders":null,"_links":{"self":[{"href":"https:\/\/sileu.com\/pt-pt\/wp-json\/wp\/v2\/product\/9424","targetHints":{"allow":["GET"]}}],"collection":[{"href":"https:\/\/sileu.com\/pt-pt\/wp-json\/wp\/v2\/product"}],"about":[{"href":"https:\/\/sileu.com\/pt-pt\/wp-json\/wp\/v2\/types\/product"}],"replies":[{"embeddable":true,"href":"https:\/\/sileu.com\/pt-pt\/wp-json\/wp\/v2\/comments?post=9424"}],"wp:featuredmedia":[{"embeddable":true,"href":"https:\/\/sileu.com\/pt-pt\/wp-json\/wp\/v2\/media\/11372"}],"wp:attachment":[{"href":"https:\/\/sileu.com\/pt-pt\/wp-json\/wp\/v2\/media?parent=9424"}],"wp:term":[{"taxonomy":"product_brand","embeddable":true,"href":"https:\/\/sileu.com\/pt-pt\/wp-json\/wp\/v2\/product_brand?post=9424"},{"taxonomy":"product_cat","embeddable":true,"href":"https:\/\/sileu.com\/pt-pt\/wp-json\/wp\/v2\/product_cat?post=9424"},{"taxonomy":"product_tag","embeddable":true,"href":"https:\/\/sileu.com\/pt-pt\/wp-json\/wp\/v2\/product_tag?post=9424"}],"curies":[{"name":"wp","href":"https:\/\/api.w.org\/{rel}","templated":true}]}}